{"id":1112,"date":"2025-10-10T19:54:11","date_gmt":"2025-10-11T00:54:11","guid":{"rendered":"https:\/\/lestrictminimum.com\/?page_id=1112"},"modified":"2025-10-10T20:14:12","modified_gmt":"2025-10-11T01:14:12","slug":"formation-desencombrement","status":"publish","type":"page","link":"https:\/\/lestrictminimum.com\/en\/formation-desencombrement\/","title":{"rendered":"Formation D\u00e9sencombrement"},"content":{"rendered":"<div data-elementor-type=\"wp-post\" data-elementor-id=\"1112\" class=\"elementor elementor-1112\">\n\t\t\t\t<div class=\"elementor-element elementor-element-f257bf1 e-flex e-con-boxed e-con e-parent\" data-id=\"f257bf1\" data-element_type=\"container\" data-e-type=\"container\">\n\t\t\t\t\t<div class=\"e-con-inner\">\n\t\t\t\t<div class=\"elementor-element elementor-element-c4ab8ca elementor-widget elementor-widget-heading\" data-id=\"c4ab8ca\" data-element_type=\"widget\" data-e-type=\"widget\" data-widget_type=\"heading.default\">\n\t\t\t\t<div class=\"elementor-widget-container\">\n\t\t\t\t\t<h1 class=\"elementor-heading-title elementor-size-default\"><img decoding=\"async\" role=\"img\" class=\"emoji\" alt=\"\ud83c\udf1f\" src=\"https:\/\/s.w.org\/images\/core\/emoji\/16.0.1\/svg\/1f31f.svg\"> Formation de d\u00e9sencombrement<\/h1>\t\t\t\t<\/div>\n\t\t\t\t<\/div>\n\t\t\t\t\t<\/div>\n\t\t\t\t<\/div>\n\t\t<div class=\"elementor-element elementor-element-94657f2 e-flex e-con-boxed e-con e-parent\" data-id=\"94657f2\" data-element_type=\"container\" data-e-type=\"container\">\n\t\t\t\t\t<div class=\"e-con-inner\">\n\t\t\t\t<div class=\"elementor-element elementor-element-f845297 elementor-widget elementor-widget-video\" data-id=\"f845297\" data-element_type=\"widget\" data-e-type=\"widget\" data-settings=\"{&quot;youtube_url&quot;:&quot;https:\\\/\\\/www.youtube.com\\\/watch?v=Dj3pTkXSNKY&quot;,&quot;autoplay&quot;:&quot;yes&quot;,&quot;play_on_mobile&quot;:&quot;yes&quot;,&quot;loop&quot;:&quot;yes&quot;,&quot;video_type&quot;:&quot;youtube&quot;,&quot;controls&quot;:&quot;yes&quot;}\" data-widget_type=\"video.default\">\n\t\t\t\t<div class=\"elementor-widget-container\">\n\t\t\t\t\t\t\t<div class=\"elementor-wrapper elementor-open-inline\">\n\t\t\t<div class=\"elementor-video\"><\/div>\t\t<\/div>\n\t\t\t\t\t\t<\/div>\n\t\t\t\t<\/div>\n\t\t\t\t\t<\/div>\n\t\t\t\t<\/div>\n\t\t<div class=\"elementor-element elementor-element-5282c8a e-flex e-con-boxed e-con e-parent\" data-id=\"5282c8a\" data-element_type=\"container\" data-e-type=\"container\">\n\t\t\t\t\t<div class=\"e-con-inner\">\n\t\t\t\t<div class=\"elementor-element elementor-element-0f1e95d elementor-widget elementor-widget-text-editor\" data-id=\"0f1e95d\" data-element_type=\"widget\" data-e-type=\"widget\" data-widget_type=\"text-editor.default\">\n\t\t\t\t<div class=\"elementor-widget-container\">\n\t\t\t\t\t\t\t\t\t<h4>Une formation compl\u00e8te pour simplifier ton quotidien et retrouver de la clart\u00e9, une pi\u00e8ce \u00e0 la fois.<\/h4>\t\t\t\t\t\t\t\t<\/div>\n\t\t\t\t<\/div>\n\t\t\t\t<div class=\"elementor-element elementor-element-5a65d61 elementor-tablet-align-center elementor-align-center elementor-widget-tablet__width-inherit elementor-widget elementor-widget-button\" data-id=\"5a65d61\" data-element_type=\"widget\" data-e-type=\"widget\" data-widget_type=\"button.default\">\n\t\t\t\t<div class=\"elementor-widget-container\">\n\t\t\t\t\t\t\t\t\t<div class=\"elementor-button-wrapper\">\n\t\t\t\t\t<a class=\"elementor-button elementor-button-link elementor-size-sm\" href=\"https:\/\/lestrictminimum.com\/en\/cart\/?add-to-cart=916\">\n\t\t\t\t\t\t<span class=\"elementor-button-content-wrapper\">\n\t\t\t\t\t\t\t\t\t<span class=\"elementor-button-text\">\u2728 Je commence mon d\u00e9sencombrement aujourd\u2019hui<\/span>\n\t\t\t\t\t<\/span>\n\t\t\t\t\t<\/a>\n\t\t\t\t<\/div>\n\t\t\t\t\t\t\t\t<\/div>\n\t\t\t\t<\/div>\n\t\t\t\t\t<\/div>\n\t\t\t\t<\/div>\n\t\t<div class=\"elementor-element elementor-element-1539724 e-flex e-con-boxed e-con e-parent\" data-id=\"1539724\" data-element_type=\"container\" data-e-type=\"container\">\n\t\t\t\t\t<div class=\"e-con-inner\">\n\t\t\t\t<div class=\"elementor-element elementor-element-893380d elementor-widget elementor-widget-heading\" data-id=\"893380d\" data-element_type=\"widget\" data-e-type=\"widget\" data-widget_type=\"heading.default\">\n\t\t\t\t<div class=\"elementor-widget-container\">\n\t\t\t\t\t<h2 class=\"elementor-heading-title elementor-size-default\">\ud83c\udf3c Pourquoi j\u2019ai cr\u00e9\u00e9 cette formation<\/h2>\t\t\t\t<\/div>\n\t\t\t\t<\/div>\n\t\t\t\t\t<\/div>\n\t\t\t\t<\/div>\n\t\t<div class=\"elementor-element elementor-element-9f4a14d e-flex e-con-boxed e-con e-parent\" data-id=\"9f4a14d\" data-element_type=\"container\" data-e-type=\"container\">\n\t\t\t\t\t<div class=\"e-con-inner\">\n\t\t\t\t<div class=\"elementor-element elementor-element-766a268 elementor-widget elementor-widget-text-editor\" data-id=\"766a268\" data-element_type=\"widget\" data-e-type=\"widget\" data-widget_type=\"text-editor.default\">\n\t\t\t\t<div class=\"elementor-widget-container\">\n\t\t\t\t\t\t\t\t\t<p>Je m\u2019appelle <strong data-start=\"1337\" data-end=\"1348\">Joannie<\/strong>, et pendant longtemps, j\u2019ai cru qu\u2019il fallait en faire toujours plus\u2026<br data-start=\"1418\" data-end=\"1421\" \/>Puis j\u2019ai compris que l\u2019abondance d\u2019objets me volait mon calme et ma pr\u00e9sence\u2026<br data-start=\"1505\" data-end=\"1508\" \/>Aujourd\u2019hui, je t\u2019accompagne avec douceur pour retrouver un espace apaisant. \ud83c\udf3f<\/p>\t\t\t\t\t\t\t\t<\/div>\n\t\t\t\t<\/div>\n\t\t\t\t\t<\/div>\n\t\t\t\t<\/div>\n\t\t<div class=\"elementor-element elementor-element-e29e0d7 e-flex e-con-boxed e-con e-parent\" data-id=\"e29e0d7\" data-element_type=\"container\" data-e-type=\"container\">\n\t\t\t\t\t<div class=\"e-con-inner\">\n\t\t\t\t<div class=\"elementor-element elementor-element-ecb1a4f elementor-widget elementor-widget-heading\" data-id=\"ecb1a4f\" data-element_type=\"widget\" data-e-type=\"widget\" data-widget_type=\"heading.default\">\n\t\t\t\t<div class=\"elementor-widget-container\">\n\t\t\t\t\t<h2 class=\"elementor-heading-title elementor-size-default\">\u2728 Ce que tu recevras<\/h2>\t\t\t\t<\/div>\n\t\t\t\t<\/div>\n\t\t\t\t\t<\/div>\n\t\t\t\t<\/div>\n\t\t<div class=\"elementor-element elementor-element-ce6ff44 e-flex e-con-boxed e-con e-parent\" data-id=\"ce6ff44\" data-element_type=\"container\" data-e-type=\"container\">\n\t\t\t\t\t<div class=\"e-con-inner\">\n\t\t\t\t<div class=\"elementor-element elementor-element-605933b elementor-widget elementor-widget-text-editor\" data-id=\"605933b\" data-element_type=\"widget\" data-e-type=\"widget\" data-widget_type=\"text-editor.default\">\n\t\t\t\t<div class=\"elementor-widget-container\">\n\t\t\t\t\t\t\t\t\t<p><img decoding=\"async\" class=\"emoji\" role=\"img\" draggable=\"false\" src=\"https:\/\/s.w.org\/images\/core\/emoji\/16.0.1\/svg\/1f4f9.svg\" alt=\"\ud83d\udcf9\" \/>\u00a0<strong>12 Vid\u00e9os Exclusifs<\/strong><br \/>Des guides \u00e9tape par \u00e9tape pour vous aider \u00e0 d\u00e9sencombrer chaque pi\u00e8ce de votre maison.<\/p><p><img decoding=\"async\" class=\"emoji\" role=\"img\" draggable=\"false\" src=\"https:\/\/s.w.org\/images\/core\/emoji\/16.0.1\/svg\/1f4da.svg\" alt=\"\ud83d\udcda\" \/>\u00a0<strong>Document Imprimable de 70 Pages<\/strong><br \/>Un tr\u00e9sor d\u2019outils pratiques pour vous accompagner tout au long de votre parcours de d\u00e9sencombrement.<\/p><p><img decoding=\"async\" class=\"emoji\" role=\"img\" draggable=\"false\" src=\"https:\/\/s.w.org\/images\/core\/emoji\/16.0.1\/svg\/1f3af.svg\" alt=\"\ud83c\udfaf\" \/>\u00a0<strong>Objectifs Personnalis\u00e9s<\/strong><br \/>\u00c9tablissez des objectifs qui vous correspondent pour un processus de d\u00e9sencombrement en douceur.<\/p><p><img decoding=\"async\" class=\"emoji\" role=\"img\" draggable=\"false\" src=\"https:\/\/s.w.org\/images\/core\/emoji\/16.0.1\/svg\/1f33f.svg\" alt=\"\ud83c\udf3f\" \/>\u00a0<strong>Vivez sans stress ni surcharge !<\/strong><br \/>Atteignez enfin la tranquillit\u00e9 dans votre espace de vie.<\/p><p><img decoding=\"async\" class=\"emoji\" role=\"img\" draggable=\"false\" src=\"https:\/\/s.w.org\/images\/core\/emoji\/16.0.1\/svg\/1f4dd.svg\" alt=\"\ud83d\udcdd\" \/>\u00a0<strong>Suppl\u00e9ments Optionnels<\/strong><br \/>Ajoutez des s\u00e9ances d\u2019accompagnement priv\u00e9 pour un soutien encore plus personnalis\u00e9.<br \/><br \/>IMPORTANT: Il n\u2019y a pas de groupe de motivation Facebook, cette partie de la formation a \u00e9t\u00e9 retir\u00e9 pour vous permettre d\u2019acheter la formation \u00e0 un plus petit prix.<\/p>\t\t\t\t\t\t\t\t<\/div>\n\t\t\t\t<\/div>\n\t\t\t\t\t<\/div>\n\t\t\t\t<\/div>\n\t\t<div class=\"elementor-element elementor-element-d27ca90 e-flex e-con-boxed e-con e-parent\" data-id=\"d27ca90\" data-element_type=\"container\" data-e-type=\"container\">\n\t\t\t\t\t<div class=\"e-con-inner\">\n\t\t\t\t<div class=\"elementor-element elementor-element-81de143 elementor-widget elementor-widget-heading\" data-id=\"81de143\" data-element_type=\"widget\" data-e-type=\"widget\" data-widget_type=\"heading.default\">\n\t\t\t\t<div class=\"elementor-widget-container\">\n\t\t\t\t\t<h2 class=\"elementor-heading-title elementor-size-default\">\ud83c\udf38 Les bienfaits que tu ressentiras<\/h2>\t\t\t\t<\/div>\n\t\t\t\t<\/div>\n\t\t\t\t\t<\/div>\n\t\t\t\t<\/div>\n\t\t<div class=\"elementor-element elementor-element-8a6e6d9 e-flex e-con-boxed e-con e-parent\" data-id=\"8a6e6d9\" data-element_type=\"container\" data-e-type=\"container\">\n\t\t\t\t\t<div class=\"e-con-inner\">\n\t\t\t\t<div class=\"elementor-element elementor-element-9764898 elementor-widget elementor-widget-text-editor\" data-id=\"9764898\" data-element_type=\"widget\" data-e-type=\"widget\" data-widget_type=\"text-editor.default\">\n\t\t\t\t<div class=\"elementor-widget-container\">\n\t\t\t\t\t\t\t\t\t<p data-start=\"2157\" data-end=\"2192\">\u2705 Maison plus l\u00e9g\u00e8re et organis\u00e9e<br \/>\u2705 Moins de stress et plus de clart\u00e9 d\u2019esprit<br \/>\u2705 Temps retrouv\u00e9 pour ce qui compte vraiment<br \/>\u2705 Relation plus saine avec les objets<\/p>\t\t\t\t\t\t\t\t<\/div>\n\t\t\t\t<\/div>\n\t\t\t\t\t<\/div>\n\t\t\t\t<\/div>\n\t\t<div class=\"elementor-element elementor-element-03a3447 e-flex e-con-boxed e-con e-parent\" data-id=\"03a3447\" data-element_type=\"container\" data-e-type=\"container\">\n\t\t\t\t\t<div class=\"e-con-inner\">\n\t\t\t\t<div class=\"elementor-element elementor-element-adab5f0 elementor-widget elementor-widget-heading\" data-id=\"adab5f0\" data-element_type=\"widget\" data-e-type=\"widget\" data-widget_type=\"heading.default\">\n\t\t\t\t<div class=\"elementor-widget-container\">\n\t\t\t\t\t<h2 class=\"elementor-heading-title elementor-size-default\">\ud83c\udf37 En conclusion<\/h2>\t\t\t\t<\/div>\n\t\t\t\t<\/div>\n\t\t\t\t\t<\/div>\n\t\t\t\t<\/div>\n\t\t<div class=\"elementor-element elementor-element-fb85d95 e-flex e-con-boxed e-con e-parent\" data-id=\"fb85d95\" data-element_type=\"container\" data-e-type=\"container\">\n\t\t\t\t\t<div class=\"e-con-inner\">\n\t\t\t\t<div class=\"elementor-element elementor-element-297b1cb elementor-widget elementor-widget-text-editor\" data-id=\"297b1cb\" data-element_type=\"widget\" data-e-type=\"widget\" data-widget_type=\"text-editor.default\">\n\t\t\t\t<div class=\"elementor-widget-container\">\n\t\t\t\t\t\t\t\t\t<p data-start=\"340\" data-end=\"442\">Imagine-toi dans une maison o\u00f9 chaque objet a sa place, o\u00f9 chaque pi\u00e8ce t\u2019apporte calme et s\u00e9r\u00e9nit\u00e9.<\/p><p data-start=\"449\" data-end=\"547\">Ce n\u2019est pas un r\u00eave : c\u2019est ce que cette formation t\u2019aide \u00e0 cr\u00e9er, <strong data-start=\"517\" data-end=\"544\">pas \u00e0 pas, \u00e0 ton rythme<\/strong>.<\/p><p data-start=\"554\" data-end=\"666\">Tu n\u2019as pas besoin d\u2019en faire plus, juste d\u2019en faire moins, et la transformation commence <strong data-start=\"645\" data-end=\"660\">aujourd\u2019hui<\/strong>. \ud83c\udf3f<\/p>\t\t\t\t\t\t\t\t<\/div>\n\t\t\t\t<\/div>\n\t\t\t\t\t<\/div>\n\t\t\t\t<\/div>\n\t\t<div class=\"elementor-element elementor-element-0174441 e-flex e-con-boxed e-con e-parent\" data-id=\"0174441\" data-element_type=\"container\" data-e-type=\"container\">\n\t\t\t\t\t<div class=\"e-con-inner\">\n\t\t\t\t<div class=\"elementor-element elementor-element-211668a elementor-align-center elementor-tablet-align-center elementor-widget elementor-widget-button\" data-id=\"211668a\" data-element_type=\"widget\" data-e-type=\"widget\" data-widget_type=\"button.default\">\n\t\t\t\t<div class=\"elementor-widget-container\">\n\t\t\t\t\t\t\t\t\t<div class=\"elementor-button-wrapper\">\n\t\t\t\t\t<a class=\"elementor-button elementor-button-link elementor-size-sm\" href=\"https:\/\/lestrictminimum.com\/en\/cart\/?add-to-cart=916\">\n\t\t\t\t\t\t<span class=\"elementor-button-content-wrapper\">\n\t\t\t\t\t\t\t\t\t<span class=\"elementor-button-text\">\u2728 Je m\u2019inscris \u00e0 la formation maintenant<\/span>\n\t\t\t\t\t<\/span>\n\t\t\t\t\t<\/a>\n\t\t\t\t<\/div>\n\t\t\t\t\t\t\t\t<\/div>\n\t\t\t\t<\/div>\n\t\t\t\t\t<\/div>\n\t\t\t\t<\/div>\n\t\t\t\t<\/div>","protected":false},"excerpt":{"rendered":"<p>Formation de d\u00e9sencombrement https:\/\/www.youtube.com\/watch?v=Dj3pTkXSNKY Une formation compl\u00e8te pour simplifier ton quotidien et retrouver de la clart\u00e9, une pi\u00e8ce \u00e0 la fois. \u2728 Je commence mon d\u00e9sencombrement aujourd\u2019hui \ud83c\udf3c Pourquoi j\u2019ai cr\u00e9\u00e9 cette formation Je m\u2019appelle Joannie, et pendant longtemps, j\u2019ai cru qu\u2019il fallait en faire toujours plus\u2026Puis j\u2019ai compris que l\u2019abondance d\u2019objets me volait mon&#8230;<\/p>","protected":false},"author":1,"featured_media":0,"parent":0,"menu_order":0,"comment_status":"closed","ping_status":"closed","template":"elementor_header_footer","meta":{"nf_dc_page":"","_monsterinsights_skip_tracking":false,"_monsterinsights_sitenote_active":false,"_monsterinsights_sitenote_note":"","_monsterinsights_sitenote_category":0,"jetpack_post_was_ever_published":false,"footnotes":""},"class_list":["post-1112","page","type-page","status-publish","hentry"],"yoast_head":"<!-- This site is optimized with the Yoast SEO plugin v27.4 - https:\/\/yoast.com\/product\/yoast-seo-wordpress\/ -->\n<title>Formation D\u00e9sencombrement - Lestrictminimum<\/title>\n<meta name=\"robots\" content=\"index, follow, max-snippet:-1, max-image-preview:large, max-video-preview:-1\" \/>\n<link rel=\"canonical\" href=\"https:\/\/lestrictminimum.com\/en\/formation-desencombrement\/\" \/>\n<meta property=\"og:locale\" content=\"en_US\" \/>\n<meta property=\"og:type\" content=\"article\" \/>\n<meta property=\"og:title\" content=\"Formation D\u00e9sencombrement - Lestrictminimum\" \/>\n<meta property=\"og:description\" content=\"Formation de d\u00e9sencombrement https:\/\/www.youtube.com\/watch?v=Dj3pTkXSNKY Une formation compl\u00e8te pour simplifier ton quotidien et retrouver de la clart\u00e9, une pi\u00e8ce \u00e0 la fois. \u2728 Je commence mon d\u00e9sencombrement aujourd\u2019hui \ud83c\udf3c Pourquoi j\u2019ai cr\u00e9\u00e9 cette formation Je m\u2019appelle Joannie, et pendant longtemps, j\u2019ai cru qu\u2019il fallait en faire toujours plus\u2026Puis j\u2019ai compris que l\u2019abondance d\u2019objets me volait mon...\" \/>\n<meta property=\"og:url\" content=\"https:\/\/lestrictminimum.com\/en\/formation-desencombrement\/\" \/>\n<meta property=\"og:site_name\" content=\"Lestrictminimum\" \/>\n<meta property=\"article:publisher\" content=\"https:\/\/www.facebook.com\/lestrictminimun\" \/>\n<meta property=\"article:modified_time\" content=\"2025-10-11T01:14:12+00:00\" \/>\n<meta property=\"og:image\" content=\"https:\/\/s.w.org\/images\/core\/emoji\/16.0.1\/svg\/1f31f.svg\" \/>\n<meta name=\"twitter:card\" content=\"summary_large_image\" \/>\n<meta name=\"twitter:label1\" content=\"Est. reading time\" \/>\n\t<meta name=\"twitter:data1\" content=\"5 minutes\" \/>\n<script type=\"application\/ld+json\" class=\"yoast-schema-graph\">{\"@context\":\"https:\\\/\\\/schema.org\",\"@graph\":[{\"@type\":\"WebPage\",\"@id\":\"https:\\\/\\\/lestrictminimum.com\\\/formation-desencombrement\\\/\",\"url\":\"https:\\\/\\\/lestrictminimum.com\\\/formation-desencombrement\\\/\",\"name\":\"Formation D\u00e9sencombrement - Lestrictminimum\",\"isPartOf\":{\"@id\":\"http:\\\/\\\/box5125.temp.domains\\\/~lestrict\\\/#website\"},\"primaryImageOfPage\":{\"@id\":\"https:\\\/\\\/lestrictminimum.com\\\/formation-desencombrement\\\/#primaryimage\"},\"image\":{\"@id\":\"https:\\\/\\\/lestrictminimum.com\\\/formation-desencombrement\\\/#primaryimage\"},\"thumbnailUrl\":\"https:\\\/\\\/s.w.org\\\/images\\\/core\\\/emoji\\\/16.0.1\\\/svg\\\/1f31f.svg\",\"datePublished\":\"2025-10-11T00:54:11+00:00\",\"dateModified\":\"2025-10-11T01:14:12+00:00\",\"breadcrumb\":{\"@id\":\"https:\\\/\\\/lestrictminimum.com\\\/formation-desencombrement\\\/#breadcrumb\"},\"inLanguage\":\"en-US\",\"potentialAction\":[{\"@type\":\"ReadAction\",\"target\":[\"https:\\\/\\\/lestrictminimum.com\\\/formation-desencombrement\\\/\"]}]},{\"@type\":\"ImageObject\",\"inLanguage\":\"en-US\",\"@id\":\"https:\\\/\\\/lestrictminimum.com\\\/formation-desencombrement\\\/#primaryimage\",\"url\":\"https:\\\/\\\/s.w.org\\\/images\\\/core\\\/emoji\\\/16.0.1\\\/svg\\\/1f31f.svg\",\"contentUrl\":\"https:\\\/\\\/s.w.org\\\/images\\\/core\\\/emoji\\\/16.0.1\\\/svg\\\/1f31f.svg\"},{\"@type\":\"BreadcrumbList\",\"@id\":\"https:\\\/\\\/lestrictminimum.com\\\/formation-desencombrement\\\/#breadcrumb\",\"itemListElement\":[{\"@type\":\"ListItem\",\"position\":1,\"name\":\"Accueil\",\"item\":\"https:\\\/\\\/lestrictminimum.com\\\/\"},{\"@type\":\"ListItem\",\"position\":2,\"name\":\"Formation D\u00e9sencombrement\"}]},{\"@type\":\"WebSite\",\"@id\":\"http:\\\/\\\/box5125.temp.domains\\\/~lestrict\\\/#website\",\"url\":\"http:\\\/\\\/box5125.temp.domains\\\/~lestrict\\\/\",\"name\":\"Lestrictminimum\",\"description\":\"Je suis Joannie de Le Strict Minimum, un site pour simplifier la vie : minimalisme, d\u00e9sencombrement et conseils pour une vie \u00e9pur\u00e9e.\",\"publisher\":{\"@id\":\"http:\\\/\\\/box5125.temp.domains\\\/~lestrict\\\/#organization\"},\"potentialAction\":[{\"@type\":\"SearchAction\",\"target\":{\"@type\":\"EntryPoint\",\"urlTemplate\":\"http:\\\/\\\/box5125.temp.domains\\\/~lestrict\\\/?s={search_term_string}\"},\"query-input\":{\"@type\":\"PropertyValueSpecification\",\"valueRequired\":true,\"valueName\":\"search_term_string\"}}],\"inLanguage\":\"en-US\"},{\"@type\":\"Organization\",\"@id\":\"http:\\\/\\\/box5125.temp.domains\\\/~lestrict\\\/#organization\",\"name\":\"Le strict minimum\",\"url\":\"http:\\\/\\\/box5125.temp.domains\\\/~lestrict\\\/\",\"logo\":{\"@type\":\"ImageObject\",\"inLanguage\":\"en-US\",\"@id\":\"http:\\\/\\\/box5125.temp.domains\\\/~lestrict\\\/#\\\/schema\\\/logo\\\/image\\\/\",\"url\":\"https:\\\/\\\/i0.wp.com\\\/lestrictminimum.com\\\/wp-content\\\/uploads\\\/2024\\\/09\\\/cropped-cropped-Screenshot-2024-09-24-23.38.53-1.png?fit=639%2C268&ssl=1\",\"contentUrl\":\"https:\\\/\\\/i0.wp.com\\\/lestrictminimum.com\\\/wp-content\\\/uploads\\\/2024\\\/09\\\/cropped-cropped-Screenshot-2024-09-24-23.38.53-1.png?fit=639%2C268&ssl=1\",\"width\":639,\"height\":268,\"caption\":\"Le strict minimum\"},\"image\":{\"@id\":\"http:\\\/\\\/box5125.temp.domains\\\/~lestrict\\\/#\\\/schema\\\/logo\\\/image\\\/\"},\"sameAs\":[\"https:\\\/\\\/www.facebook.com\\\/lestrictminimun\",\"https:\\\/\\\/www.tiktok.com\\\/@lestrictminimum\"]}]}<\/script>\n<!-- \/ Yoast SEO plugin. -->","yoast_head_json":{"title":"Formation D\u00e9sencombrement - Lestrictminimum","robots":{"index":"index","follow":"follow","max-snippet":"max-snippet:-1","max-image-preview":"max-image-preview:large","max-video-preview":"max-video-preview:-1"},"canonical":"https:\/\/lestrictminimum.com\/en\/formation-desencombrement\/","og_locale":"en_US","og_type":"article","og_title":"Formation D\u00e9sencombrement - Lestrictminimum","og_description":"Formation de d\u00e9sencombrement https:\/\/www.youtube.com\/watch?v=Dj3pTkXSNKY Une formation compl\u00e8te pour simplifier ton quotidien et retrouver de la clart\u00e9, une pi\u00e8ce \u00e0 la fois. \u2728 Je commence mon d\u00e9sencombrement aujourd\u2019hui \ud83c\udf3c Pourquoi j\u2019ai cr\u00e9\u00e9 cette formation Je m\u2019appelle Joannie, et pendant longtemps, j\u2019ai cru qu\u2019il fallait en faire toujours plus\u2026Puis j\u2019ai compris que l\u2019abondance d\u2019objets me volait mon...","og_url":"https:\/\/lestrictminimum.com\/en\/formation-desencombrement\/","og_site_name":"Lestrictminimum","article_publisher":"https:\/\/www.facebook.com\/lestrictminimun","article_modified_time":"2025-10-11T01:14:12+00:00","og_image":[{"url":"https:\/\/s.w.org\/images\/core\/emoji\/16.0.1\/svg\/1f31f.svg","type":"","width":"","height":""}],"twitter_card":"summary_large_image","twitter_misc":{"Est. reading time":"5 minutes"},"schema":{"@context":"https:\/\/schema.org","@graph":[{"@type":"WebPage","@id":"https:\/\/lestrictminimum.com\/formation-desencombrement\/","url":"https:\/\/lestrictminimum.com\/formation-desencombrement\/","name":"Formation D\u00e9sencombrement - Lestrictminimum","isPartOf":{"@id":"http:\/\/box5125.temp.domains\/~lestrict\/#website"},"primaryImageOfPage":{"@id":"https:\/\/lestrictminimum.com\/formation-desencombrement\/#primaryimage"},"image":{"@id":"https:\/\/lestrictminimum.com\/formation-desencombrement\/#primaryimage"},"thumbnailUrl":"https:\/\/s.w.org\/images\/core\/emoji\/16.0.1\/svg\/1f31f.svg","datePublished":"2025-10-11T00:54:11+00:00","dateModified":"2025-10-11T01:14:12+00:00","breadcrumb":{"@id":"https:\/\/lestrictminimum.com\/formation-desencombrement\/#breadcrumb"},"inLanguage":"en-US","potentialAction":[{"@type":"ReadAction","target":["https:\/\/lestrictminimum.com\/formation-desencombrement\/"]}]},{"@type":"ImageObject","inLanguage":"en-US","@id":"https:\/\/lestrictminimum.com\/formation-desencombrement\/#primaryimage","url":"https:\/\/s.w.org\/images\/core\/emoji\/16.0.1\/svg\/1f31f.svg","contentUrl":"https:\/\/s.w.org\/images\/core\/emoji\/16.0.1\/svg\/1f31f.svg"},{"@type":"BreadcrumbList","@id":"https:\/\/lestrictminimum.com\/formation-desencombrement\/#breadcrumb","itemListElement":[{"@type":"ListItem","position":1,"name":"Accueil","item":"https:\/\/lestrictminimum.com\/"},{"@type":"ListItem","position":2,"name":"Formation D\u00e9sencombrement"}]},{"@type":"WebSite","@id":"http:\/\/box5125.temp.domains\/~lestrict\/#website","url":"http:\/\/box5125.temp.domains\/~lestrict\/","name":"Lestrictminimum","description":"Je suis Joannie de Le Strict Minimum, un site pour simplifier la vie : minimalisme, d\u00e9sencombrement et conseils pour une vie \u00e9pur\u00e9e.","publisher":{"@id":"http:\/\/box5125.temp.domains\/~lestrict\/#organization"},"potentialAction":[{"@type":"SearchAction","target":{"@type":"EntryPoint","urlTemplate":"http:\/\/box5125.temp.domains\/~lestrict\/?s={search_term_string}"},"query-input":{"@type":"PropertyValueSpecification","valueRequired":true,"valueName":"search_term_string"}}],"inLanguage":"en-US"},{"@type":"Organization","@id":"http:\/\/box5125.temp.domains\/~lestrict\/#organization","name":"Le strict minimum","url":"http:\/\/box5125.temp.domains\/~lestrict\/","logo":{"@type":"ImageObject","inLanguage":"en-US","@id":"http:\/\/box5125.temp.domains\/~lestrict\/#\/schema\/logo\/image\/","url":"https:\/\/i0.wp.com\/lestrictminimum.com\/wp-content\/uploads\/2024\/09\/cropped-cropped-Screenshot-2024-09-24-23.38.53-1.png?fit=639%2C268&ssl=1","contentUrl":"https:\/\/i0.wp.com\/lestrictminimum.com\/wp-content\/uploads\/2024\/09\/cropped-cropped-Screenshot-2024-09-24-23.38.53-1.png?fit=639%2C268&ssl=1","width":639,"height":268,"caption":"Le strict minimum"},"image":{"@id":"http:\/\/box5125.temp.domains\/~lestrict\/#\/schema\/logo\/image\/"},"sameAs":["https:\/\/www.facebook.com\/lestrictminimun","https:\/\/www.tiktok.com\/@lestrictminimum"]}]}},"jetpack-related-posts":[{"id":18,"url":"https:\/\/lestrictminimum.com\/en\/","url_meta":{"origin":1112,"position":0},"title":"Accueil","author":"lestrictminimum","date":"20 October 2020","format":false,"excerpt":"Bienvenue sur Le strict minimum! L'endroit o\u00f9 le minimalisme rencontre la gestion financi\u00e8re pour une vie \u00e9panouie. Ici, vous trouverez des conseils et des astuces pour simplifier votre quotidien, vous lib\u00e9rer du superflu et vous concentrer sur l'essentiel. Du d\u00e9sencombrement de votre espace de vie \u00e0 l'organisation de votre budget,\u2026","rel":"","context":"Similar post","block_context":{"text":"Similar post","link":""},"img":{"alt_text":"Logo fleur","src":"https:\/\/i0.wp.com\/lestrictminimum.com\/wp-content\/uploads\/2020\/10\/LOGO-FLEUR-1.png?resize=350%2C200&ssl=1","width":350,"height":200,"srcset":"https:\/\/i0.wp.com\/lestrictminimum.com\/wp-content\/uploads\/2020\/10\/LOGO-FLEUR-1.png?resize=350%2C200&ssl=1 1x, https:\/\/i0.wp.com\/lestrictminimum.com\/wp-content\/uploads\/2020\/10\/LOGO-FLEUR-1.png?resize=525%2C300&ssl=1 1.5x"},"classes":[]}],"jetpack_sharing_enabled":true,"_links":{"self":[{"href":"https:\/\/lestrictminimum.com\/en\/wp-json\/wp\/v2\/pages\/1112","targetHints":{"allow":["GET"]}}],"collection":[{"href":"https:\/\/lestrictminimum.com\/en\/wp-json\/wp\/v2\/pages"}],"about":[{"href":"https:\/\/lestrictminimum.com\/en\/wp-json\/wp\/v2\/types\/page"}],"author":[{"embeddable":true,"href":"https:\/\/lestrictminimum.com\/en\/wp-json\/wp\/v2\/users\/1"}],"replies":[{"embeddable":true,"href":"https:\/\/lestrictminimum.com\/en\/wp-json\/wp\/v2\/comments?post=1112"}],"version-history":[{"count":16,"href":"https:\/\/lestrictminimum.com\/en\/wp-json\/wp\/v2\/pages\/1112\/revisions"}],"predecessor-version":[{"id":1132,"href":"https:\/\/lestrictminimum.com\/en\/wp-json\/wp\/v2\/pages\/1112\/revisions\/1132"}],"wp:attachment":[{"href":"https:\/\/lestrictminimum.com\/en\/wp-json\/wp\/v2\/media?parent=1112"}],"curies":[{"name":"wp","href":"https:\/\/api.w.org\/{rel}","templated":true}]}}