{"id":2,"date":"2020-10-20T17:29:41","date_gmt":"2020-10-20T17:29:41","guid":{"rendered":"https:\/\/box5125\/cgi\/addon_GT.cgi?s=GT::WP::Install::EIG+%28lestrict%29+-+10.24.48.83+%5BWordPress%3b+\/var\/hp\/common\/lib\/WordPress.pm%3b+294%3b+Hosting::gap_call%5D\/?page_id=2"},"modified":"2024-10-03T18:29:16","modified_gmt":"2024-10-03T23:29:16","slug":"sample-page","status":"publish","type":"page","link":"https:\/\/lestrictminimum.com\/en\/sample-page\/","title":{"rendered":"\u00c0 propos"},"content":{"rendered":"<p class=\"\">Le strict minimum est un plateforme visant \u00e0 vous inspirer \u00e0 tendre vers un mode de vie alternatif, hors de la soci\u00e9t\u00e9 de surconsommation que l&#8217;on connait.<\/p>\n\n\n\n<p class=\"\"><\/p>\n\n\n\n<p class=\"has-medium-font-size\"><strong>Les premiers pas du blogue Le Strict Minimum<\/strong><\/p>\n\n\n\n<p class=\"\">Cr\u00e9\u00e9 en 2020, Le Strict Minimum a vu le jour gr\u00e2ce \u00e0 un surplus de temps, surplus de temps que bon nombre de personnes ont connu avec les quarantaines caus\u00e9s par la pand\u00e9mie.<\/p>\n\n\n\n<p class=\"\">Apr\u00e8s plusieurs ann\u00e9es \u00e0 vivre autrement, j&#8217;ai finalement d\u00e9cid\u00e9 d&#8217;inspirer un plus grand nombre de personnes en cr\u00e9ant la plateforme Le Strict Minimum. Mon but premier est de vous d\u00e9montrer qu&#8217;il est possible de vivre autrement que ce que les normes soci\u00e9tales nous d\u00e9montrent. Oublions, les dettes, la surconsommation, la maison en d\u00e9sordre, le stress de la vie quotidienne et vivons autrement.<\/p>\n\n\n\n<p class=\"\"><\/p>\n\n\n\n<p class=\"has-medium-font-size\"><strong>Signification<\/strong><\/p>\n\n\n\n<p class=\"\">Le Strict Minimum signifie de vivre pleinement avec que le n\u00e9cessaire, d&#8217;oublier le superflu et de profiter de la vie.<\/p>\n\n\n\n<p class=\"\">Le strict minimum c&#8217;est:<\/p>\n\n\n\n<ul class=\"wp-block-list\">\n<li class=\"\">de vivre avec moins en suivant les principes du minimalisme et de la simplicit\u00e9.<\/li>\n\n\n\n<li class=\"\">d\u2019assurer notre libert\u00e9 financi\u00e8re en r\u00e9duisant nos d\u00e9penses et en investissant intelligemment.<\/li>\n\n\n\n<li class=\"\">de vivre dans un espace propre, organis\u00e9 et simple.<\/li>\n\n\n\n<li class=\"\">d&#8217;apprendre \u00e0 faire les choses soi-m\u00eame.<\/li>\n\n\n\n<li class=\"\">de simplifier sa vie de toute les fa\u00e7ons possibles.<\/li>\n<\/ul>\n\n\n\n<p class=\"has-text-align-center has-text-color has-medium-font-size\" style=\"color:#a5c291\">MINIMALISME  &#8211; LIBERT\u00c9 FINANCI\u00c8RE &#8211; M\u00c9NAGE &#8211; FAIT MAISON<\/p>\n\n\n<div class=\"wp-block-image is-resized\">\n<figure class=\"aligncenter size-large\"><img data-recalc-dims=\"1\" fetchpriority=\"high\" decoding=\"async\" width=\"568\" height=\"762\" src=\"https:\/\/i0.wp.com\/lestrictminimum.com\/wp-content\/uploads\/2020\/10\/LOGO-FLEUR-1.png?resize=568%2C762&#038;ssl=1\" alt=\"\" class=\"wp-image-183\" style=\"width:139px;height:auto\" srcset=\"https:\/\/i0.wp.com\/lestrictminimum.com\/wp-content\/uploads\/2020\/10\/LOGO-FLEUR-1.png?w=568&amp;ssl=1 568w, https:\/\/i0.wp.com\/lestrictminimum.com\/wp-content\/uploads\/2020\/10\/LOGO-FLEUR-1.png?resize=224%2C300&amp;ssl=1 224w, https:\/\/i0.wp.com\/lestrictminimum.com\/wp-content\/uploads\/2020\/10\/LOGO-FLEUR-1.png?resize=300%2C402&amp;ssl=1 300w\" sizes=\"(max-width: 568px) 100vw, 568px\" \/><\/figure>\n<\/div>\n\n\n<p class=\"\"><\/p>\n\n\n\n<p class=\"has-medium-font-size\"><strong>\u00c0 propos de l&#8217;auteure<\/strong><\/p>\n\n\n\n<p class=\"\">L&#8217;auteure du blogue Le strict minimum est <strong>Joannie Panneton<\/strong>.<\/p>\n\n\n\n<ul class=\"wp-block-list\">\n<li class=\"\">Passionn\u00e9e du minimalisme depuis 2016. Une passion qui a d\u00e9but\u00e9 le 1er janvier, n&#8217;ayant aucune r\u00e9solution pour l&#8217;ann\u00e9e. Quelques heures \u00e0 peine pass\u00e9es en 2016, qu&#8217;elle rencontra le mode de vie de vivre avec moins. Ce fut un coup de foudre d\u00e8s la premi\u00e8re seconde, passant ainsi de surconsommatrice \u00e0 minimaliste en l&#8217;espace de quelques mois.<\/li>\n\n\n\n<li class=\"\">Accro aux \u00e9conomies depuis ses 11 ans, elle investi toujours le maximum de son argent. Passionn\u00e9e par la libert\u00e9 financi\u00e8re elle n&#8217;h\u00e9sites pas \u00e0 \u00e9viter les d\u00e9penses.<\/li>\n\n\n\n<li class=\"\">Maman de bient\u00f4t trois beaux enfants, elle cherche \u00e0 se simplifier la vie au maximum. Vivre simplement, pour vivre moins de stress, car ce n&#8217;est pas un secret la charge mentale des mamans peut \u00eatre \u00e9norme. Pas le temps et l&#8217;\u00e9nergie pour penser \u00e0 des objets inutiles.<\/li>\n\n\n\n<li class=\"\">Avide d&#8217;apprendre \u00e0 faire le plus de chose elle-m\u00eame. \u00catre autonome le plus possible que ce soit en cuisine ou dans les t\u00e2ches du quotidien, afin de d\u00e9pendre le moins possible des magasins. <\/li>\n<\/ul>\n\n\n<div class=\"wp-block-image is-resized\">\n<figure class=\"aligncenter size-large\"><img data-recalc-dims=\"1\" decoding=\"async\" width=\"640\" height=\"853\" src=\"https:\/\/i0.wp.com\/lestrictminimum.com\/wp-content\/uploads\/2023\/11\/IMG_6689-edited-rotated.jpg?resize=640%2C853&#038;ssl=1\" alt=\"\" class=\"wp-image-570\" style=\"width:257px;height:auto\" srcset=\"https:\/\/i0.wp.com\/lestrictminimum.com\/wp-content\/uploads\/2023\/11\/IMG_6689-edited-rotated.jpg?w=1683&amp;ssl=1 1683w, https:\/\/i0.wp.com\/lestrictminimum.com\/wp-content\/uploads\/2023\/11\/IMG_6689-edited-rotated.jpg?resize=600%2C800&amp;ssl=1 600w, https:\/\/i0.wp.com\/lestrictminimum.com\/wp-content\/uploads\/2023\/11\/IMG_6689-edited-rotated.jpg?resize=225%2C300&amp;ssl=1 225w, https:\/\/i0.wp.com\/lestrictminimum.com\/wp-content\/uploads\/2023\/11\/IMG_6689-edited-rotated.jpg?resize=768%2C1024&amp;ssl=1 768w, https:\/\/i0.wp.com\/lestrictminimum.com\/wp-content\/uploads\/2023\/11\/IMG_6689-edited-rotated.jpg?resize=1152%2C1536&amp;ssl=1 1152w, https:\/\/i0.wp.com\/lestrictminimum.com\/wp-content\/uploads\/2023\/11\/IMG_6689-edited-rotated.jpg?resize=1536%2C2048&amp;ssl=1 1536w, https:\/\/i0.wp.com\/lestrictminimum.com\/wp-content\/uploads\/2023\/11\/IMG_6689-edited-rotated.jpg?resize=9%2C12&amp;ssl=1 9w, https:\/\/i0.wp.com\/lestrictminimum.com\/wp-content\/uploads\/2023\/11\/IMG_6689-edited-rotated.jpg?resize=300%2C400&amp;ssl=1 300w, https:\/\/i0.wp.com\/lestrictminimum.com\/wp-content\/uploads\/2023\/11\/IMG_6689-edited-rotated.jpg?resize=850%2C1133&amp;ssl=1 850w, https:\/\/i0.wp.com\/lestrictminimum.com\/wp-content\/uploads\/2023\/11\/IMG_6689-edited-rotated.jpg?w=1280&amp;ssl=1 1280w\" sizes=\"(max-width: 640px) 100vw, 640px\" \/><\/figure>\n<\/div>\n\n\n<ul class=\"wp-block-list\">\n<li class=\"\">Bacheli\u00e8re en \u00e9tudes de l&#8217;environnement.<\/li>\n\n\n\n<li class=\"\">Passionn\u00e9e du comportement humain face \u00e0 la surconsommation et des modes de vie alternatifs.<\/li>\n\n\n\n<li class=\"\">Crois fortement que les gens s&#8217;inspirent de ceux qui vivent pleinement leurs r\u00eaves. Inspirer les autres est le meilleur moyen d&#8217;esp\u00e9rer un changement.<\/li>\n<\/ul>\n\n\n\n<p class=\"\">Envie de vivre pleinement avec le strict minimum? Lance-toi, avec moi, dans cette fabuleuse aventure.<\/p>\n\n\n\n<p class=\"has-medium-font-size\"><\/p>\n\n\n\n<p class=\"has-text-align-center\"><a href=\"https:\/\/www.youtube.com\/channel\/UCYJSDsP_oTnOZJRQj6PzshA\"><img data-recalc-dims=\"1\" decoding=\"async\" width=\"50\" height=\"35\" class=\"wp-image-526\" style=\"width: 50px;\" src=\"https:\/\/i0.wp.com\/lestrictminimum.com\/wp-content\/uploads\/2022\/07\/YOUTUBE.jpg?resize=50%2C35&#038;ssl=1\" alt=\"\" srcset=\"https:\/\/i0.wp.com\/lestrictminimum.com\/wp-content\/uploads\/2022\/07\/YOUTUBE.jpg?w=2500&amp;ssl=1 2500w, https:\/\/i0.wp.com\/lestrictminimum.com\/wp-content\/uploads\/2022\/07\/YOUTUBE.jpg?resize=600%2C421&amp;ssl=1 600w, https:\/\/i0.wp.com\/lestrictminimum.com\/wp-content\/uploads\/2022\/07\/YOUTUBE.jpg?resize=300%2C211&amp;ssl=1 300w, https:\/\/i0.wp.com\/lestrictminimum.com\/wp-content\/uploads\/2022\/07\/YOUTUBE.jpg?resize=1024%2C719&amp;ssl=1 1024w, https:\/\/i0.wp.com\/lestrictminimum.com\/wp-content\/uploads\/2022\/07\/YOUTUBE.jpg?resize=768%2C539&amp;ssl=1 768w, https:\/\/i0.wp.com\/lestrictminimum.com\/wp-content\/uploads\/2022\/07\/YOUTUBE.jpg?resize=1536%2C1079&amp;ssl=1 1536w, https:\/\/i0.wp.com\/lestrictminimum.com\/wp-content\/uploads\/2022\/07\/YOUTUBE.jpg?resize=2048%2C1439&amp;ssl=1 2048w, https:\/\/i0.wp.com\/lestrictminimum.com\/wp-content\/uploads\/2022\/07\/YOUTUBE.jpg?resize=18%2C12&amp;ssl=1 18w, https:\/\/i0.wp.com\/lestrictminimum.com\/wp-content\/uploads\/2022\/07\/YOUTUBE.jpg?resize=850%2C597&amp;ssl=1 850w, https:\/\/i0.wp.com\/lestrictminimum.com\/wp-content\/uploads\/2022\/07\/YOUTUBE.jpg?w=1280&amp;ssl=1 1280w, https:\/\/i0.wp.com\/lestrictminimum.com\/wp-content\/uploads\/2022\/07\/YOUTUBE.jpg?w=1920&amp;ssl=1 1920w\" sizes=\"(max-width: 50px) 100vw, 50px\" \/><\/a>  <\/p>\n\n\n\n<p class=\"has-text-align-center\"><a href=\"https:\/\/www.tiktok.com\/@lestrictminimum\"><img data-recalc-dims=\"1\" loading=\"lazy\" decoding=\"async\" width=\"30\" height=\"30\" class=\"wp-image-524\" style=\"width: 30px;\" src=\"https:\/\/i0.wp.com\/lestrictminimum.com\/wp-content\/uploads\/2022\/07\/tiktok.png?resize=30%2C30&#038;ssl=1\" alt=\"\" srcset=\"https:\/\/i0.wp.com\/lestrictminimum.com\/wp-content\/uploads\/2022\/07\/tiktok.png?w=1136&amp;ssl=1 1136w, https:\/\/i0.wp.com\/lestrictminimum.com\/wp-content\/uploads\/2022\/07\/tiktok.png?resize=300%2C300&amp;ssl=1 300w, https:\/\/i0.wp.com\/lestrictminimum.com\/wp-content\/uploads\/2022\/07\/tiktok.png?resize=100%2C100&amp;ssl=1 100w, https:\/\/i0.wp.com\/lestrictminimum.com\/wp-content\/uploads\/2022\/07\/tiktok.png?resize=600%2C600&amp;ssl=1 600w, https:\/\/i0.wp.com\/lestrictminimum.com\/wp-content\/uploads\/2022\/07\/tiktok.png?resize=1024%2C1024&amp;ssl=1 1024w, https:\/\/i0.wp.com\/lestrictminimum.com\/wp-content\/uploads\/2022\/07\/tiktok.png?resize=150%2C150&amp;ssl=1 150w, https:\/\/i0.wp.com\/lestrictminimum.com\/wp-content\/uploads\/2022\/07\/tiktok.png?resize=768%2C768&amp;ssl=1 768w, https:\/\/i0.wp.com\/lestrictminimum.com\/wp-content\/uploads\/2022\/07\/tiktok.png?resize=12%2C12&amp;ssl=1 12w, https:\/\/i0.wp.com\/lestrictminimum.com\/wp-content\/uploads\/2022\/07\/tiktok.png?resize=850%2C850&amp;ssl=1 850w\" sizes=\"(max-width: 30px) 100vw, 30px\" \/><\/a>   <\/p>","protected":false},"excerpt":{"rendered":"<p>Le strict minimum est un plateforme visant \u00e0 vous inspirer \u00e0 tendre vers un mode de vie alternatif, hors de la soci\u00e9t\u00e9 de surconsommation que l&#8217;on connait. Les premiers pas du blogue Le Strict Minimum Cr\u00e9\u00e9 en 2020, Le Strict Minimum a vu le jour gr\u00e2ce \u00e0 un surplus de temps, surplus de temps que&#8230;<\/p>","protected":false},"author":1,"featured_media":0,"parent":0,"menu_order":0,"comment_status":"closed","ping_status":"open","template":"","meta":{"nf_dc_page":"","_monsterinsights_skip_tracking":false,"_monsterinsights_sitenote_active":false,"_monsterinsights_sitenote_note":"","_monsterinsights_sitenote_category":0,"jetpack_post_was_ever_published":false,"footnotes":""},"class_list":["post-2","page","type-page","status-publish","hentry"],"yoast_head":"<!-- This site is optimized with the Yoast SEO plugin v27.4 - https:\/\/yoast.com\/product\/yoast-seo-wordpress\/ -->\n<title>\u00c0 propos - Lestrictminimum<\/title>\n<meta name=\"robots\" content=\"index, follow, max-snippet:-1, max-image-preview:large, max-video-preview:-1\" \/>\n<link rel=\"canonical\" href=\"https:\/\/lestrictminimum.com\/en\/sample-page\/\" \/>\n<meta property=\"og:locale\" content=\"en_US\" \/>\n<meta property=\"og:type\" content=\"article\" \/>\n<meta property=\"og:title\" content=\"\u00c0 propos - Lestrictminimum\" \/>\n<meta property=\"og:description\" content=\"Le strict minimum est un plateforme visant \u00e0 vous inspirer \u00e0 tendre vers un mode de vie alternatif, hors de la soci\u00e9t\u00e9 de surconsommation que l&#8217;on connait. Les premiers pas du blogue Le Strict Minimum Cr\u00e9\u00e9 en 2020, Le Strict Minimum a vu le jour gr\u00e2ce \u00e0 un surplus de temps, surplus de temps que...\" \/>\n<meta property=\"og:url\" content=\"https:\/\/lestrictminimum.com\/en\/sample-page\/\" \/>\n<meta property=\"og:site_name\" content=\"Lestrictminimum\" \/>\n<meta property=\"article:publisher\" content=\"https:\/\/www.facebook.com\/lestrictminimun\" \/>\n<meta property=\"article:modified_time\" content=\"2024-10-03T23:29:16+00:00\" \/>\n<meta property=\"og:image\" content=\"https:\/\/lestrictminimum.com\/wp-content\/uploads\/2020\/10\/LOGO-FLEUR-1.png\" \/>\n<meta name=\"twitter:card\" content=\"summary_large_image\" \/>\n<meta name=\"twitter:label1\" content=\"Est. reading time\" \/>\n\t<meta name=\"twitter:data1\" content=\"4 minutes\" \/>\n<script type=\"application\/ld+json\" class=\"yoast-schema-graph\">{\"@context\":\"https:\\\/\\\/schema.org\",\"@graph\":[{\"@type\":\"WebPage\",\"@id\":\"https:\\\/\\\/lestrictminimum.com\\\/sample-page\\\/\",\"url\":\"https:\\\/\\\/lestrictminimum.com\\\/sample-page\\\/\",\"name\":\"\u00c0 propos - Lestrictminimum\",\"isPartOf\":{\"@id\":\"http:\\\/\\\/box5125.temp.domains\\\/~lestrict\\\/#website\"},\"primaryImageOfPage\":{\"@id\":\"https:\\\/\\\/lestrictminimum.com\\\/sample-page\\\/#primaryimage\"},\"image\":{\"@id\":\"https:\\\/\\\/lestrictminimum.com\\\/sample-page\\\/#primaryimage\"},\"thumbnailUrl\":\"https:\\\/\\\/lestrictminimum.com\\\/wp-content\\\/uploads\\\/2020\\\/10\\\/LOGO-FLEUR-1.png\",\"datePublished\":\"2020-10-20T17:29:41+00:00\",\"dateModified\":\"2024-10-03T23:29:16+00:00\",\"breadcrumb\":{\"@id\":\"https:\\\/\\\/lestrictminimum.com\\\/sample-page\\\/#breadcrumb\"},\"inLanguage\":\"en-US\",\"potentialAction\":[{\"@type\":\"ReadAction\",\"target\":[\"https:\\\/\\\/lestrictminimum.com\\\/sample-page\\\/\"]}]},{\"@type\":\"ImageObject\",\"inLanguage\":\"en-US\",\"@id\":\"https:\\\/\\\/lestrictminimum.com\\\/sample-page\\\/#primaryimage\",\"url\":\"https:\\\/\\\/lestrictminimum.com\\\/wp-content\\\/uploads\\\/2020\\\/10\\\/LOGO-FLEUR-1.png\",\"contentUrl\":\"https:\\\/\\\/lestrictminimum.com\\\/wp-content\\\/uploads\\\/2020\\\/10\\\/LOGO-FLEUR-1.png\"},{\"@type\":\"BreadcrumbList\",\"@id\":\"https:\\\/\\\/lestrictminimum.com\\\/sample-page\\\/#breadcrumb\",\"itemListElement\":[{\"@type\":\"ListItem\",\"position\":1,\"name\":\"Accueil\",\"item\":\"https:\\\/\\\/lestrictminimum.com\\\/\"},{\"@type\":\"ListItem\",\"position\":2,\"name\":\"\u00c0 propos\"}]},{\"@type\":\"WebSite\",\"@id\":\"http:\\\/\\\/box5125.temp.domains\\\/~lestrict\\\/#website\",\"url\":\"http:\\\/\\\/box5125.temp.domains\\\/~lestrict\\\/\",\"name\":\"Lestrictminimum\",\"description\":\"Je suis Joannie de Le Strict Minimum, un site pour simplifier la vie : minimalisme, d\u00e9sencombrement et conseils pour une vie \u00e9pur\u00e9e.\",\"publisher\":{\"@id\":\"http:\\\/\\\/box5125.temp.domains\\\/~lestrict\\\/#organization\"},\"potentialAction\":[{\"@type\":\"SearchAction\",\"target\":{\"@type\":\"EntryPoint\",\"urlTemplate\":\"http:\\\/\\\/box5125.temp.domains\\\/~lestrict\\\/?s={search_term_string}\"},\"query-input\":{\"@type\":\"PropertyValueSpecification\",\"valueRequired\":true,\"valueName\":\"search_term_string\"}}],\"inLanguage\":\"en-US\"},{\"@type\":\"Organization\",\"@id\":\"http:\\\/\\\/box5125.temp.domains\\\/~lestrict\\\/#organization\",\"name\":\"Le strict minimum\",\"url\":\"http:\\\/\\\/box5125.temp.domains\\\/~lestrict\\\/\",\"logo\":{\"@type\":\"ImageObject\",\"inLanguage\":\"en-US\",\"@id\":\"http:\\\/\\\/box5125.temp.domains\\\/~lestrict\\\/#\\\/schema\\\/logo\\\/image\\\/\",\"url\":\"https:\\\/\\\/i0.wp.com\\\/lestrictminimum.com\\\/wp-content\\\/uploads\\\/2024\\\/09\\\/cropped-cropped-Screenshot-2024-09-24-23.38.53-1.png?fit=639%2C268&ssl=1\",\"contentUrl\":\"https:\\\/\\\/i0.wp.com\\\/lestrictminimum.com\\\/wp-content\\\/uploads\\\/2024\\\/09\\\/cropped-cropped-Screenshot-2024-09-24-23.38.53-1.png?fit=639%2C268&ssl=1\",\"width\":639,\"height\":268,\"caption\":\"Le strict minimum\"},\"image\":{\"@id\":\"http:\\\/\\\/box5125.temp.domains\\\/~lestrict\\\/#\\\/schema\\\/logo\\\/image\\\/\"},\"sameAs\":[\"https:\\\/\\\/www.facebook.com\\\/lestrictminimun\",\"https:\\\/\\\/www.tiktok.com\\\/@lestrictminimum\"]}]}<\/script>\n<!-- \/ Yoast SEO plugin. -->","yoast_head_json":{"title":"\u00c0 propos - Lestrictminimum","robots":{"index":"index","follow":"follow","max-snippet":"max-snippet:-1","max-image-preview":"max-image-preview:large","max-video-preview":"max-video-preview:-1"},"canonical":"https:\/\/lestrictminimum.com\/en\/sample-page\/","og_locale":"en_US","og_type":"article","og_title":"\u00c0 propos - Lestrictminimum","og_description":"Le strict minimum est un plateforme visant \u00e0 vous inspirer \u00e0 tendre vers un mode de vie alternatif, hors de la soci\u00e9t\u00e9 de surconsommation que l&#8217;on connait. Les premiers pas du blogue Le Strict Minimum Cr\u00e9\u00e9 en 2020, Le Strict Minimum a vu le jour gr\u00e2ce \u00e0 un surplus de temps, surplus de temps que...","og_url":"https:\/\/lestrictminimum.com\/en\/sample-page\/","og_site_name":"Lestrictminimum","article_publisher":"https:\/\/www.facebook.com\/lestrictminimun","article_modified_time":"2024-10-03T23:29:16+00:00","og_image":[{"url":"https:\/\/lestrictminimum.com\/wp-content\/uploads\/2020\/10\/LOGO-FLEUR-1.png","type":"","width":"","height":""}],"twitter_card":"summary_large_image","twitter_misc":{"Est. reading time":"4 minutes"},"schema":{"@context":"https:\/\/schema.org","@graph":[{"@type":"WebPage","@id":"https:\/\/lestrictminimum.com\/sample-page\/","url":"https:\/\/lestrictminimum.com\/sample-page\/","name":"\u00c0 propos - Lestrictminimum","isPartOf":{"@id":"http:\/\/box5125.temp.domains\/~lestrict\/#website"},"primaryImageOfPage":{"@id":"https:\/\/lestrictminimum.com\/sample-page\/#primaryimage"},"image":{"@id":"https:\/\/lestrictminimum.com\/sample-page\/#primaryimage"},"thumbnailUrl":"https:\/\/lestrictminimum.com\/wp-content\/uploads\/2020\/10\/LOGO-FLEUR-1.png","datePublished":"2020-10-20T17:29:41+00:00","dateModified":"2024-10-03T23:29:16+00:00","breadcrumb":{"@id":"https:\/\/lestrictminimum.com\/sample-page\/#breadcrumb"},"inLanguage":"en-US","potentialAction":[{"@type":"ReadAction","target":["https:\/\/lestrictminimum.com\/sample-page\/"]}]},{"@type":"ImageObject","inLanguage":"en-US","@id":"https:\/\/lestrictminimum.com\/sample-page\/#primaryimage","url":"https:\/\/lestrictminimum.com\/wp-content\/uploads\/2020\/10\/LOGO-FLEUR-1.png","contentUrl":"https:\/\/lestrictminimum.com\/wp-content\/uploads\/2020\/10\/LOGO-FLEUR-1.png"},{"@type":"BreadcrumbList","@id":"https:\/\/lestrictminimum.com\/sample-page\/#breadcrumb","itemListElement":[{"@type":"ListItem","position":1,"name":"Accueil","item":"https:\/\/lestrictminimum.com\/"},{"@type":"ListItem","position":2,"name":"\u00c0 propos"}]},{"@type":"WebSite","@id":"http:\/\/box5125.temp.domains\/~lestrict\/#website","url":"http:\/\/box5125.temp.domains\/~lestrict\/","name":"Lestrictminimum","description":"Je suis Joannie de Le Strict Minimum, un site pour simplifier la vie : minimalisme, d\u00e9sencombrement et conseils pour une vie \u00e9pur\u00e9e.","publisher":{"@id":"http:\/\/box5125.temp.domains\/~lestrict\/#organization"},"potentialAction":[{"@type":"SearchAction","target":{"@type":"EntryPoint","urlTemplate":"http:\/\/box5125.temp.domains\/~lestrict\/?s={search_term_string}"},"query-input":{"@type":"PropertyValueSpecification","valueRequired":true,"valueName":"search_term_string"}}],"inLanguage":"en-US"},{"@type":"Organization","@id":"http:\/\/box5125.temp.domains\/~lestrict\/#organization","name":"Le strict minimum","url":"http:\/\/box5125.temp.domains\/~lestrict\/","logo":{"@type":"ImageObject","inLanguage":"en-US","@id":"http:\/\/box5125.temp.domains\/~lestrict\/#\/schema\/logo\/image\/","url":"https:\/\/i0.wp.com\/lestrictminimum.com\/wp-content\/uploads\/2024\/09\/cropped-cropped-Screenshot-2024-09-24-23.38.53-1.png?fit=639%2C268&ssl=1","contentUrl":"https:\/\/i0.wp.com\/lestrictminimum.com\/wp-content\/uploads\/2024\/09\/cropped-cropped-Screenshot-2024-09-24-23.38.53-1.png?fit=639%2C268&ssl=1","width":639,"height":268,"caption":"Le strict minimum"},"image":{"@id":"http:\/\/box5125.temp.domains\/~lestrict\/#\/schema\/logo\/image\/"},"sameAs":["https:\/\/www.facebook.com\/lestrictminimun","https:\/\/www.tiktok.com\/@lestrictminimum"]}]}},"jetpack-related-posts":[{"id":18,"url":"https:\/\/lestrictminimum.com\/en\/","url_meta":{"origin":2,"position":0},"title":"Accueil","author":"lestrictminimum","date":"20 October 2020","format":false,"excerpt":"Bienvenue sur Le strict minimum! L'endroit o\u00f9 le minimalisme rencontre la gestion financi\u00e8re pour une vie \u00e9panouie. Ici, vous trouverez des conseils et des astuces pour simplifier votre quotidien, vous lib\u00e9rer du superflu et vous concentrer sur l'essentiel. Du d\u00e9sencombrement de votre espace de vie \u00e0 l'organisation de votre budget,\u2026","rel":"","context":"Similar post","block_context":{"text":"Similar post","link":""},"img":{"alt_text":"Logo fleur","src":"https:\/\/i0.wp.com\/lestrictminimum.com\/wp-content\/uploads\/2020\/10\/LOGO-FLEUR-1.png?resize=350%2C200&ssl=1","width":350,"height":200,"srcset":"https:\/\/i0.wp.com\/lestrictminimum.com\/wp-content\/uploads\/2020\/10\/LOGO-FLEUR-1.png?resize=350%2C200&ssl=1 1x, https:\/\/i0.wp.com\/lestrictminimum.com\/wp-content\/uploads\/2020\/10\/LOGO-FLEUR-1.png?resize=525%2C300&ssl=1 1.5x"},"classes":[]},{"id":1112,"url":"https:\/\/lestrictminimum.com\/en\/formation-desencombrement\/","url_meta":{"origin":2,"position":1},"title":"Formation D\u00e9sencombrement","author":"lestrictminimum","date":"10 October 2025","format":false,"excerpt":"Formation de d\u00e9sencombrement https:\/\/www.youtube.com\/watch?v=Dj3pTkXSNKYUne formation compl\u00e8te pour simplifier ton quotidien et retrouver de la clart\u00e9, une pi\u00e8ce \u00e0 la fois. \u2728 Je commence mon d\u00e9sencombrement aujourd\u2019hui \ud83c\udf3c Pourquoi j\u2019ai cr\u00e9\u00e9 cette formation Je m\u2019appelle Joannie, et pendant longtemps, j\u2019ai cru qu\u2019il fallait en faire toujours plus\u2026Puis j\u2019ai compris que l\u2019abondance\u2026","rel":"","context":"Similar post","block_context":{"text":"Similar post","link":""},"img":{"alt_text":"","src":"","width":0,"height":0},"classes":[]}],"jetpack_sharing_enabled":true,"_links":{"self":[{"href":"https:\/\/lestrictminimum.com\/en\/wp-json\/wp\/v2\/pages\/2","targetHints":{"allow":["GET"]}}],"collection":[{"href":"https:\/\/lestrictminimum.com\/en\/wp-json\/wp\/v2\/pages"}],"about":[{"href":"https:\/\/lestrictminimum.com\/en\/wp-json\/wp\/v2\/types\/page"}],"author":[{"embeddable":true,"href":"https:\/\/lestrictminimum.com\/en\/wp-json\/wp\/v2\/users\/1"}],"replies":[{"embeddable":true,"href":"https:\/\/lestrictminimum.com\/en\/wp-json\/wp\/v2\/comments?post=2"}],"version-history":[{"count":5,"href":"https:\/\/lestrictminimum.com\/en\/wp-json\/wp\/v2\/pages\/2\/revisions"}],"predecessor-version":[{"id":891,"href":"https:\/\/lestrictminimum.com\/en\/wp-json\/wp\/v2\/pages\/2\/revisions\/891"}],"wp:attachment":[{"href":"https:\/\/lestrictminimum.com\/en\/wp-json\/wp\/v2\/media?parent=2"}],"curies":[{"name":"wp","href":"https:\/\/api.w.org\/{rel}","templated":true}]}}