{"id":621,"date":"2024-02-29T06:56:56","date_gmt":"2024-02-29T11:56:56","guid":{"rendered":"https:\/\/lestrictminimum.com\/cart\/"},"modified":"2024-09-30T20:41:27","modified_gmt":"2024-10-01T01:41:27","slug":"cart","status":"publish","type":"page","link":"https:\/\/lestrictminimum.com\/en\/cart\/","title":{"rendered":"Mon Panier"},"content":{"rendered":"<div data-block-name=\"woocommerce\/cart\" class=\"wp-block-woocommerce-cart alignwide is-loading\">\n<div data-block-name=\"woocommerce\/filled-cart-block\" class=\"wp-block-woocommerce-filled-cart-block\">\n<div data-block-name=\"woocommerce\/cart-items-block\" class=\"wp-block-woocommerce-cart-items-block\">\n<div data-block-name=\"woocommerce\/cart-line-items-block\" class=\"wp-block-woocommerce-cart-line-items-block\"><\/div>\n\n\n\n<div data-block-name=\"woocommerce\/cart-cross-sells-block\" class=\"wp-block-woocommerce-cart-cross-sells-block\">\n<h2 class=\"wp-block-heading has-large-font-size\">You may be interested in\u2026<\/h2>\n\n\n\n<div data-block-name=\"woocommerce\/cart-cross-sells-products-block\" class=\"wp-block-woocommerce-cart-cross-sells-products-block\"><\/div>\n<\/div>\n<\/div>\n\n\n\n<div data-block-name=\"woocommerce\/cart-totals-block\" class=\"wp-block-woocommerce-cart-totals-block\">\n<div data-block-name=\"woocommerce\/cart-order-summary-block\" class=\"wp-block-woocommerce-cart-order-summary-block\">\n<div data-block-name=\"woocommerce\/cart-order-summary-heading-block\" data-content=\"Totaux panier\" class=\"wp-block-woocommerce-cart-order-summary-heading-block\"><\/div>\n\n\n\n<div data-block-name=\"woocommerce\/cart-order-summary-coupon-form-block\" class=\"wp-block-woocommerce-cart-order-summary-coupon-form-block\"><\/div>\n\n\n\n<div data-block-name=\"woocommerce\/cart-order-summary-totals-block\" class=\"wp-block-woocommerce-cart-order-summary-totals-block\">\n<div data-block-name=\"woocommerce\/cart-order-summary-subtotal-block\" class=\"wp-block-woocommerce-cart-order-summary-subtotal-block\"><\/div>\n\n\n\n<div data-block-name=\"woocommerce\/cart-order-summary-fee-block\" class=\"wp-block-woocommerce-cart-order-summary-fee-block\"><\/div>\n\n\n\n<div data-block-name=\"woocommerce\/cart-order-summary-discount-block\" class=\"wp-block-woocommerce-cart-order-summary-discount-block\"><\/div>\n\n\n\n<div data-block-name=\"woocommerce\/cart-order-summary-shipping-block\" class=\"wp-block-woocommerce-cart-order-summary-shipping-block\"><\/div>\n\n\n\n<div data-block-name=\"woocommerce\/cart-order-summary-taxes-block\" class=\"wp-block-woocommerce-cart-order-summary-taxes-block\"><\/div>\n<\/div>\n<\/div>\n\n\n\n<div data-block-name=\"woocommerce\/cart-express-payment-block\" class=\"wp-block-woocommerce-cart-express-payment-block\"><\/div>\n\n\n\n<div data-block-name=\"woocommerce\/proceed-to-checkout-block\" class=\"wp-block-woocommerce-proceed-to-checkout-block\"><\/div>\n\n\n\n<div data-block-name=\"woocommerce\/cart-accepted-payment-methods-block\" class=\"wp-block-woocommerce-cart-accepted-payment-methods-block\"><\/div>\n<\/div>\n<\/div>\n\n\n\n<div data-block-name=\"woocommerce\/empty-cart-block\" class=\"wp-block-woocommerce-empty-cart-block\">\n<h2 class=\"with-empty-cart-icon wc-block-cart__empty-cart__title wp-block-heading has-text-align-center\">Your cart is currently empty!<\/h2>\n\n\n\n<hr class=\"is-style-dots wp-block-separator has-alpha-channel-opacity\"\/>\n\n\n\n<h2 class=\"wp-block-heading has-text-align-center\">New in store<\/h2>\n\n\n<div data-block-name=\"woocommerce\/product-new\" data-columns=\"4\" data-rows=\"1\" class=\"wc-block-grid wp-block-product-new wp-block-woocommerce-product-new wc-block-product-new has-4-columns\"><ul class=\"wc-block-grid__products\"><li class=\"wc-block-grid__product\">\n\t\t\t\t<a href=\"https:\/\/lestrictminimum.com\/en\/product\/formation-de-desencombrement-module-d\/\" class=\"wc-block-grid__product-link\">\n\t\t\t\t\t\n\t\t\t\t\t<div class=\"wc-block-grid__product-image\"><img data-recalc-dims=\"1\" fetchpriority=\"high\" decoding=\"async\" width=\"300\" height=\"300\" src=\"https:\/\/i0.wp.com\/lestrictminimum.com\/wp-content\/uploads\/2025\/04\/MODULE-D-FORMATION.jpg?resize=300%2C300&#038;ssl=1\" class=\"attachment-woocommerce_thumbnail size-woocommerce_thumbnail\" alt=\"Formation de d\u00e9sencombrement - Module D\" srcset=\"https:\/\/i0.wp.com\/lestrictminimum.com\/wp-content\/uploads\/2025\/04\/MODULE-D-FORMATION.jpg?resize=300%2C300&amp;ssl=1 300w, https:\/\/i0.wp.com\/lestrictminimum.com\/wp-content\/uploads\/2025\/04\/MODULE-D-FORMATION.jpg?resize=1024%2C1024&amp;ssl=1 1024w, https:\/\/i0.wp.com\/lestrictminimum.com\/wp-content\/uploads\/2025\/04\/MODULE-D-FORMATION.jpg?resize=150%2C150&amp;ssl=1 150w, https:\/\/i0.wp.com\/lestrictminimum.com\/wp-content\/uploads\/2025\/04\/MODULE-D-FORMATION.jpg?resize=768%2C768&amp;ssl=1 768w, https:\/\/i0.wp.com\/lestrictminimum.com\/wp-content\/uploads\/2025\/04\/MODULE-D-FORMATION.jpg?resize=12%2C12&amp;ssl=1 12w, https:\/\/i0.wp.com\/lestrictminimum.com\/wp-content\/uploads\/2025\/04\/MODULE-D-FORMATION.jpg?resize=850%2C850&amp;ssl=1 850w, https:\/\/i0.wp.com\/lestrictminimum.com\/wp-content\/uploads\/2025\/04\/MODULE-D-FORMATION.jpg?resize=600%2C600&amp;ssl=1 600w, https:\/\/i0.wp.com\/lestrictminimum.com\/wp-content\/uploads\/2025\/04\/MODULE-D-FORMATION.jpg?resize=100%2C100&amp;ssl=1 100w, https:\/\/i0.wp.com\/lestrictminimum.com\/wp-content\/uploads\/2025\/04\/MODULE-D-FORMATION.jpg?w=1080&amp;ssl=1 1080w\" sizes=\"(max-width: 300px) 100vw, 300px\" \/><\/div>\n\t\t\t\t\t<div class=\"wc-block-grid__product-title\">Formation de d\u00e9sencombrement &#8211; Module D<\/div>\n\t\t\t\t<\/a>\n\t\t\t\t<div class=\"wc-block-grid__product-price price\"><span class=\"woocommerce-Price-amount amount\">30.00&nbsp;<span class=\"woocommerce-Price-currencySymbol\">&#036;<\/span><\/span><\/div>\n\t\t\t\t\n\t\t\t\t<div class=\"wp-block-button wc-block-grid__product-add-to-cart\"><a href=\"\/en\/wp-json\/wp\/v2\/pages\/621?add-to-cart=1059\" aria-label=\"Add to cart: \u201cFormation de d\u00e9sencombrement - Module D\u201d\" data-quantity=\"1\" data-product_id=\"1059\" data-product_sku=\"\" data-price=\"30\" rel=\"nofollow\" class=\"wp-block-button__link  add_to_cart_button ajax_add_to_cart\" data-no-translation=\"\" data-trp-gettext=\"\" data-no-translation-aria-label=\"\">Add to cart<\/a><\/div>\n\t\t\t<\/li><li class=\"wc-block-grid__product\">\n\t\t\t\t<a href=\"https:\/\/lestrictminimum.com\/en\/product\/formation-de-desencombrement-module-c\/\" class=\"wc-block-grid__product-link\">\n\t\t\t\t\t\n\t\t\t\t\t<div class=\"wc-block-grid__product-image\"><img data-recalc-dims=\"1\" decoding=\"async\" width=\"300\" height=\"300\" src=\"https:\/\/i0.wp.com\/lestrictminimum.com\/wp-content\/uploads\/2025\/04\/MODULE-C-FORMATION.jpg?resize=300%2C300&#038;ssl=1\" class=\"attachment-woocommerce_thumbnail size-woocommerce_thumbnail\" alt=\"Formation de d\u00e9sencombrement - Module C\" srcset=\"https:\/\/i0.wp.com\/lestrictminimum.com\/wp-content\/uploads\/2025\/04\/MODULE-C-FORMATION.jpg?resize=300%2C300&amp;ssl=1 300w, https:\/\/i0.wp.com\/lestrictminimum.com\/wp-content\/uploads\/2025\/04\/MODULE-C-FORMATION.jpg?resize=1024%2C1024&amp;ssl=1 1024w, https:\/\/i0.wp.com\/lestrictminimum.com\/wp-content\/uploads\/2025\/04\/MODULE-C-FORMATION.jpg?resize=150%2C150&amp;ssl=1 150w, https:\/\/i0.wp.com\/lestrictminimum.com\/wp-content\/uploads\/2025\/04\/MODULE-C-FORMATION.jpg?resize=768%2C768&amp;ssl=1 768w, https:\/\/i0.wp.com\/lestrictminimum.com\/wp-content\/uploads\/2025\/04\/MODULE-C-FORMATION.jpg?resize=12%2C12&amp;ssl=1 12w, https:\/\/i0.wp.com\/lestrictminimum.com\/wp-content\/uploads\/2025\/04\/MODULE-C-FORMATION.jpg?resize=850%2C850&amp;ssl=1 850w, https:\/\/i0.wp.com\/lestrictminimum.com\/wp-content\/uploads\/2025\/04\/MODULE-C-FORMATION.jpg?resize=600%2C600&amp;ssl=1 600w, https:\/\/i0.wp.com\/lestrictminimum.com\/wp-content\/uploads\/2025\/04\/MODULE-C-FORMATION.jpg?resize=100%2C100&amp;ssl=1 100w, https:\/\/i0.wp.com\/lestrictminimum.com\/wp-content\/uploads\/2025\/04\/MODULE-C-FORMATION.jpg?w=1080&amp;ssl=1 1080w\" sizes=\"(max-width: 300px) 100vw, 300px\" \/><\/div>\n\t\t\t\t\t<div class=\"wc-block-grid__product-title\">Formation de d\u00e9sencombrement &#8211; Module C<\/div>\n\t\t\t\t<\/a>\n\t\t\t\t<div class=\"wc-block-grid__product-price price\"><span class=\"woocommerce-Price-amount amount\">30.00&nbsp;<span class=\"woocommerce-Price-currencySymbol\">&#036;<\/span><\/span><\/div>\n\t\t\t\t\n\t\t\t\t<div class=\"wp-block-button wc-block-grid__product-add-to-cart\"><a href=\"\/en\/wp-json\/wp\/v2\/pages\/621?add-to-cart=1055\" aria-label=\"Add to cart: \u201cFormation de d\u00e9sencombrement - Module C\u201d\" data-quantity=\"1\" data-product_id=\"1055\" data-product_sku=\"\" data-price=\"30\" rel=\"nofollow\" class=\"wp-block-button__link  add_to_cart_button ajax_add_to_cart\" data-no-translation=\"\" data-trp-gettext=\"\" data-no-translation-aria-label=\"\">Add to cart<\/a><\/div>\n\t\t\t<\/li><li class=\"wc-block-grid__product\">\n\t\t\t\t<a href=\"https:\/\/lestrictminimum.com\/en\/product\/formation-de-desencombrement-module-b\/\" class=\"wc-block-grid__product-link\">\n\t\t\t\t\t\n\t\t\t\t\t<div class=\"wc-block-grid__product-image\"><img data-recalc-dims=\"1\" decoding=\"async\" width=\"300\" height=\"300\" src=\"https:\/\/i0.wp.com\/lestrictminimum.com\/wp-content\/uploads\/2025\/04\/MODULE-B-FORMATION.jpg?resize=300%2C300&#038;ssl=1\" class=\"attachment-woocommerce_thumbnail size-woocommerce_thumbnail\" alt=\"Formation de d\u00e9sencombrement - Module B\" srcset=\"https:\/\/i0.wp.com\/lestrictminimum.com\/wp-content\/uploads\/2025\/04\/MODULE-B-FORMATION.jpg?resize=300%2C300&amp;ssl=1 300w, https:\/\/i0.wp.com\/lestrictminimum.com\/wp-content\/uploads\/2025\/04\/MODULE-B-FORMATION.jpg?resize=1024%2C1024&amp;ssl=1 1024w, https:\/\/i0.wp.com\/lestrictminimum.com\/wp-content\/uploads\/2025\/04\/MODULE-B-FORMATION.jpg?resize=150%2C150&amp;ssl=1 150w, https:\/\/i0.wp.com\/lestrictminimum.com\/wp-content\/uploads\/2025\/04\/MODULE-B-FORMATION.jpg?resize=768%2C768&amp;ssl=1 768w, https:\/\/i0.wp.com\/lestrictminimum.com\/wp-content\/uploads\/2025\/04\/MODULE-B-FORMATION.jpg?resize=12%2C12&amp;ssl=1 12w, https:\/\/i0.wp.com\/lestrictminimum.com\/wp-content\/uploads\/2025\/04\/MODULE-B-FORMATION.jpg?resize=850%2C850&amp;ssl=1 850w, https:\/\/i0.wp.com\/lestrictminimum.com\/wp-content\/uploads\/2025\/04\/MODULE-B-FORMATION.jpg?resize=600%2C600&amp;ssl=1 600w, https:\/\/i0.wp.com\/lestrictminimum.com\/wp-content\/uploads\/2025\/04\/MODULE-B-FORMATION.jpg?resize=100%2C100&amp;ssl=1 100w, https:\/\/i0.wp.com\/lestrictminimum.com\/wp-content\/uploads\/2025\/04\/MODULE-B-FORMATION.jpg?w=1080&amp;ssl=1 1080w\" sizes=\"(max-width: 300px) 100vw, 300px\" \/><\/div>\n\t\t\t\t\t<div class=\"wc-block-grid__product-title\">Formation de d\u00e9sencombrement &#8211; Module B<\/div>\n\t\t\t\t<\/a>\n\t\t\t\t<div class=\"wc-block-grid__product-price price\"><span class=\"woocommerce-Price-amount amount\">30.00&nbsp;<span class=\"woocommerce-Price-currencySymbol\">&#036;<\/span><\/span><\/div>\n\t\t\t\t\n\t\t\t\t<div class=\"wp-block-button wc-block-grid__product-add-to-cart\"><a href=\"\/en\/wp-json\/wp\/v2\/pages\/621?add-to-cart=1052\" aria-label=\"Add to cart: \u201cFormation de d\u00e9sencombrement - Module B\u201d\" data-quantity=\"1\" data-product_id=\"1052\" data-product_sku=\"\" data-price=\"30\" rel=\"nofollow\" class=\"wp-block-button__link  add_to_cart_button ajax_add_to_cart\" data-no-translation=\"\" data-trp-gettext=\"\" data-no-translation-aria-label=\"\">Add to cart<\/a><\/div>\n\t\t\t<\/li><li class=\"wc-block-grid__product\">\n\t\t\t\t<a href=\"https:\/\/lestrictminimum.com\/en\/product\/formation-de-desencombrement-a\/\" class=\"wc-block-grid__product-link\">\n\t\t\t\t\t\n\t\t\t\t\t<div class=\"wc-block-grid__product-image\"><img data-recalc-dims=\"1\" loading=\"lazy\" decoding=\"async\" width=\"300\" height=\"300\" src=\"https:\/\/i0.wp.com\/lestrictminimum.com\/wp-content\/uploads\/2025\/04\/MODULE-A-FORMATION.jpg?resize=300%2C300&#038;ssl=1\" class=\"attachment-woocommerce_thumbnail size-woocommerce_thumbnail\" alt=\"Formation de d\u00e9sencombrement - Module A\" srcset=\"https:\/\/i0.wp.com\/lestrictminimum.com\/wp-content\/uploads\/2025\/04\/MODULE-A-FORMATION.jpg?resize=300%2C300&amp;ssl=1 300w, https:\/\/i0.wp.com\/lestrictminimum.com\/wp-content\/uploads\/2025\/04\/MODULE-A-FORMATION.jpg?resize=1024%2C1024&amp;ssl=1 1024w, https:\/\/i0.wp.com\/lestrictminimum.com\/wp-content\/uploads\/2025\/04\/MODULE-A-FORMATION.jpg?resize=150%2C150&amp;ssl=1 150w, https:\/\/i0.wp.com\/lestrictminimum.com\/wp-content\/uploads\/2025\/04\/MODULE-A-FORMATION.jpg?resize=768%2C768&amp;ssl=1 768w, https:\/\/i0.wp.com\/lestrictminimum.com\/wp-content\/uploads\/2025\/04\/MODULE-A-FORMATION.jpg?resize=12%2C12&amp;ssl=1 12w, https:\/\/i0.wp.com\/lestrictminimum.com\/wp-content\/uploads\/2025\/04\/MODULE-A-FORMATION.jpg?resize=850%2C850&amp;ssl=1 850w, https:\/\/i0.wp.com\/lestrictminimum.com\/wp-content\/uploads\/2025\/04\/MODULE-A-FORMATION.jpg?resize=600%2C600&amp;ssl=1 600w, https:\/\/i0.wp.com\/lestrictminimum.com\/wp-content\/uploads\/2025\/04\/MODULE-A-FORMATION.jpg?resize=100%2C100&amp;ssl=1 100w, https:\/\/i0.wp.com\/lestrictminimum.com\/wp-content\/uploads\/2025\/04\/MODULE-A-FORMATION.jpg?w=1080&amp;ssl=1 1080w\" sizes=\"(max-width: 300px) 100vw, 300px\" \/><\/div>\n\t\t\t\t\t<div class=\"wc-block-grid__product-title\">Formation de d\u00e9sencombrement &#8211; Module A<\/div>\n\t\t\t\t<\/a>\n\t\t\t\t<div class=\"wc-block-grid__product-price price\"><span class=\"woocommerce-Price-amount amount\">30.00&nbsp;<span class=\"woocommerce-Price-currencySymbol\">&#036;<\/span><\/span><\/div>\n\t\t\t\t\n\t\t\t\t<div class=\"wp-block-button wc-block-grid__product-add-to-cart\"><a href=\"\/en\/wp-json\/wp\/v2\/pages\/621?add-to-cart=1049\" aria-label=\"Add to cart: \u201cFormation de d\u00e9sencombrement - Module A\u201d\" data-quantity=\"1\" data-product_id=\"1049\" data-product_sku=\"\" data-price=\"30\" rel=\"nofollow\" class=\"wp-block-button__link  add_to_cart_button ajax_add_to_cart\" data-no-translation=\"\" data-trp-gettext=\"\" data-no-translation-aria-label=\"\">Add to cart<\/a><\/div>\n\t\t\t<\/li><\/ul><\/div><\/div>\n<\/div>\n\n\n\n<p class=\"\"><\/p>","protected":false},"excerpt":{"rendered":"","protected":false},"author":1,"featured_media":0,"parent":0,"menu_order":0,"comment_status":"closed","ping_status":"closed","template":"","meta":{"nf_dc_page":"","_monsterinsights_skip_tracking":false,"_monsterinsights_sitenote_active":false,"_monsterinsights_sitenote_note":"","_monsterinsights_sitenote_category":0,"jetpack_post_was_ever_published":false,"footnotes":""},"class_list":["post-621","page","type-page","status-publish","hentry"],"yoast_head":"<!-- This site is optimized with the Yoast SEO plugin v27.4 - https:\/\/yoast.com\/product\/yoast-seo-wordpress\/ -->\n<title>Mon Panier - Lestrictminimum<\/title>\n<meta name=\"robots\" content=\"index, follow, max-snippet:-1, max-image-preview:large, max-video-preview:-1\" \/>\n<link rel=\"canonical\" href=\"https:\/\/lestrictminimum.com\/en\/cart\/\" \/>\n<meta property=\"og:locale\" content=\"en_US\" \/>\n<meta property=\"og:type\" content=\"article\" \/>\n<meta property=\"og:title\" content=\"Mon Panier - Lestrictminimum\" \/>\n<meta property=\"og:url\" content=\"https:\/\/lestrictminimum.com\/en\/cart\/\" \/>\n<meta property=\"og:site_name\" content=\"Lestrictminimum\" \/>\n<meta property=\"article:publisher\" content=\"https:\/\/www.facebook.com\/lestrictminimun\" \/>\n<meta property=\"article:modified_time\" content=\"2024-10-01T01:41:27+00:00\" \/>\n<meta name=\"twitter:card\" content=\"summary_large_image\" \/>\n<meta name=\"twitter:label1\" content=\"Est. reading time\" \/>\n\t<meta name=\"twitter:data1\" content=\"1 minute\" \/>\n<script type=\"application\/ld+json\" class=\"yoast-schema-graph\">{\"@context\":\"https:\\\/\\\/schema.org\",\"@graph\":[{\"@type\":\"WebPage\",\"@id\":\"https:\\\/\\\/lestrictminimum.com\\\/cart\\\/\",\"url\":\"https:\\\/\\\/lestrictminimum.com\\\/cart\\\/\",\"name\":\"Mon Panier - Lestrictminimum\",\"isPartOf\":{\"@id\":\"http:\\\/\\\/box5125.temp.domains\\\/~lestrict\\\/#website\"},\"datePublished\":\"2024-02-29T11:56:56+00:00\",\"dateModified\":\"2024-10-01T01:41:27+00:00\",\"breadcrumb\":{\"@id\":\"https:\\\/\\\/lestrictminimum.com\\\/cart\\\/#breadcrumb\"},\"inLanguage\":\"en-US\",\"potentialAction\":[{\"@type\":\"ReadAction\",\"target\":[\"https:\\\/\\\/lestrictminimum.com\\\/cart\\\/\"]}]},{\"@type\":\"BreadcrumbList\",\"@id\":\"https:\\\/\\\/lestrictminimum.com\\\/cart\\\/#breadcrumb\",\"itemListElement\":[{\"@type\":\"ListItem\",\"position\":1,\"name\":\"Accueil\",\"item\":\"https:\\\/\\\/lestrictminimum.com\\\/\"},{\"@type\":\"ListItem\",\"position\":2,\"name\":\"Mon Panier\"}]},{\"@type\":\"WebSite\",\"@id\":\"http:\\\/\\\/box5125.temp.domains\\\/~lestrict\\\/#website\",\"url\":\"http:\\\/\\\/box5125.temp.domains\\\/~lestrict\\\/\",\"name\":\"Lestrictminimum\",\"description\":\"Je suis Joannie de Le Strict Minimum, un site pour simplifier la vie : minimalisme, d\u00e9sencombrement et conseils pour une vie \u00e9pur\u00e9e.\",\"publisher\":{\"@id\":\"http:\\\/\\\/box5125.temp.domains\\\/~lestrict\\\/#organization\"},\"potentialAction\":[{\"@type\":\"SearchAction\",\"target\":{\"@type\":\"EntryPoint\",\"urlTemplate\":\"http:\\\/\\\/box5125.temp.domains\\\/~lestrict\\\/?s={search_term_string}\"},\"query-input\":{\"@type\":\"PropertyValueSpecification\",\"valueRequired\":true,\"valueName\":\"search_term_string\"}}],\"inLanguage\":\"en-US\"},{\"@type\":\"Organization\",\"@id\":\"http:\\\/\\\/box5125.temp.domains\\\/~lestrict\\\/#organization\",\"name\":\"Le strict minimum\",\"url\":\"http:\\\/\\\/box5125.temp.domains\\\/~lestrict\\\/\",\"logo\":{\"@type\":\"ImageObject\",\"inLanguage\":\"en-US\",\"@id\":\"http:\\\/\\\/box5125.temp.domains\\\/~lestrict\\\/#\\\/schema\\\/logo\\\/image\\\/\",\"url\":\"https:\\\/\\\/i0.wp.com\\\/lestrictminimum.com\\\/wp-content\\\/uploads\\\/2024\\\/09\\\/cropped-cropped-Screenshot-2024-09-24-23.38.53-1.png?fit=639%2C268&ssl=1\",\"contentUrl\":\"https:\\\/\\\/i0.wp.com\\\/lestrictminimum.com\\\/wp-content\\\/uploads\\\/2024\\\/09\\\/cropped-cropped-Screenshot-2024-09-24-23.38.53-1.png?fit=639%2C268&ssl=1\",\"width\":639,\"height\":268,\"caption\":\"Le strict minimum\"},\"image\":{\"@id\":\"http:\\\/\\\/box5125.temp.domains\\\/~lestrict\\\/#\\\/schema\\\/logo\\\/image\\\/\"},\"sameAs\":[\"https:\\\/\\\/www.facebook.com\\\/lestrictminimun\",\"https:\\\/\\\/www.tiktok.com\\\/@lestrictminimum\"]}]}<\/script>\n<!-- \/ Yoast SEO plugin. -->","yoast_head_json":{"title":"Mon Panier - Lestrictminimum","robots":{"index":"index","follow":"follow","max-snippet":"max-snippet:-1","max-image-preview":"max-image-preview:large","max-video-preview":"max-video-preview:-1"},"canonical":"https:\/\/lestrictminimum.com\/en\/cart\/","og_locale":"en_US","og_type":"article","og_title":"Mon Panier - Lestrictminimum","og_url":"https:\/\/lestrictminimum.com\/en\/cart\/","og_site_name":"Lestrictminimum","article_publisher":"https:\/\/www.facebook.com\/lestrictminimun","article_modified_time":"2024-10-01T01:41:27+00:00","twitter_card":"summary_large_image","twitter_misc":{"Est. reading time":"1 minute"},"schema":{"@context":"https:\/\/schema.org","@graph":[{"@type":"WebPage","@id":"https:\/\/lestrictminimum.com\/cart\/","url":"https:\/\/lestrictminimum.com\/cart\/","name":"Mon Panier - Lestrictminimum","isPartOf":{"@id":"http:\/\/box5125.temp.domains\/~lestrict\/#website"},"datePublished":"2024-02-29T11:56:56+00:00","dateModified":"2024-10-01T01:41:27+00:00","breadcrumb":{"@id":"https:\/\/lestrictminimum.com\/cart\/#breadcrumb"},"inLanguage":"en-US","potentialAction":[{"@type":"ReadAction","target":["https:\/\/lestrictminimum.com\/cart\/"]}]},{"@type":"BreadcrumbList","@id":"https:\/\/lestrictminimum.com\/cart\/#breadcrumb","itemListElement":[{"@type":"ListItem","position":1,"name":"Accueil","item":"https:\/\/lestrictminimum.com\/"},{"@type":"ListItem","position":2,"name":"Mon Panier"}]},{"@type":"WebSite","@id":"http:\/\/box5125.temp.domains\/~lestrict\/#website","url":"http:\/\/box5125.temp.domains\/~lestrict\/","name":"Lestrictminimum","description":"Je suis Joannie de Le Strict Minimum, un site pour simplifier la vie : minimalisme, d\u00e9sencombrement et conseils pour une vie \u00e9pur\u00e9e.","publisher":{"@id":"http:\/\/box5125.temp.domains\/~lestrict\/#organization"},"potentialAction":[{"@type":"SearchAction","target":{"@type":"EntryPoint","urlTemplate":"http:\/\/box5125.temp.domains\/~lestrict\/?s={search_term_string}"},"query-input":{"@type":"PropertyValueSpecification","valueRequired":true,"valueName":"search_term_string"}}],"inLanguage":"en-US"},{"@type":"Organization","@id":"http:\/\/box5125.temp.domains\/~lestrict\/#organization","name":"Le strict minimum","url":"http:\/\/box5125.temp.domains\/~lestrict\/","logo":{"@type":"ImageObject","inLanguage":"en-US","@id":"http:\/\/box5125.temp.domains\/~lestrict\/#\/schema\/logo\/image\/","url":"https:\/\/i0.wp.com\/lestrictminimum.com\/wp-content\/uploads\/2024\/09\/cropped-cropped-Screenshot-2024-09-24-23.38.53-1.png?fit=639%2C268&ssl=1","contentUrl":"https:\/\/i0.wp.com\/lestrictminimum.com\/wp-content\/uploads\/2024\/09\/cropped-cropped-Screenshot-2024-09-24-23.38.53-1.png?fit=639%2C268&ssl=1","width":639,"height":268,"caption":"Le strict minimum"},"image":{"@id":"http:\/\/box5125.temp.domains\/~lestrict\/#\/schema\/logo\/image\/"},"sameAs":["https:\/\/www.facebook.com\/lestrictminimun","https:\/\/www.tiktok.com\/@lestrictminimum"]}]}},"jetpack-related-posts":[{"id":927,"url":"https:\/\/lestrictminimum.com\/en\/thank-you\/","url_meta":{"origin":621,"position":0},"title":"Thank you","author":"lestrictminimum","date":"11 October 2024","format":false,"excerpt":"Booking ID: [booking_id] Your Appointment Booked successfully! We have sent your booking information to your email address. Service: [bookingpress_appointment_service] Date & Time: [bookingpress_appointment_datetime] Customer Name: [bookingpress_appointment_customername] Add to Calendar [bookingpress_appointment_calendar_integration]","rel":"","context":"Similar post","block_context":{"text":"Similar post","link":""},"img":{"alt_text":"","src":"","width":0,"height":0},"classes":[]},{"id":872,"url":"https:\/\/lestrictminimum.com\/en\/confirmation\/","url_meta":{"origin":621,"position":1},"title":"Confirmation","author":"lestrictminimum","date":"30 September 2024","format":false,"excerpt":"Thank you for your purchase!","rel":"","context":"Similar post","block_context":{"text":"Similar post","link":""},"img":{"alt_text":"","src":"","width":0,"height":0},"classes":[]},{"id":928,"url":"https:\/\/lestrictminimum.com\/en\/cancel-appointment\/","url_meta":{"origin":621,"position":2},"title":"Appointment canceled","author":"lestrictminimum","date":"11 October 2024","format":false,"excerpt":"Sorry to hear that you have requested for cancel the appointment. We have sent an email notification for cancel appointment. So please click on the button to cancel the appointment.","rel":"","context":"Similar post","block_context":{"text":"Similar post","link":""},"img":{"alt_text":"","src":"","width":0,"height":0},"classes":[]}],"jetpack_sharing_enabled":true,"_links":{"self":[{"href":"https:\/\/lestrictminimum.com\/en\/wp-json\/wp\/v2\/pages\/621","targetHints":{"allow":["GET"]}}],"collection":[{"href":"https:\/\/lestrictminimum.com\/en\/wp-json\/wp\/v2\/pages"}],"about":[{"href":"https:\/\/lestrictminimum.com\/en\/wp-json\/wp\/v2\/types\/page"}],"author":[{"embeddable":true,"href":"https:\/\/lestrictminimum.com\/en\/wp-json\/wp\/v2\/users\/1"}],"replies":[{"embeddable":true,"href":"https:\/\/lestrictminimum.com\/en\/wp-json\/wp\/v2\/comments?post=621"}],"version-history":[{"count":3,"href":"https:\/\/lestrictminimum.com\/en\/wp-json\/wp\/v2\/pages\/621\/revisions"}],"predecessor-version":[{"id":877,"href":"https:\/\/lestrictminimum.com\/en\/wp-json\/wp\/v2\/pages\/621\/revisions\/877"}],"wp:attachment":[{"href":"https:\/\/lestrictminimum.com\/en\/wp-json\/wp\/v2\/media?parent=621"}],"curies":[{"name":"wp","href":"https:\/\/api.w.org\/{rel}","templated":true}]}}