{"id":816,"date":"2024-09-24T19:11:57","date_gmt":"2024-09-25T00:11:57","guid":{"rendered":"https:\/\/lestrictminimum.com\/?post_type=product&#038;p=816"},"modified":"2026-03-13T19:56:57","modified_gmt":"2026-03-14T00:56:57","slug":"budget-2024-feuille-de-calcul-google","status":"publish","type":"product","link":"https:\/\/lestrictminimum.com\/en\/product\/budget-2024-feuille-de-calcul-google\/","title":{"rendered":"Budget et Bilan Mensuel"},"content":{"rendered":"<p>Voici le fichier de budget pour te permettre de suivre tes d\u00e9penses et tes revenus afin d\u2019am\u00e9liorer ta sant\u00e9 financi\u00e8re. \ud83d\udcb8<\/p>\n<p>Le budget est un outil simple te permettant d\u2019inscrire toutes tes sorties et entr\u00e9es d\u2019argent. Aussi, il y a un bilan mensuel pour te permettre de voir la progression.<\/p>\n<p>Si tu veux am\u00e9liorer ta sant\u00e9 financi\u00e8re et suivre tes transactions courantes, le budget est parfait pour toi.<\/p>\n<p>Fichier &#8211; Feuille de Calcul Google &#8211; Google Sheets<\/p>","protected":false},"excerpt":{"rendered":"<p>Un outil pour suivre tes entr\u00e9es et sorties d&#8217;argent tout en am\u00e9liorant ta sant\u00e9 financi\u00e8re. Avec un bilan mensuel pour suivre ta progression, ce budget est id\u00e9al pour g\u00e9rer tes finances efficacement.<\/p>","protected":false},"featured_media":1234,"comment_status":"closed","ping_status":"closed","template":"","meta":{"nf_dc_page":"","_monsterinsights_skip_tracking":false,"_monsterinsights_sitenote_active":false,"_monsterinsights_sitenote_note":"","_monsterinsights_sitenote_category":0,"jetpack_post_was_ever_published":true},"product_brand":[],"product_cat":[28],"product_tag":[],"class_list":{"0":"post-816","1":"product","2":"type-product","3":"status-publish","4":"has-post-thumbnail","6":"product_cat-finance","8":"first","9":"instock","10":"downloadable","11":"virtual","12":"sold-individually","13":"taxable","14":"purchasable","15":"product-type-simple"},"yoast_head":"<!-- This site is optimized with the Yoast SEO plugin v27.4 - https:\/\/yoast.com\/product\/yoast-seo-wordpress\/ -->\n<title>Budget et Bilan Mensuel - Lestrictminimum<\/title>\n<meta name=\"robots\" content=\"index, follow, max-snippet:-1, max-image-preview:large, max-video-preview:-1\" \/>\n<link rel=\"canonical\" href=\"https:\/\/lestrictminimum.com\/en\/product\/budget-2024-feuille-de-calcul-google\/\" \/>\n<meta property=\"og:locale\" content=\"en_US\" \/>\n<meta property=\"og:type\" content=\"article\" \/>\n<meta property=\"og:title\" content=\"Budget et Bilan Mensuel - Lestrictminimum\" \/>\n<meta property=\"og:description\" content=\"Un outil pour suivre tes entr\u00e9es et sorties d&#039;argent tout en am\u00e9liorant ta sant\u00e9 financi\u00e8re. Avec un bilan mensuel pour suivre ta progression, ce budget est id\u00e9al pour g\u00e9rer tes finances efficacement.\" \/>\n<meta property=\"og:url\" content=\"https:\/\/lestrictminimum.com\/en\/product\/budget-2024-feuille-de-calcul-google\/\" \/>\n<meta property=\"og:site_name\" content=\"Lestrictminimum\" \/>\n<meta property=\"article:publisher\" content=\"https:\/\/www.facebook.com\/lestrictminimun\" \/>\n<meta property=\"article:modified_time\" content=\"2026-03-14T00:56:57+00:00\" \/>\n<meta property=\"og:image\" content=\"https:\/\/lestrictminimum.com\/wp-content\/uploads\/2024\/09\/Screenshot-2026-03-13-20.37.20.png\" \/>\n\t<meta property=\"og:image:width\" content=\"723\" \/>\n\t<meta property=\"og:image:height\" content=\"560\" \/>\n\t<meta property=\"og:image:type\" content=\"image\/png\" \/>\n<meta name=\"twitter:card\" content=\"summary_large_image\" \/>\n<meta name=\"twitter:label1\" content=\"Est. reading time\" \/>\n\t<meta name=\"twitter:data1\" content=\"1 minute\" \/>\n<script type=\"application\/ld+json\" class=\"yoast-schema-graph\">{\"@context\":\"https:\\\/\\\/schema.org\",\"@graph\":[{\"@type\":\"WebPage\",\"@id\":\"https:\\\/\\\/lestrictminimum.com\\\/product\\\/budget-2024-feuille-de-calcul-google\\\/\",\"url\":\"https:\\\/\\\/lestrictminimum.com\\\/product\\\/budget-2024-feuille-de-calcul-google\\\/\",\"name\":\"Budget et Bilan Mensuel - Lestrictminimum\",\"isPartOf\":{\"@id\":\"http:\\\/\\\/box5125.temp.domains\\\/~lestrict\\\/#website\"},\"primaryImageOfPage\":{\"@id\":\"https:\\\/\\\/lestrictminimum.com\\\/product\\\/budget-2024-feuille-de-calcul-google\\\/#primaryimage\"},\"image\":{\"@id\":\"https:\\\/\\\/lestrictminimum.com\\\/product\\\/budget-2024-feuille-de-calcul-google\\\/#primaryimage\"},\"thumbnailUrl\":\"https:\\\/\\\/i0.wp.com\\\/lestrictminimum.com\\\/wp-content\\\/uploads\\\/2024\\\/09\\\/Screenshot-2026-03-13-20.37.20.png?fit=723%2C560&ssl=1\",\"datePublished\":\"2024-09-25T00:11:57+00:00\",\"dateModified\":\"2026-03-14T00:56:57+00:00\",\"breadcrumb\":{\"@id\":\"https:\\\/\\\/lestrictminimum.com\\\/product\\\/budget-2024-feuille-de-calcul-google\\\/#breadcrumb\"},\"inLanguage\":\"en-US\",\"potentialAction\":[{\"@type\":\"ReadAction\",\"target\":[\"https:\\\/\\\/lestrictminimum.com\\\/product\\\/budget-2024-feuille-de-calcul-google\\\/\"]}]},{\"@type\":\"ImageObject\",\"inLanguage\":\"en-US\",\"@id\":\"https:\\\/\\\/lestrictminimum.com\\\/product\\\/budget-2024-feuille-de-calcul-google\\\/#primaryimage\",\"url\":\"https:\\\/\\\/i0.wp.com\\\/lestrictminimum.com\\\/wp-content\\\/uploads\\\/2024\\\/09\\\/Screenshot-2026-03-13-20.37.20.png?fit=723%2C560&ssl=1\",\"contentUrl\":\"https:\\\/\\\/i0.wp.com\\\/lestrictminimum.com\\\/wp-content\\\/uploads\\\/2024\\\/09\\\/Screenshot-2026-03-13-20.37.20.png?fit=723%2C560&ssl=1\",\"width\":723,\"height\":560},{\"@type\":\"BreadcrumbList\",\"@id\":\"https:\\\/\\\/lestrictminimum.com\\\/product\\\/budget-2024-feuille-de-calcul-google\\\/#breadcrumb\",\"itemListElement\":[{\"@type\":\"ListItem\",\"position\":1,\"name\":\"Accueil\",\"item\":\"https:\\\/\\\/lestrictminimum.com\\\/\"},{\"@type\":\"ListItem\",\"position\":2,\"name\":\"Budget et Bilan Mensuel\"}]},{\"@type\":\"WebSite\",\"@id\":\"http:\\\/\\\/box5125.temp.domains\\\/~lestrict\\\/#website\",\"url\":\"http:\\\/\\\/box5125.temp.domains\\\/~lestrict\\\/\",\"name\":\"Lestrictminimum\",\"description\":\"Je suis Joannie de Le Strict Minimum, un site pour simplifier la vie : minimalisme, d\u00e9sencombrement et conseils pour une vie \u00e9pur\u00e9e.\",\"publisher\":{\"@id\":\"http:\\\/\\\/box5125.temp.domains\\\/~lestrict\\\/#organization\"},\"potentialAction\":[{\"@type\":\"SearchAction\",\"target\":{\"@type\":\"EntryPoint\",\"urlTemplate\":\"http:\\\/\\\/box5125.temp.domains\\\/~lestrict\\\/?s={search_term_string}\"},\"query-input\":{\"@type\":\"PropertyValueSpecification\",\"valueRequired\":true,\"valueName\":\"search_term_string\"}}],\"inLanguage\":\"en-US\"},{\"@type\":\"Organization\",\"@id\":\"http:\\\/\\\/box5125.temp.domains\\\/~lestrict\\\/#organization\",\"name\":\"Le strict minimum\",\"url\":\"http:\\\/\\\/box5125.temp.domains\\\/~lestrict\\\/\",\"logo\":{\"@type\":\"ImageObject\",\"inLanguage\":\"en-US\",\"@id\":\"http:\\\/\\\/box5125.temp.domains\\\/~lestrict\\\/#\\\/schema\\\/logo\\\/image\\\/\",\"url\":\"https:\\\/\\\/i0.wp.com\\\/lestrictminimum.com\\\/wp-content\\\/uploads\\\/2024\\\/09\\\/cropped-cropped-Screenshot-2024-09-24-23.38.53-1.png?fit=639%2C268&ssl=1\",\"contentUrl\":\"https:\\\/\\\/i0.wp.com\\\/lestrictminimum.com\\\/wp-content\\\/uploads\\\/2024\\\/09\\\/cropped-cropped-Screenshot-2024-09-24-23.38.53-1.png?fit=639%2C268&ssl=1\",\"width\":639,\"height\":268,\"caption\":\"Le strict minimum\"},\"image\":{\"@id\":\"http:\\\/\\\/box5125.temp.domains\\\/~lestrict\\\/#\\\/schema\\\/logo\\\/image\\\/\"},\"sameAs\":[\"https:\\\/\\\/www.facebook.com\\\/lestrictminimun\",\"https:\\\/\\\/www.tiktok.com\\\/@lestrictminimum\"]}]}<\/script>\n<!-- \/ Yoast SEO plugin. -->","yoast_head_json":{"title":"Budget et Bilan Mensuel - Lestrictminimum","robots":{"index":"index","follow":"follow","max-snippet":"max-snippet:-1","max-image-preview":"max-image-preview:large","max-video-preview":"max-video-preview:-1"},"canonical":"https:\/\/lestrictminimum.com\/en\/product\/budget-2024-feuille-de-calcul-google\/","og_locale":"en_US","og_type":"article","og_title":"Budget et Bilan Mensuel - Lestrictminimum","og_description":"Un outil pour suivre tes entr\u00e9es et sorties d'argent tout en am\u00e9liorant ta sant\u00e9 financi\u00e8re. Avec un bilan mensuel pour suivre ta progression, ce budget est id\u00e9al pour g\u00e9rer tes finances efficacement.","og_url":"https:\/\/lestrictminimum.com\/en\/product\/budget-2024-feuille-de-calcul-google\/","og_site_name":"Lestrictminimum","article_publisher":"https:\/\/www.facebook.com\/lestrictminimun","article_modified_time":"2026-03-14T00:56:57+00:00","og_image":[{"width":723,"height":560,"url":"https:\/\/lestrictminimum.com\/wp-content\/uploads\/2024\/09\/Screenshot-2026-03-13-20.37.20.png","type":"image\/png"}],"twitter_card":"summary_large_image","twitter_misc":{"Est. reading time":"1 minute"},"schema":{"@context":"https:\/\/schema.org","@graph":[{"@type":"WebPage","@id":"https:\/\/lestrictminimum.com\/product\/budget-2024-feuille-de-calcul-google\/","url":"https:\/\/lestrictminimum.com\/product\/budget-2024-feuille-de-calcul-google\/","name":"Budget et Bilan Mensuel - Lestrictminimum","isPartOf":{"@id":"http:\/\/box5125.temp.domains\/~lestrict\/#website"},"primaryImageOfPage":{"@id":"https:\/\/lestrictminimum.com\/product\/budget-2024-feuille-de-calcul-google\/#primaryimage"},"image":{"@id":"https:\/\/lestrictminimum.com\/product\/budget-2024-feuille-de-calcul-google\/#primaryimage"},"thumbnailUrl":"https:\/\/i0.wp.com\/lestrictminimum.com\/wp-content\/uploads\/2024\/09\/Screenshot-2026-03-13-20.37.20.png?fit=723%2C560&ssl=1","datePublished":"2024-09-25T00:11:57+00:00","dateModified":"2026-03-14T00:56:57+00:00","breadcrumb":{"@id":"https:\/\/lestrictminimum.com\/product\/budget-2024-feuille-de-calcul-google\/#breadcrumb"},"inLanguage":"en-US","potentialAction":[{"@type":"ReadAction","target":["https:\/\/lestrictminimum.com\/product\/budget-2024-feuille-de-calcul-google\/"]}]},{"@type":"ImageObject","inLanguage":"en-US","@id":"https:\/\/lestrictminimum.com\/product\/budget-2024-feuille-de-calcul-google\/#primaryimage","url":"https:\/\/i0.wp.com\/lestrictminimum.com\/wp-content\/uploads\/2024\/09\/Screenshot-2026-03-13-20.37.20.png?fit=723%2C560&ssl=1","contentUrl":"https:\/\/i0.wp.com\/lestrictminimum.com\/wp-content\/uploads\/2024\/09\/Screenshot-2026-03-13-20.37.20.png?fit=723%2C560&ssl=1","width":723,"height":560},{"@type":"BreadcrumbList","@id":"https:\/\/lestrictminimum.com\/product\/budget-2024-feuille-de-calcul-google\/#breadcrumb","itemListElement":[{"@type":"ListItem","position":1,"name":"Accueil","item":"https:\/\/lestrictminimum.com\/"},{"@type":"ListItem","position":2,"name":"Budget et Bilan Mensuel"}]},{"@type":"WebSite","@id":"http:\/\/box5125.temp.domains\/~lestrict\/#website","url":"http:\/\/box5125.temp.domains\/~lestrict\/","name":"Lestrictminimum","description":"Je suis Joannie de Le Strict Minimum, un site pour simplifier la vie : minimalisme, d\u00e9sencombrement et conseils pour une vie \u00e9pur\u00e9e.","publisher":{"@id":"http:\/\/box5125.temp.domains\/~lestrict\/#organization"},"potentialAction":[{"@type":"SearchAction","target":{"@type":"EntryPoint","urlTemplate":"http:\/\/box5125.temp.domains\/~lestrict\/?s={search_term_string}"},"query-input":{"@type":"PropertyValueSpecification","valueRequired":true,"valueName":"search_term_string"}}],"inLanguage":"en-US"},{"@type":"Organization","@id":"http:\/\/box5125.temp.domains\/~lestrict\/#organization","name":"Le strict minimum","url":"http:\/\/box5125.temp.domains\/~lestrict\/","logo":{"@type":"ImageObject","inLanguage":"en-US","@id":"http:\/\/box5125.temp.domains\/~lestrict\/#\/schema\/logo\/image\/","url":"https:\/\/i0.wp.com\/lestrictminimum.com\/wp-content\/uploads\/2024\/09\/cropped-cropped-Screenshot-2024-09-24-23.38.53-1.png?fit=639%2C268&ssl=1","contentUrl":"https:\/\/i0.wp.com\/lestrictminimum.com\/wp-content\/uploads\/2024\/09\/cropped-cropped-Screenshot-2024-09-24-23.38.53-1.png?fit=639%2C268&ssl=1","width":639,"height":268,"caption":"Le strict minimum"},"image":{"@id":"http:\/\/box5125.temp.domains\/~lestrict\/#\/schema\/logo\/image\/"},"sameAs":["https:\/\/www.facebook.com\/lestrictminimun","https:\/\/www.tiktok.com\/@lestrictminimum"]}]}},"jetpack-related-posts":[{"id":742,"url":"https:\/\/lestrictminimum.com\/en\/product\/bilan-financier-annuel-et-mensuel\/","url_meta":{"origin":816,"position":0},"title":"Bilan Financier Mensuel &#038; Annuel","author":"lestrictminimum","date":"3 March 2024","format":false,"excerpt":"Prends le contr\u00f4le de tes finances avec cet outil essentiel! Suis tes d\u00e9penses et revenus facilement, et g\u00e9n\u00e8re des graphiques automatiques chaque mois. Parfait pour identifier et corriger tes habitudes financi\u00e8res.","rel":"","context":"Similar post","block_context":{"text":"Similar post","link":""},"img":{"alt_text":"","src":"https:\/\/i0.wp.com\/lestrictminimum.com\/wp-content\/uploads\/2024\/03\/BOUTIQUE.png?fit=1080%2C1080&ssl=1&resize=350%2C200","width":350,"height":200,"srcset":"https:\/\/i0.wp.com\/lestrictminimum.com\/wp-content\/uploads\/2024\/03\/BOUTIQUE.png?fit=1080%2C1080&ssl=1&resize=350%2C200 1x, https:\/\/i0.wp.com\/lestrictminimum.com\/wp-content\/uploads\/2024\/03\/BOUTIQUE.png?fit=1080%2C1080&ssl=1&resize=525%2C300 1.5x, https:\/\/i0.wp.com\/lestrictminimum.com\/wp-content\/uploads\/2024\/03\/BOUTIQUE.png?fit=1080%2C1080&ssl=1&resize=700%2C400 2x, https:\/\/i0.wp.com\/lestrictminimum.com\/wp-content\/uploads\/2024\/03\/BOUTIQUE.png?fit=1080%2C1080&ssl=1&resize=1050%2C600 3x"},"classes":[]},{"id":843,"url":"https:\/\/lestrictminimum.com\/en\/product\/guide-dorganisation-pour-voyage\/","url_meta":{"origin":816,"position":1},"title":"Guide d&#8217;organisation pour voyage","author":"lestrictminimum","date":"24 September 2024","format":false,"excerpt":"Explorez le monde en toute s\u00e9r\u00e9nit\u00e9 avec notre guide con\u00e7u pour tous les voyageurs! Simplifiez la planification de votre aventure gr\u00e2ce \u00e0 des outils pratiques, des listes de contr\u00f4le et des conseils pour \u00e9tablir un budget r\u00e9aliste. Dites adieu au stress et profitez pleinement de chaque moment de votre voyage!\u2026","rel":"","context":"Similar post","block_context":{"text":"Similar post","link":""},"img":{"alt_text":"","src":"https:\/\/i0.wp.com\/lestrictminimum.com\/wp-content\/uploads\/2024\/09\/il_fullxfull.6065889297_rwag.jpg?fit=1080%2C1080&ssl=1&resize=350%2C200","width":350,"height":200,"srcset":"https:\/\/i0.wp.com\/lestrictminimum.com\/wp-content\/uploads\/2024\/09\/il_fullxfull.6065889297_rwag.jpg?fit=1080%2C1080&ssl=1&resize=350%2C200 1x, https:\/\/i0.wp.com\/lestrictminimum.com\/wp-content\/uploads\/2024\/09\/il_fullxfull.6065889297_rwag.jpg?fit=1080%2C1080&ssl=1&resize=525%2C300 1.5x, https:\/\/i0.wp.com\/lestrictminimum.com\/wp-content\/uploads\/2024\/09\/il_fullxfull.6065889297_rwag.jpg?fit=1080%2C1080&ssl=1&resize=700%2C400 2x, https:\/\/i0.wp.com\/lestrictminimum.com\/wp-content\/uploads\/2024\/09\/il_fullxfull.6065889297_rwag.jpg?fit=1080%2C1080&ssl=1&resize=1050%2C600 3x"},"classes":[]},{"id":1059,"url":"https:\/\/lestrictminimum.com\/en\/product\/formation-de-desencombrement-module-d\/","url_meta":{"origin":816,"position":2},"title":"Formation de d\u00e9sencombrement &#8211; Module D","author":"lestrictminimum","date":"28 April 2025","format":false,"excerpt":"Ma formation de d\u00e9sencombrement inclut 12 vid\u00e9os exclusifs et un guide de plus de 70 pages avec de l\u2019accompagnement en suppl\u00e9ment pour vous permettre de transformer l\u2019enti\u00e8ret\u00e9 de votre espace de vie, pi\u00e8ce par pi\u00e8ce, en un lieu serein et \u00e9pur\u00e9. Avec des outils concrets et un accompagnement personnalis\u00e9, vous\u2026","rel":"","context":"Similar post","block_context":{"text":"Similar post","link":""},"img":{"alt_text":"","src":"https:\/\/i0.wp.com\/lestrictminimum.com\/wp-content\/uploads\/2025\/04\/MODULE-D-FORMATION.jpg?fit=1080%2C1080&ssl=1&resize=350%2C200","width":350,"height":200,"srcset":"https:\/\/i0.wp.com\/lestrictminimum.com\/wp-content\/uploads\/2025\/04\/MODULE-D-FORMATION.jpg?fit=1080%2C1080&ssl=1&resize=350%2C200 1x, https:\/\/i0.wp.com\/lestrictminimum.com\/wp-content\/uploads\/2025\/04\/MODULE-D-FORMATION.jpg?fit=1080%2C1080&ssl=1&resize=525%2C300 1.5x, https:\/\/i0.wp.com\/lestrictminimum.com\/wp-content\/uploads\/2025\/04\/MODULE-D-FORMATION.jpg?fit=1080%2C1080&ssl=1&resize=700%2C400 2x, https:\/\/i0.wp.com\/lestrictminimum.com\/wp-content\/uploads\/2025\/04\/MODULE-D-FORMATION.jpg?fit=1080%2C1080&ssl=1&resize=1050%2C600 3x"},"classes":[]},{"id":1055,"url":"https:\/\/lestrictminimum.com\/en\/product\/formation-de-desencombrement-module-c\/","url_meta":{"origin":816,"position":3},"title":"Formation de d\u00e9sencombrement &#8211; Module C","author":"lestrictminimum","date":"28 April 2025","format":false,"excerpt":"Ma formation de d\u00e9sencombrement inclut 12 vid\u00e9os exclusifs et un guide de plus de 70 pages avec de l\u2019accompagnement en suppl\u00e9ment pour vous permettre de transformer l\u2019enti\u00e8ret\u00e9 de votre espace de vie, pi\u00e8ce par pi\u00e8ce, en un lieu serein et \u00e9pur\u00e9. Avec des outils concrets et un accompagnement personnalis\u00e9, vous\u2026","rel":"","context":"Similar post","block_context":{"text":"Similar post","link":""},"img":{"alt_text":"","src":"https:\/\/i0.wp.com\/lestrictminimum.com\/wp-content\/uploads\/2025\/04\/MODULE-C-FORMATION.jpg?fit=1080%2C1080&ssl=1&resize=350%2C200","width":350,"height":200,"srcset":"https:\/\/i0.wp.com\/lestrictminimum.com\/wp-content\/uploads\/2025\/04\/MODULE-C-FORMATION.jpg?fit=1080%2C1080&ssl=1&resize=350%2C200 1x, https:\/\/i0.wp.com\/lestrictminimum.com\/wp-content\/uploads\/2025\/04\/MODULE-C-FORMATION.jpg?fit=1080%2C1080&ssl=1&resize=525%2C300 1.5x, https:\/\/i0.wp.com\/lestrictminimum.com\/wp-content\/uploads\/2025\/04\/MODULE-C-FORMATION.jpg?fit=1080%2C1080&ssl=1&resize=700%2C400 2x, https:\/\/i0.wp.com\/lestrictminimum.com\/wp-content\/uploads\/2025\/04\/MODULE-C-FORMATION.jpg?fit=1080%2C1080&ssl=1&resize=1050%2C600 3x"},"classes":[]},{"id":916,"url":"https:\/\/lestrictminimum.com\/en\/product\/formation-de-desencombrement\/","url_meta":{"origin":816,"position":4},"title":"Formation de d\u00e9sencombrement","author":"lestrictminimum","date":"16 October 2024","format":false,"excerpt":"Ma formation de d\u00e9sencombrement inclut 12 vid\u00e9os exclusifs et un guide de plus de 70 pages avec de l'accompagnement en suppl\u00e9ment pour vous permettre de transformer l'enti\u00e8ret\u00e9 de votre espace de vie, pi\u00e8ce par pi\u00e8ce, en un lieu serein et \u00e9pur\u00e9. Avec des outils concrets et un accompagnement personnalis\u00e9, vous\u2026","rel":"","context":"Similar post","block_context":{"text":"Similar post","link":""},"img":{"alt_text":"","src":"https:\/\/i0.wp.com\/lestrictminimum.com\/wp-content\/uploads\/2024\/10\/COUVERTURE-BOUTIQUE-FORMATION.jpg?fit=1080%2C1080&ssl=1&resize=350%2C200","width":350,"height":200,"srcset":"https:\/\/i0.wp.com\/lestrictminimum.com\/wp-content\/uploads\/2024\/10\/COUVERTURE-BOUTIQUE-FORMATION.jpg?fit=1080%2C1080&ssl=1&resize=350%2C200 1x, https:\/\/i0.wp.com\/lestrictminimum.com\/wp-content\/uploads\/2024\/10\/COUVERTURE-BOUTIQUE-FORMATION.jpg?fit=1080%2C1080&ssl=1&resize=525%2C300 1.5x, https:\/\/i0.wp.com\/lestrictminimum.com\/wp-content\/uploads\/2024\/10\/COUVERTURE-BOUTIQUE-FORMATION.jpg?fit=1080%2C1080&ssl=1&resize=700%2C400 2x, https:\/\/i0.wp.com\/lestrictminimum.com\/wp-content\/uploads\/2024\/10\/COUVERTURE-BOUTIQUE-FORMATION.jpg?fit=1080%2C1080&ssl=1&resize=1050%2C600 3x"},"classes":[]},{"id":1049,"url":"https:\/\/lestrictminimum.com\/en\/product\/formation-de-desencombrement-a\/","url_meta":{"origin":816,"position":5},"title":"Formation de d\u00e9sencombrement &#8211; Module A","author":"lestrictminimum","date":"28 April 2025","format":false,"excerpt":"Ma formation de d\u00e9sencombrement inclut 12 vid\u00e9os exclusifs et un guide de plus de 70 pages avec de l\u2019accompagnement en suppl\u00e9ment pour vous permettre de transformer l\u2019enti\u00e8ret\u00e9 de votre espace de vie, pi\u00e8ce par pi\u00e8ce, en un lieu serein et \u00e9pur\u00e9. Avec des outils concrets et un accompagnement personnalis\u00e9, vous\u2026","rel":"","context":"Similar post","block_context":{"text":"Similar post","link":""},"img":{"alt_text":"","src":"https:\/\/i0.wp.com\/lestrictminimum.com\/wp-content\/uploads\/2025\/04\/MODULE-A-FORMATION.jpg?fit=1080%2C1080&ssl=1&resize=350%2C200","width":350,"height":200,"srcset":"https:\/\/i0.wp.com\/lestrictminimum.com\/wp-content\/uploads\/2025\/04\/MODULE-A-FORMATION.jpg?fit=1080%2C1080&ssl=1&resize=350%2C200 1x, https:\/\/i0.wp.com\/lestrictminimum.com\/wp-content\/uploads\/2025\/04\/MODULE-A-FORMATION.jpg?fit=1080%2C1080&ssl=1&resize=525%2C300 1.5x, https:\/\/i0.wp.com\/lestrictminimum.com\/wp-content\/uploads\/2025\/04\/MODULE-A-FORMATION.jpg?fit=1080%2C1080&ssl=1&resize=700%2C400 2x, https:\/\/i0.wp.com\/lestrictminimum.com\/wp-content\/uploads\/2025\/04\/MODULE-A-FORMATION.jpg?fit=1080%2C1080&ssl=1&resize=1050%2C600 3x"},"classes":[]}],"jetpack_sharing_enabled":true,"_links":{"self":[{"href":"https:\/\/lestrictminimum.com\/en\/wp-json\/wp\/v2\/product\/816","targetHints":{"allow":["GET"]}}],"collection":[{"href":"https:\/\/lestrictminimum.com\/en\/wp-json\/wp\/v2\/product"}],"about":[{"href":"https:\/\/lestrictminimum.com\/en\/wp-json\/wp\/v2\/types\/product"}],"replies":[{"embeddable":true,"href":"https:\/\/lestrictminimum.com\/en\/wp-json\/wp\/v2\/comments?post=816"}],"wp:featuredmedia":[{"embeddable":true,"href":"https:\/\/lestrictminimum.com\/en\/wp-json\/wp\/v2\/media\/1234"}],"wp:attachment":[{"href":"https:\/\/lestrictminimum.com\/en\/wp-json\/wp\/v2\/media?parent=816"}],"wp:term":[{"taxonomy":"product_brand","embeddable":true,"href":"https:\/\/lestrictminimum.com\/en\/wp-json\/wp\/v2\/product_brand?post=816"},{"taxonomy":"product_cat","embeddable":true,"href":"https:\/\/lestrictminimum.com\/en\/wp-json\/wp\/v2\/product_cat?post=816"},{"taxonomy":"product_tag","embeddable":true,"href":"https:\/\/lestrictminimum.com\/en\/wp-json\/wp\/v2\/product_tag?post=816"}],"curies":[{"name":"wp","href":"https:\/\/api.w.org\/{rel}","templated":true}]}}