{"id":819,"date":"2024-09-24T19:33:50","date_gmt":"2024-09-25T00:33:50","guid":{"rendered":"https:\/\/lestrictminimum.com\/?post_type=product&#038;p=819"},"modified":"2025-09-24T06:36:33","modified_gmt":"2025-09-24T11:36:33","slug":"guide-recettes-familiales","status":"publish","type":"product","link":"https:\/\/lestrictminimum.com\/en\/product\/guide-recettes-familiales\/","title":{"rendered":"Guide Recettes Familiales"},"content":{"rendered":"<p>Voici un guide de recettes \u00e0 remplir. \ud83e\udef6\ud83c\udffc<\/p>\n<p>L&#8217;objectif de ce guide est de te permettre de rassembler tes recettes favorites dans un seul document. Avec ce guide, tu pourras maintenant t\u2019organiser en cuisine et dire au revoir aux piles de magazines et livres de recettes qui prennent la poussi\u00e8re.<\/p>\n<p>Imprime le guide, \u00e9cris tes recettes favorites \u00e0 la mains et insert les dans un cartable que tu as \u00e0 la maison. \ud83d\udcd3<\/p>","protected":false},"excerpt":{"rendered":"<p>Organise tes recettes pr\u00e9f\u00e9r\u00e9es dans un seul document! Ce guide imprimable te permet d&#8217;\u00e9crire \u00e0 la main tes meilleures recettes et de les ranger facilement dans un cartable \u00e0 la maison. \ud83d\udcd3<\/p>","protected":false},"featured_media":828,"comment_status":"closed","ping_status":"closed","template":"","meta":{"nf_dc_page":"","_monsterinsights_skip_tracking":false,"_monsterinsights_sitenote_active":false,"_monsterinsights_sitenote_note":"","_monsterinsights_sitenote_category":0,"jetpack_post_was_ever_published":false},"product_brand":[],"product_cat":[34],"product_tag":[],"class_list":{"0":"post-819","1":"product","2":"type-product","3":"status-publish","4":"has-post-thumbnail","6":"product_cat-autres","8":"first","9":"instock","10":"downloadable","11":"virtual","12":"taxable","13":"purchasable","14":"product-type-simple"},"yoast_head":"<!-- This site is optimized with the Yoast SEO plugin v27.4 - https:\/\/yoast.com\/product\/yoast-seo-wordpress\/ -->\n<title>Guide Recettes Familiales - Lestrictminimum<\/title>\n<meta name=\"robots\" content=\"index, follow, max-snippet:-1, max-image-preview:large, max-video-preview:-1\" \/>\n<link rel=\"canonical\" href=\"https:\/\/lestrictminimum.com\/en\/product\/guide-recettes-familiales\/\" \/>\n<meta property=\"og:locale\" content=\"en_US\" \/>\n<meta property=\"og:type\" content=\"article\" \/>\n<meta property=\"og:title\" content=\"Guide Recettes Familiales - Lestrictminimum\" \/>\n<meta property=\"og:description\" content=\"Organise tes recettes pr\u00e9f\u00e9r\u00e9es dans un seul document! Ce guide imprimable te permet d&#039;\u00e9crire \u00e0 la main tes meilleures recettes et de les ranger facilement dans un cartable \u00e0 la maison. \ud83d\udcd3\" \/>\n<meta property=\"og:url\" content=\"https:\/\/lestrictminimum.com\/en\/product\/guide-recettes-familiales\/\" \/>\n<meta property=\"og:site_name\" content=\"Lestrictminimum\" \/>\n<meta property=\"article:publisher\" content=\"https:\/\/www.facebook.com\/lestrictminimun\" \/>\n<meta property=\"article:modified_time\" content=\"2025-09-24T11:36:33+00:00\" \/>\n<meta property=\"og:image\" content=\"https:\/\/lestrictminimum.com\/wp-content\/uploads\/2024\/09\/il_fullxfull.5731417001_9b1n-scaled.webp\" \/>\n\t<meta property=\"og:image:width\" content=\"2560\" \/>\n\t<meta property=\"og:image:height\" content=\"1920\" \/>\n\t<meta property=\"og:image:type\" content=\"image\/webp\" \/>\n<meta name=\"twitter:card\" content=\"summary_large_image\" \/>\n<meta name=\"twitter:label1\" content=\"Est. reading time\" \/>\n\t<meta name=\"twitter:data1\" content=\"1 minute\" \/>\n<script type=\"application\/ld+json\" class=\"yoast-schema-graph\">{\"@context\":\"https:\\\/\\\/schema.org\",\"@graph\":[{\"@type\":\"WebPage\",\"@id\":\"https:\\\/\\\/lestrictminimum.com\\\/product\\\/guide-recettes-familiales\\\/\",\"url\":\"https:\\\/\\\/lestrictminimum.com\\\/product\\\/guide-recettes-familiales\\\/\",\"name\":\"Guide Recettes Familiales - Lestrictminimum\",\"isPartOf\":{\"@id\":\"http:\\\/\\\/box5125.temp.domains\\\/~lestrict\\\/#website\"},\"primaryImageOfPage\":{\"@id\":\"https:\\\/\\\/lestrictminimum.com\\\/product\\\/guide-recettes-familiales\\\/#primaryimage\"},\"image\":{\"@id\":\"https:\\\/\\\/lestrictminimum.com\\\/product\\\/guide-recettes-familiales\\\/#primaryimage\"},\"thumbnailUrl\":\"https:\\\/\\\/i0.wp.com\\\/lestrictminimum.com\\\/wp-content\\\/uploads\\\/2024\\\/09\\\/il_fullxfull.5731417001_9b1n-scaled.webp?fit=2560%2C1920&ssl=1\",\"datePublished\":\"2024-09-25T00:33:50+00:00\",\"dateModified\":\"2025-09-24T11:36:33+00:00\",\"breadcrumb\":{\"@id\":\"https:\\\/\\\/lestrictminimum.com\\\/product\\\/guide-recettes-familiales\\\/#breadcrumb\"},\"inLanguage\":\"en-US\",\"potentialAction\":[{\"@type\":\"ReadAction\",\"target\":[\"https:\\\/\\\/lestrictminimum.com\\\/product\\\/guide-recettes-familiales\\\/\"]}]},{\"@type\":\"ImageObject\",\"inLanguage\":\"en-US\",\"@id\":\"https:\\\/\\\/lestrictminimum.com\\\/product\\\/guide-recettes-familiales\\\/#primaryimage\",\"url\":\"https:\\\/\\\/i0.wp.com\\\/lestrictminimum.com\\\/wp-content\\\/uploads\\\/2024\\\/09\\\/il_fullxfull.5731417001_9b1n-scaled.webp?fit=2560%2C1920&ssl=1\",\"contentUrl\":\"https:\\\/\\\/i0.wp.com\\\/lestrictminimum.com\\\/wp-content\\\/uploads\\\/2024\\\/09\\\/il_fullxfull.5731417001_9b1n-scaled.webp?fit=2560%2C1920&ssl=1\",\"width\":2560,\"height\":1920},{\"@type\":\"BreadcrumbList\",\"@id\":\"https:\\\/\\\/lestrictminimum.com\\\/product\\\/guide-recettes-familiales\\\/#breadcrumb\",\"itemListElement\":[{\"@type\":\"ListItem\",\"position\":1,\"name\":\"Accueil\",\"item\":\"https:\\\/\\\/lestrictminimum.com\\\/\"},{\"@type\":\"ListItem\",\"position\":2,\"name\":\"Guide Recettes Familiales\"}]},{\"@type\":\"WebSite\",\"@id\":\"http:\\\/\\\/box5125.temp.domains\\\/~lestrict\\\/#website\",\"url\":\"http:\\\/\\\/box5125.temp.domains\\\/~lestrict\\\/\",\"name\":\"Lestrictminimum\",\"description\":\"Je suis Joannie de Le Strict Minimum, un site pour simplifier la vie : minimalisme, d\u00e9sencombrement et conseils pour une vie \u00e9pur\u00e9e.\",\"publisher\":{\"@id\":\"http:\\\/\\\/box5125.temp.domains\\\/~lestrict\\\/#organization\"},\"potentialAction\":[{\"@type\":\"SearchAction\",\"target\":{\"@type\":\"EntryPoint\",\"urlTemplate\":\"http:\\\/\\\/box5125.temp.domains\\\/~lestrict\\\/?s={search_term_string}\"},\"query-input\":{\"@type\":\"PropertyValueSpecification\",\"valueRequired\":true,\"valueName\":\"search_term_string\"}}],\"inLanguage\":\"en-US\"},{\"@type\":\"Organization\",\"@id\":\"http:\\\/\\\/box5125.temp.domains\\\/~lestrict\\\/#organization\",\"name\":\"Le strict minimum\",\"url\":\"http:\\\/\\\/box5125.temp.domains\\\/~lestrict\\\/\",\"logo\":{\"@type\":\"ImageObject\",\"inLanguage\":\"en-US\",\"@id\":\"http:\\\/\\\/box5125.temp.domains\\\/~lestrict\\\/#\\\/schema\\\/logo\\\/image\\\/\",\"url\":\"https:\\\/\\\/i0.wp.com\\\/lestrictminimum.com\\\/wp-content\\\/uploads\\\/2024\\\/09\\\/cropped-cropped-Screenshot-2024-09-24-23.38.53-1.png?fit=639%2C268&ssl=1\",\"contentUrl\":\"https:\\\/\\\/i0.wp.com\\\/lestrictminimum.com\\\/wp-content\\\/uploads\\\/2024\\\/09\\\/cropped-cropped-Screenshot-2024-09-24-23.38.53-1.png?fit=639%2C268&ssl=1\",\"width\":639,\"height\":268,\"caption\":\"Le strict minimum\"},\"image\":{\"@id\":\"http:\\\/\\\/box5125.temp.domains\\\/~lestrict\\\/#\\\/schema\\\/logo\\\/image\\\/\"},\"sameAs\":[\"https:\\\/\\\/www.facebook.com\\\/lestrictminimun\",\"https:\\\/\\\/www.tiktok.com\\\/@lestrictminimum\"]}]}<\/script>\n<!-- \/ Yoast SEO plugin. -->","yoast_head_json":{"title":"Guide Recettes Familiales - Lestrictminimum","robots":{"index":"index","follow":"follow","max-snippet":"max-snippet:-1","max-image-preview":"max-image-preview:large","max-video-preview":"max-video-preview:-1"},"canonical":"https:\/\/lestrictminimum.com\/en\/product\/guide-recettes-familiales\/","og_locale":"en_US","og_type":"article","og_title":"Guide Recettes Familiales - Lestrictminimum","og_description":"Organise tes recettes pr\u00e9f\u00e9r\u00e9es dans un seul document! Ce guide imprimable te permet d'\u00e9crire \u00e0 la main tes meilleures recettes et de les ranger facilement dans un cartable \u00e0 la maison. \ud83d\udcd3","og_url":"https:\/\/lestrictminimum.com\/en\/product\/guide-recettes-familiales\/","og_site_name":"Lestrictminimum","article_publisher":"https:\/\/www.facebook.com\/lestrictminimun","article_modified_time":"2025-09-24T11:36:33+00:00","og_image":[{"width":2560,"height":1920,"url":"https:\/\/lestrictminimum.com\/wp-content\/uploads\/2024\/09\/il_fullxfull.5731417001_9b1n-scaled.webp","type":"image\/webp"}],"twitter_card":"summary_large_image","twitter_misc":{"Est. reading time":"1 minute"},"schema":{"@context":"https:\/\/schema.org","@graph":[{"@type":"WebPage","@id":"https:\/\/lestrictminimum.com\/product\/guide-recettes-familiales\/","url":"https:\/\/lestrictminimum.com\/product\/guide-recettes-familiales\/","name":"Guide Recettes Familiales - Lestrictminimum","isPartOf":{"@id":"http:\/\/box5125.temp.domains\/~lestrict\/#website"},"primaryImageOfPage":{"@id":"https:\/\/lestrictminimum.com\/product\/guide-recettes-familiales\/#primaryimage"},"image":{"@id":"https:\/\/lestrictminimum.com\/product\/guide-recettes-familiales\/#primaryimage"},"thumbnailUrl":"https:\/\/i0.wp.com\/lestrictminimum.com\/wp-content\/uploads\/2024\/09\/il_fullxfull.5731417001_9b1n-scaled.webp?fit=2560%2C1920&ssl=1","datePublished":"2024-09-25T00:33:50+00:00","dateModified":"2025-09-24T11:36:33+00:00","breadcrumb":{"@id":"https:\/\/lestrictminimum.com\/product\/guide-recettes-familiales\/#breadcrumb"},"inLanguage":"en-US","potentialAction":[{"@type":"ReadAction","target":["https:\/\/lestrictminimum.com\/product\/guide-recettes-familiales\/"]}]},{"@type":"ImageObject","inLanguage":"en-US","@id":"https:\/\/lestrictminimum.com\/product\/guide-recettes-familiales\/#primaryimage","url":"https:\/\/i0.wp.com\/lestrictminimum.com\/wp-content\/uploads\/2024\/09\/il_fullxfull.5731417001_9b1n-scaled.webp?fit=2560%2C1920&ssl=1","contentUrl":"https:\/\/i0.wp.com\/lestrictminimum.com\/wp-content\/uploads\/2024\/09\/il_fullxfull.5731417001_9b1n-scaled.webp?fit=2560%2C1920&ssl=1","width":2560,"height":1920},{"@type":"BreadcrumbList","@id":"https:\/\/lestrictminimum.com\/product\/guide-recettes-familiales\/#breadcrumb","itemListElement":[{"@type":"ListItem","position":1,"name":"Accueil","item":"https:\/\/lestrictminimum.com\/"},{"@type":"ListItem","position":2,"name":"Guide Recettes Familiales"}]},{"@type":"WebSite","@id":"http:\/\/box5125.temp.domains\/~lestrict\/#website","url":"http:\/\/box5125.temp.domains\/~lestrict\/","name":"Lestrictminimum","description":"Je suis Joannie de Le Strict Minimum, un site pour simplifier la vie : minimalisme, d\u00e9sencombrement et conseils pour une vie \u00e9pur\u00e9e.","publisher":{"@id":"http:\/\/box5125.temp.domains\/~lestrict\/#organization"},"potentialAction":[{"@type":"SearchAction","target":{"@type":"EntryPoint","urlTemplate":"http:\/\/box5125.temp.domains\/~lestrict\/?s={search_term_string}"},"query-input":{"@type":"PropertyValueSpecification","valueRequired":true,"valueName":"search_term_string"}}],"inLanguage":"en-US"},{"@type":"Organization","@id":"http:\/\/box5125.temp.domains\/~lestrict\/#organization","name":"Le strict minimum","url":"http:\/\/box5125.temp.domains\/~lestrict\/","logo":{"@type":"ImageObject","inLanguage":"en-US","@id":"http:\/\/box5125.temp.domains\/~lestrict\/#\/schema\/logo\/image\/","url":"https:\/\/i0.wp.com\/lestrictminimum.com\/wp-content\/uploads\/2024\/09\/cropped-cropped-Screenshot-2024-09-24-23.38.53-1.png?fit=639%2C268&ssl=1","contentUrl":"https:\/\/i0.wp.com\/lestrictminimum.com\/wp-content\/uploads\/2024\/09\/cropped-cropped-Screenshot-2024-09-24-23.38.53-1.png?fit=639%2C268&ssl=1","width":639,"height":268,"caption":"Le strict minimum"},"image":{"@id":"http:\/\/box5125.temp.domains\/~lestrict\/#\/schema\/logo\/image\/"},"sameAs":["https:\/\/www.facebook.com\/lestrictminimun","https:\/\/www.tiktok.com\/@lestrictminimum"]}]}},"jetpack-related-posts":[{"id":745,"url":"https:\/\/lestrictminimum.com\/en\/product\/guide-de-menage-hebdomadaire\/","url_meta":{"origin":819,"position":0},"title":"Guide de m\u00e9nage hebdomadaire","author":"lestrictminimum","date":"3 March 2024","format":false,"excerpt":"R\u00e9duis ton temps de m\u00e9nage et garde ta maison impeccable! Ce guide divis\u00e9 en 7 sections te permet de cibler une pi\u00e8ce par jour avec des t\u00e2ches \u00e0 cocher et des espaces pour personnaliser selon tes besoins.","rel":"","context":"Similar post","block_context":{"text":"Similar post","link":""},"img":{"alt_text":"","src":"https:\/\/i0.wp.com\/lestrictminimum.com\/wp-content\/uploads\/2024\/03\/BOUTIQUE-1.png?fit=1080%2C1080&ssl=1&resize=350%2C200","width":350,"height":200,"srcset":"https:\/\/i0.wp.com\/lestrictminimum.com\/wp-content\/uploads\/2024\/03\/BOUTIQUE-1.png?fit=1080%2C1080&ssl=1&resize=350%2C200 1x, https:\/\/i0.wp.com\/lestrictminimum.com\/wp-content\/uploads\/2024\/03\/BOUTIQUE-1.png?fit=1080%2C1080&ssl=1&resize=525%2C300 1.5x, https:\/\/i0.wp.com\/lestrictminimum.com\/wp-content\/uploads\/2024\/03\/BOUTIQUE-1.png?fit=1080%2C1080&ssl=1&resize=700%2C400 2x, https:\/\/i0.wp.com\/lestrictminimum.com\/wp-content\/uploads\/2024\/03\/BOUTIQUE-1.png?fit=1080%2C1080&ssl=1&resize=1050%2C600 3x"},"classes":[]},{"id":1059,"url":"https:\/\/lestrictminimum.com\/en\/product\/formation-de-desencombrement-module-d\/","url_meta":{"origin":819,"position":1},"title":"Formation de d\u00e9sencombrement &#8211; Module D","author":"lestrictminimum","date":"28 April 2025","format":false,"excerpt":"Ma formation de d\u00e9sencombrement inclut 12 vid\u00e9os exclusifs et un guide de plus de 70 pages avec de l\u2019accompagnement en suppl\u00e9ment pour vous permettre de transformer l\u2019enti\u00e8ret\u00e9 de votre espace de vie, pi\u00e8ce par pi\u00e8ce, en un lieu serein et \u00e9pur\u00e9. Avec des outils concrets et un accompagnement personnalis\u00e9, vous\u2026","rel":"","context":"Similar post","block_context":{"text":"Similar post","link":""},"img":{"alt_text":"","src":"https:\/\/i0.wp.com\/lestrictminimum.com\/wp-content\/uploads\/2025\/04\/MODULE-D-FORMATION.jpg?fit=1080%2C1080&ssl=1&resize=350%2C200","width":350,"height":200,"srcset":"https:\/\/i0.wp.com\/lestrictminimum.com\/wp-content\/uploads\/2025\/04\/MODULE-D-FORMATION.jpg?fit=1080%2C1080&ssl=1&resize=350%2C200 1x, https:\/\/i0.wp.com\/lestrictminimum.com\/wp-content\/uploads\/2025\/04\/MODULE-D-FORMATION.jpg?fit=1080%2C1080&ssl=1&resize=525%2C300 1.5x, https:\/\/i0.wp.com\/lestrictminimum.com\/wp-content\/uploads\/2025\/04\/MODULE-D-FORMATION.jpg?fit=1080%2C1080&ssl=1&resize=700%2C400 2x, https:\/\/i0.wp.com\/lestrictminimum.com\/wp-content\/uploads\/2025\/04\/MODULE-D-FORMATION.jpg?fit=1080%2C1080&ssl=1&resize=1050%2C600 3x"},"classes":[]},{"id":1055,"url":"https:\/\/lestrictminimum.com\/en\/product\/formation-de-desencombrement-module-c\/","url_meta":{"origin":819,"position":2},"title":"Formation de d\u00e9sencombrement &#8211; Module C","author":"lestrictminimum","date":"28 April 2025","format":false,"excerpt":"Ma formation de d\u00e9sencombrement inclut 12 vid\u00e9os exclusifs et un guide de plus de 70 pages avec de l\u2019accompagnement en suppl\u00e9ment pour vous permettre de transformer l\u2019enti\u00e8ret\u00e9 de votre espace de vie, pi\u00e8ce par pi\u00e8ce, en un lieu serein et \u00e9pur\u00e9. Avec des outils concrets et un accompagnement personnalis\u00e9, vous\u2026","rel":"","context":"Similar post","block_context":{"text":"Similar post","link":""},"img":{"alt_text":"","src":"https:\/\/i0.wp.com\/lestrictminimum.com\/wp-content\/uploads\/2025\/04\/MODULE-C-FORMATION.jpg?fit=1080%2C1080&ssl=1&resize=350%2C200","width":350,"height":200,"srcset":"https:\/\/i0.wp.com\/lestrictminimum.com\/wp-content\/uploads\/2025\/04\/MODULE-C-FORMATION.jpg?fit=1080%2C1080&ssl=1&resize=350%2C200 1x, https:\/\/i0.wp.com\/lestrictminimum.com\/wp-content\/uploads\/2025\/04\/MODULE-C-FORMATION.jpg?fit=1080%2C1080&ssl=1&resize=525%2C300 1.5x, https:\/\/i0.wp.com\/lestrictminimum.com\/wp-content\/uploads\/2025\/04\/MODULE-C-FORMATION.jpg?fit=1080%2C1080&ssl=1&resize=700%2C400 2x, https:\/\/i0.wp.com\/lestrictminimum.com\/wp-content\/uploads\/2025\/04\/MODULE-C-FORMATION.jpg?fit=1080%2C1080&ssl=1&resize=1050%2C600 3x"},"classes":[]},{"id":1049,"url":"https:\/\/lestrictminimum.com\/en\/product\/formation-de-desencombrement-a\/","url_meta":{"origin":819,"position":3},"title":"Formation de d\u00e9sencombrement &#8211; Module A","author":"lestrictminimum","date":"28 April 2025","format":false,"excerpt":"Ma formation de d\u00e9sencombrement inclut 12 vid\u00e9os exclusifs et un guide de plus de 70 pages avec de l\u2019accompagnement en suppl\u00e9ment pour vous permettre de transformer l\u2019enti\u00e8ret\u00e9 de votre espace de vie, pi\u00e8ce par pi\u00e8ce, en un lieu serein et \u00e9pur\u00e9. Avec des outils concrets et un accompagnement personnalis\u00e9, vous\u2026","rel":"","context":"Similar post","block_context":{"text":"Similar post","link":""},"img":{"alt_text":"","src":"https:\/\/i0.wp.com\/lestrictminimum.com\/wp-content\/uploads\/2025\/04\/MODULE-A-FORMATION.jpg?fit=1080%2C1080&ssl=1&resize=350%2C200","width":350,"height":200,"srcset":"https:\/\/i0.wp.com\/lestrictminimum.com\/wp-content\/uploads\/2025\/04\/MODULE-A-FORMATION.jpg?fit=1080%2C1080&ssl=1&resize=350%2C200 1x, https:\/\/i0.wp.com\/lestrictminimum.com\/wp-content\/uploads\/2025\/04\/MODULE-A-FORMATION.jpg?fit=1080%2C1080&ssl=1&resize=525%2C300 1.5x, https:\/\/i0.wp.com\/lestrictminimum.com\/wp-content\/uploads\/2025\/04\/MODULE-A-FORMATION.jpg?fit=1080%2C1080&ssl=1&resize=700%2C400 2x, https:\/\/i0.wp.com\/lestrictminimum.com\/wp-content\/uploads\/2025\/04\/MODULE-A-FORMATION.jpg?fit=1080%2C1080&ssl=1&resize=1050%2C600 3x"},"classes":[]},{"id":628,"url":"https:\/\/lestrictminimum.com\/en\/product\/defi-de-menage-du-printemps-desencombrement\/","url_meta":{"origin":819,"position":4},"title":"D\u00e9fi de m\u00e9nage du printemps","author":"lestrictminimum","date":"29 February 2024","format":false,"excerpt":"D\u00e9fi M\u00e9nage du Printemps \u2013 31 jours Profite d'un programme simple et efficace pour nettoyer et d\u00e9sencombrer ta maison, un jour \u00e0 la fois. Obtiens un guide et un calendrier d\u00e9taill\u00e9 pour faire ton m\u00e9nage quotidiennement, et retrouve un espace propre avant l\u2019arriv\u00e9e des beaux jours!","rel":"","context":"With 5 comments","block_context":{"text":"With 5 comments","link":"https:\/\/lestrictminimum.com\/en\/product\/defi-de-menage-du-printemps-desencombrement\/#comments"},"img":{"alt_text":"","src":"https:\/\/i0.wp.com\/lestrictminimum.com\/wp-content\/uploads\/2024\/02\/original-66F7AD67-E05B-4486-8530-B2B9BB625D96.png?fit=1080%2C1080&ssl=1&resize=350%2C200","width":350,"height":200,"srcset":"https:\/\/i0.wp.com\/lestrictminimum.com\/wp-content\/uploads\/2024\/02\/original-66F7AD67-E05B-4486-8530-B2B9BB625D96.png?fit=1080%2C1080&ssl=1&resize=350%2C200 1x, https:\/\/i0.wp.com\/lestrictminimum.com\/wp-content\/uploads\/2024\/02\/original-66F7AD67-E05B-4486-8530-B2B9BB625D96.png?fit=1080%2C1080&ssl=1&resize=525%2C300 1.5x, https:\/\/i0.wp.com\/lestrictminimum.com\/wp-content\/uploads\/2024\/02\/original-66F7AD67-E05B-4486-8530-B2B9BB625D96.png?fit=1080%2C1080&ssl=1&resize=700%2C400 2x, https:\/\/i0.wp.com\/lestrictminimum.com\/wp-content\/uploads\/2024\/02\/original-66F7AD67-E05B-4486-8530-B2B9BB625D96.png?fit=1080%2C1080&ssl=1&resize=1050%2C600 3x"},"classes":[]},{"id":1052,"url":"https:\/\/lestrictminimum.com\/en\/product\/formation-de-desencombrement-module-b\/","url_meta":{"origin":819,"position":5},"title":"Formation de d\u00e9sencombrement &#8211; Module B","author":"lestrictminimum","date":"28 April 2025","format":false,"excerpt":"Ma formation de d\u00e9sencombrement inclut 12 vid\u00e9os exclusifs et un guide de plus de 70 pages avec de l\u2019accompagnement en suppl\u00e9ment pour vous permettre de transformer l\u2019enti\u00e8ret\u00e9 de votre espace de vie, pi\u00e8ce par pi\u00e8ce, en un lieu serein et \u00e9pur\u00e9. Avec des outils concrets et un accompagnement personnalis\u00e9, vous\u2026","rel":"","context":"Similar post","block_context":{"text":"Similar post","link":""},"img":{"alt_text":"","src":"https:\/\/i0.wp.com\/lestrictminimum.com\/wp-content\/uploads\/2025\/04\/MODULE-B-FORMATION.jpg?fit=1080%2C1080&ssl=1&resize=350%2C200","width":350,"height":200,"srcset":"https:\/\/i0.wp.com\/lestrictminimum.com\/wp-content\/uploads\/2025\/04\/MODULE-B-FORMATION.jpg?fit=1080%2C1080&ssl=1&resize=350%2C200 1x, https:\/\/i0.wp.com\/lestrictminimum.com\/wp-content\/uploads\/2025\/04\/MODULE-B-FORMATION.jpg?fit=1080%2C1080&ssl=1&resize=525%2C300 1.5x, https:\/\/i0.wp.com\/lestrictminimum.com\/wp-content\/uploads\/2025\/04\/MODULE-B-FORMATION.jpg?fit=1080%2C1080&ssl=1&resize=700%2C400 2x, https:\/\/i0.wp.com\/lestrictminimum.com\/wp-content\/uploads\/2025\/04\/MODULE-B-FORMATION.jpg?fit=1080%2C1080&ssl=1&resize=1050%2C600 3x"},"classes":[]}],"jetpack_sharing_enabled":true,"_links":{"self":[{"href":"https:\/\/lestrictminimum.com\/en\/wp-json\/wp\/v2\/product\/819","targetHints":{"allow":["GET"]}}],"collection":[{"href":"https:\/\/lestrictminimum.com\/en\/wp-json\/wp\/v2\/product"}],"about":[{"href":"https:\/\/lestrictminimum.com\/en\/wp-json\/wp\/v2\/types\/product"}],"replies":[{"embeddable":true,"href":"https:\/\/lestrictminimum.com\/en\/wp-json\/wp\/v2\/comments?post=819"}],"wp:featuredmedia":[{"embeddable":true,"href":"https:\/\/lestrictminimum.com\/en\/wp-json\/wp\/v2\/media\/828"}],"wp:attachment":[{"href":"https:\/\/lestrictminimum.com\/en\/wp-json\/wp\/v2\/media?parent=819"}],"wp:term":[{"taxonomy":"product_brand","embeddable":true,"href":"https:\/\/lestrictminimum.com\/en\/wp-json\/wp\/v2\/product_brand?post=819"},{"taxonomy":"product_cat","embeddable":true,"href":"https:\/\/lestrictminimum.com\/en\/wp-json\/wp\/v2\/product_cat?post=819"},{"taxonomy":"product_tag","embeddable":true,"href":"https:\/\/lestrictminimum.com\/en\/wp-json\/wp\/v2\/product_tag?post=819"}],"curies":[{"name":"wp","href":"https:\/\/api.w.org\/{rel}","templated":true}]}}