{"id":829,"date":"2024-09-24T19:51:31","date_gmt":"2024-09-25T00:51:31","guid":{"rendered":"https:\/\/lestrictminimum.com\/?post_type=product&#038;p=829"},"modified":"2025-09-24T06:36:33","modified_gmt":"2025-09-24T11:36:33","slug":"programme-pour-se-creer-une-routine-de-menage-21-jours","status":"publish","type":"product","link":"https:\/\/lestrictminimum.com\/en\/product\/programme-pour-se-creer-une-routine-de-menage-21-jours\/","title":{"rendered":"Programme pour se cr\u00e9er une routine de m\u00e9nage (21 Jours)"},"content":{"rendered":"<p>Cette formation unique \u00e0 \u00e9t\u00e9 sp\u00e9cialement con\u00e7ue pour vous permettre d&#8217;\u00e9tablir une routine de m\u00e9nage efficace qui produira des r\u00e9sultats concrets dans votre quotidien. Gr\u00e2ce \u00e0 des conseils pratiques, des techniques de gestion du temps et des strat\u00e9gies organisationnelles, vous apprendrez \u00e0 optimiser vos t\u00e2ches m\u00e9nag\u00e8res et \u00e0 les int\u00e9grer harmonieusement dans votre emploi du temps charg\u00e9.<\/p>\n<p>En suivant ce programme, vous serez en mesure de maintenir un foyer propre et ordonn\u00e9 sans sacrifier tout votre temps et votre \u00e9nergie.<\/p>\n<p>Incluant :<br \/>\n&#8211; Un guide rempli de conseils, de strat\u00e9gies et de prodigieuses techniques.<br \/>\n&#8211; Des vid\u00e9os hebdomadaires servant \u00e0 vous accompagner tout au long du parcours.<br \/>\n&#8211; Le guide de m\u00e9nage hebdomadaire d&#8217;une valeur de 12.99$<\/p>\n<p>Rejoignez-nous d\u00e8s aujourd&#8217;hui et d\u00e9couvrez comment une routine de m\u00e9nage bien structur\u00e9e peut transformer votre vie quotidienne pour le mieux!<\/p>","protected":false},"excerpt":{"rendered":"<p>Apprenez \u00e0 cr\u00e9er une routine de m\u00e9nage qui s\u2019int\u00e8gre parfaitement \u00e0 votre emploi du temps. Avec des conseils pratiques, des techniques d&#8217;organisation et un accompagnement hebdomadaire en vid\u00e9o, cette formation vous aidera \u00e0 maintenir un foyer propre sans y consacrer tout votre temps et recevez en bonus le guide de m\u00e9nage hebdomadaire (valeur de 12.99$).<\/p>","protected":false},"featured_media":838,"comment_status":"closed","ping_status":"closed","template":"","meta":{"nf_dc_page":"","_monsterinsights_skip_tracking":false,"_monsterinsights_sitenote_active":false,"_monsterinsights_sitenote_note":"","_monsterinsights_sitenote_category":0,"jetpack_post_was_ever_published":false},"product_brand":[],"product_cat":[29],"product_tag":[],"class_list":{"0":"post-829","1":"product","2":"type-product","3":"status-publish","4":"has-post-thumbnail","6":"product_cat-menage","8":"first","9":"instock","10":"downloadable","11":"virtual","12":"taxable","13":"purchasable","14":"product-type-simple"},"yoast_head":"<!-- This site is optimized with the Yoast SEO plugin v27.4 - https:\/\/yoast.com\/product\/yoast-seo-wordpress\/ -->\n<title>Programme pour se cr\u00e9er une routine de m\u00e9nage (21 Jours) - Lestrictminimum<\/title>\n<meta name=\"robots\" content=\"index, follow, max-snippet:-1, max-image-preview:large, max-video-preview:-1\" \/>\n<link rel=\"canonical\" href=\"https:\/\/lestrictminimum.com\/en\/product\/programme-pour-se-creer-une-routine-de-menage-21-jours\/\" \/>\n<meta property=\"og:locale\" content=\"en_US\" \/>\n<meta property=\"og:type\" content=\"article\" \/>\n<meta property=\"og:title\" content=\"Programme pour se cr\u00e9er une routine de m\u00e9nage (21 Jours) - Lestrictminimum\" \/>\n<meta property=\"og:description\" content=\"Apprenez \u00e0 cr\u00e9er une routine de m\u00e9nage qui s\u2019int\u00e8gre parfaitement \u00e0 votre emploi du temps. Avec des conseils pratiques, des techniques d&#039;organisation et un accompagnement hebdomadaire en vid\u00e9o, cette formation vous aidera \u00e0 maintenir un foyer propre sans y consacrer tout votre temps et recevez en bonus le guide de m\u00e9nage hebdomadaire (valeur de 12.99$).\" \/>\n<meta property=\"og:url\" content=\"https:\/\/lestrictminimum.com\/en\/product\/programme-pour-se-creer-une-routine-de-menage-21-jours\/\" \/>\n<meta property=\"og:site_name\" content=\"Lestrictminimum\" \/>\n<meta property=\"article:publisher\" content=\"https:\/\/www.facebook.com\/lestrictminimun\" \/>\n<meta property=\"article:modified_time\" content=\"2025-09-24T11:36:33+00:00\" \/>\n<meta property=\"og:image\" content=\"https:\/\/lestrictminimum.com\/wp-content\/uploads\/2024\/09\/Screenshot-2024-09-24-20.49.57.png\" \/>\n\t<meta property=\"og:image:width\" content=\"757\" \/>\n\t<meta property=\"og:image:height\" content=\"570\" \/>\n\t<meta property=\"og:image:type\" content=\"image\/png\" \/>\n<meta name=\"twitter:card\" content=\"summary_large_image\" \/>\n<meta name=\"twitter:label1\" content=\"Est. reading time\" \/>\n\t<meta name=\"twitter:data1\" content=\"1 minute\" \/>\n<script type=\"application\/ld+json\" class=\"yoast-schema-graph\">{\"@context\":\"https:\\\/\\\/schema.org\",\"@graph\":[{\"@type\":\"WebPage\",\"@id\":\"https:\\\/\\\/lestrictminimum.com\\\/product\\\/programme-pour-se-creer-une-routine-de-menage-21-jours\\\/\",\"url\":\"https:\\\/\\\/lestrictminimum.com\\\/product\\\/programme-pour-se-creer-une-routine-de-menage-21-jours\\\/\",\"name\":\"Programme pour se cr\u00e9er une routine de m\u00e9nage (21 Jours) - Lestrictminimum\",\"isPartOf\":{\"@id\":\"http:\\\/\\\/box5125.temp.domains\\\/~lestrict\\\/#website\"},\"primaryImageOfPage\":{\"@id\":\"https:\\\/\\\/lestrictminimum.com\\\/product\\\/programme-pour-se-creer-une-routine-de-menage-21-jours\\\/#primaryimage\"},\"image\":{\"@id\":\"https:\\\/\\\/lestrictminimum.com\\\/product\\\/programme-pour-se-creer-une-routine-de-menage-21-jours\\\/#primaryimage\"},\"thumbnailUrl\":\"https:\\\/\\\/i0.wp.com\\\/lestrictminimum.com\\\/wp-content\\\/uploads\\\/2024\\\/09\\\/Screenshot-2024-09-24-20.49.57.png?fit=757%2C570&ssl=1\",\"datePublished\":\"2024-09-25T00:51:31+00:00\",\"dateModified\":\"2025-09-24T11:36:33+00:00\",\"breadcrumb\":{\"@id\":\"https:\\\/\\\/lestrictminimum.com\\\/product\\\/programme-pour-se-creer-une-routine-de-menage-21-jours\\\/#breadcrumb\"},\"inLanguage\":\"en-US\",\"potentialAction\":[{\"@type\":\"ReadAction\",\"target\":[\"https:\\\/\\\/lestrictminimum.com\\\/product\\\/programme-pour-se-creer-une-routine-de-menage-21-jours\\\/\"]}]},{\"@type\":\"ImageObject\",\"inLanguage\":\"en-US\",\"@id\":\"https:\\\/\\\/lestrictminimum.com\\\/product\\\/programme-pour-se-creer-une-routine-de-menage-21-jours\\\/#primaryimage\",\"url\":\"https:\\\/\\\/i0.wp.com\\\/lestrictminimum.com\\\/wp-content\\\/uploads\\\/2024\\\/09\\\/Screenshot-2024-09-24-20.49.57.png?fit=757%2C570&ssl=1\",\"contentUrl\":\"https:\\\/\\\/i0.wp.com\\\/lestrictminimum.com\\\/wp-content\\\/uploads\\\/2024\\\/09\\\/Screenshot-2024-09-24-20.49.57.png?fit=757%2C570&ssl=1\",\"width\":757,\"height\":570},{\"@type\":\"BreadcrumbList\",\"@id\":\"https:\\\/\\\/lestrictminimum.com\\\/product\\\/programme-pour-se-creer-une-routine-de-menage-21-jours\\\/#breadcrumb\",\"itemListElement\":[{\"@type\":\"ListItem\",\"position\":1,\"name\":\"Accueil\",\"item\":\"https:\\\/\\\/lestrictminimum.com\\\/\"},{\"@type\":\"ListItem\",\"position\":2,\"name\":\"Programme pour se cr\u00e9er une routine de m\u00e9nage (21 Jours)\"}]},{\"@type\":\"WebSite\",\"@id\":\"http:\\\/\\\/box5125.temp.domains\\\/~lestrict\\\/#website\",\"url\":\"http:\\\/\\\/box5125.temp.domains\\\/~lestrict\\\/\",\"name\":\"Lestrictminimum\",\"description\":\"Je suis Joannie de Le Strict Minimum, un site pour simplifier la vie : minimalisme, d\u00e9sencombrement et conseils pour une vie \u00e9pur\u00e9e.\",\"publisher\":{\"@id\":\"http:\\\/\\\/box5125.temp.domains\\\/~lestrict\\\/#organization\"},\"potentialAction\":[{\"@type\":\"SearchAction\",\"target\":{\"@type\":\"EntryPoint\",\"urlTemplate\":\"http:\\\/\\\/box5125.temp.domains\\\/~lestrict\\\/?s={search_term_string}\"},\"query-input\":{\"@type\":\"PropertyValueSpecification\",\"valueRequired\":true,\"valueName\":\"search_term_string\"}}],\"inLanguage\":\"en-US\"},{\"@type\":\"Organization\",\"@id\":\"http:\\\/\\\/box5125.temp.domains\\\/~lestrict\\\/#organization\",\"name\":\"Le strict minimum\",\"url\":\"http:\\\/\\\/box5125.temp.domains\\\/~lestrict\\\/\",\"logo\":{\"@type\":\"ImageObject\",\"inLanguage\":\"en-US\",\"@id\":\"http:\\\/\\\/box5125.temp.domains\\\/~lestrict\\\/#\\\/schema\\\/logo\\\/image\\\/\",\"url\":\"https:\\\/\\\/i0.wp.com\\\/lestrictminimum.com\\\/wp-content\\\/uploads\\\/2024\\\/09\\\/cropped-cropped-Screenshot-2024-09-24-23.38.53-1.png?fit=639%2C268&ssl=1\",\"contentUrl\":\"https:\\\/\\\/i0.wp.com\\\/lestrictminimum.com\\\/wp-content\\\/uploads\\\/2024\\\/09\\\/cropped-cropped-Screenshot-2024-09-24-23.38.53-1.png?fit=639%2C268&ssl=1\",\"width\":639,\"height\":268,\"caption\":\"Le strict minimum\"},\"image\":{\"@id\":\"http:\\\/\\\/box5125.temp.domains\\\/~lestrict\\\/#\\\/schema\\\/logo\\\/image\\\/\"},\"sameAs\":[\"https:\\\/\\\/www.facebook.com\\\/lestrictminimun\",\"https:\\\/\\\/www.tiktok.com\\\/@lestrictminimum\"]}]}<\/script>\n<!-- \/ Yoast SEO plugin. -->","yoast_head_json":{"title":"Programme pour se cr\u00e9er une routine de m\u00e9nage (21 Jours) - Lestrictminimum","robots":{"index":"index","follow":"follow","max-snippet":"max-snippet:-1","max-image-preview":"max-image-preview:large","max-video-preview":"max-video-preview:-1"},"canonical":"https:\/\/lestrictminimum.com\/en\/product\/programme-pour-se-creer-une-routine-de-menage-21-jours\/","og_locale":"en_US","og_type":"article","og_title":"Programme pour se cr\u00e9er une routine de m\u00e9nage (21 Jours) - Lestrictminimum","og_description":"Apprenez \u00e0 cr\u00e9er une routine de m\u00e9nage qui s\u2019int\u00e8gre parfaitement \u00e0 votre emploi du temps. Avec des conseils pratiques, des techniques d'organisation et un accompagnement hebdomadaire en vid\u00e9o, cette formation vous aidera \u00e0 maintenir un foyer propre sans y consacrer tout votre temps et recevez en bonus le guide de m\u00e9nage hebdomadaire (valeur de 12.99$).","og_url":"https:\/\/lestrictminimum.com\/en\/product\/programme-pour-se-creer-une-routine-de-menage-21-jours\/","og_site_name":"Lestrictminimum","article_publisher":"https:\/\/www.facebook.com\/lestrictminimun","article_modified_time":"2025-09-24T11:36:33+00:00","og_image":[{"width":757,"height":570,"url":"https:\/\/lestrictminimum.com\/wp-content\/uploads\/2024\/09\/Screenshot-2024-09-24-20.49.57.png","type":"image\/png"}],"twitter_card":"summary_large_image","twitter_misc":{"Est. reading time":"1 minute"},"schema":{"@context":"https:\/\/schema.org","@graph":[{"@type":"WebPage","@id":"https:\/\/lestrictminimum.com\/product\/programme-pour-se-creer-une-routine-de-menage-21-jours\/","url":"https:\/\/lestrictminimum.com\/product\/programme-pour-se-creer-une-routine-de-menage-21-jours\/","name":"Programme pour se cr\u00e9er une routine de m\u00e9nage (21 Jours) - Lestrictminimum","isPartOf":{"@id":"http:\/\/box5125.temp.domains\/~lestrict\/#website"},"primaryImageOfPage":{"@id":"https:\/\/lestrictminimum.com\/product\/programme-pour-se-creer-une-routine-de-menage-21-jours\/#primaryimage"},"image":{"@id":"https:\/\/lestrictminimum.com\/product\/programme-pour-se-creer-une-routine-de-menage-21-jours\/#primaryimage"},"thumbnailUrl":"https:\/\/i0.wp.com\/lestrictminimum.com\/wp-content\/uploads\/2024\/09\/Screenshot-2024-09-24-20.49.57.png?fit=757%2C570&ssl=1","datePublished":"2024-09-25T00:51:31+00:00","dateModified":"2025-09-24T11:36:33+00:00","breadcrumb":{"@id":"https:\/\/lestrictminimum.com\/product\/programme-pour-se-creer-une-routine-de-menage-21-jours\/#breadcrumb"},"inLanguage":"en-US","potentialAction":[{"@type":"ReadAction","target":["https:\/\/lestrictminimum.com\/product\/programme-pour-se-creer-une-routine-de-menage-21-jours\/"]}]},{"@type":"ImageObject","inLanguage":"en-US","@id":"https:\/\/lestrictminimum.com\/product\/programme-pour-se-creer-une-routine-de-menage-21-jours\/#primaryimage","url":"https:\/\/i0.wp.com\/lestrictminimum.com\/wp-content\/uploads\/2024\/09\/Screenshot-2024-09-24-20.49.57.png?fit=757%2C570&ssl=1","contentUrl":"https:\/\/i0.wp.com\/lestrictminimum.com\/wp-content\/uploads\/2024\/09\/Screenshot-2024-09-24-20.49.57.png?fit=757%2C570&ssl=1","width":757,"height":570},{"@type":"BreadcrumbList","@id":"https:\/\/lestrictminimum.com\/product\/programme-pour-se-creer-une-routine-de-menage-21-jours\/#breadcrumb","itemListElement":[{"@type":"ListItem","position":1,"name":"Accueil","item":"https:\/\/lestrictminimum.com\/"},{"@type":"ListItem","position":2,"name":"Programme pour se cr\u00e9er une routine de m\u00e9nage (21 Jours)"}]},{"@type":"WebSite","@id":"http:\/\/box5125.temp.domains\/~lestrict\/#website","url":"http:\/\/box5125.temp.domains\/~lestrict\/","name":"Lestrictminimum","description":"Je suis Joannie de Le Strict Minimum, un site pour simplifier la vie : minimalisme, d\u00e9sencombrement et conseils pour une vie \u00e9pur\u00e9e.","publisher":{"@id":"http:\/\/box5125.temp.domains\/~lestrict\/#organization"},"potentialAction":[{"@type":"SearchAction","target":{"@type":"EntryPoint","urlTemplate":"http:\/\/box5125.temp.domains\/~lestrict\/?s={search_term_string}"},"query-input":{"@type":"PropertyValueSpecification","valueRequired":true,"valueName":"search_term_string"}}],"inLanguage":"en-US"},{"@type":"Organization","@id":"http:\/\/box5125.temp.domains\/~lestrict\/#organization","name":"Le strict minimum","url":"http:\/\/box5125.temp.domains\/~lestrict\/","logo":{"@type":"ImageObject","inLanguage":"en-US","@id":"http:\/\/box5125.temp.domains\/~lestrict\/#\/schema\/logo\/image\/","url":"https:\/\/i0.wp.com\/lestrictminimum.com\/wp-content\/uploads\/2024\/09\/cropped-cropped-Screenshot-2024-09-24-23.38.53-1.png?fit=639%2C268&ssl=1","contentUrl":"https:\/\/i0.wp.com\/lestrictminimum.com\/wp-content\/uploads\/2024\/09\/cropped-cropped-Screenshot-2024-09-24-23.38.53-1.png?fit=639%2C268&ssl=1","width":639,"height":268,"caption":"Le strict minimum"},"image":{"@id":"http:\/\/box5125.temp.domains\/~lestrict\/#\/schema\/logo\/image\/"},"sameAs":["https:\/\/www.facebook.com\/lestrictminimun","https:\/\/www.tiktok.com\/@lestrictminimum"]}]}},"jetpack-related-posts":[{"id":745,"url":"https:\/\/lestrictminimum.com\/en\/product\/guide-de-menage-hebdomadaire\/","url_meta":{"origin":829,"position":0},"title":"Guide de m\u00e9nage hebdomadaire","author":"lestrictminimum","date":"3 March 2024","format":false,"excerpt":"R\u00e9duis ton temps de m\u00e9nage et garde ta maison impeccable! Ce guide divis\u00e9 en 7 sections te permet de cibler une pi\u00e8ce par jour avec des t\u00e2ches \u00e0 cocher et des espaces pour personnaliser selon tes besoins.","rel":"","context":"Similar post","block_context":{"text":"Similar post","link":""},"img":{"alt_text":"","src":"https:\/\/i0.wp.com\/lestrictminimum.com\/wp-content\/uploads\/2024\/03\/BOUTIQUE-1.png?fit=1080%2C1080&ssl=1&resize=350%2C200","width":350,"height":200,"srcset":"https:\/\/i0.wp.com\/lestrictminimum.com\/wp-content\/uploads\/2024\/03\/BOUTIQUE-1.png?fit=1080%2C1080&ssl=1&resize=350%2C200 1x, https:\/\/i0.wp.com\/lestrictminimum.com\/wp-content\/uploads\/2024\/03\/BOUTIQUE-1.png?fit=1080%2C1080&ssl=1&resize=525%2C300 1.5x, https:\/\/i0.wp.com\/lestrictminimum.com\/wp-content\/uploads\/2024\/03\/BOUTIQUE-1.png?fit=1080%2C1080&ssl=1&resize=700%2C400 2x, https:\/\/i0.wp.com\/lestrictminimum.com\/wp-content\/uploads\/2024\/03\/BOUTIQUE-1.png?fit=1080%2C1080&ssl=1&resize=1050%2C600 3x"},"classes":[]},{"id":628,"url":"https:\/\/lestrictminimum.com\/en\/product\/defi-de-menage-du-printemps-desencombrement\/","url_meta":{"origin":829,"position":1},"title":"D\u00e9fi de m\u00e9nage du printemps","author":"lestrictminimum","date":"29 February 2024","format":false,"excerpt":"D\u00e9fi M\u00e9nage du Printemps \u2013 31 jours Profite d'un programme simple et efficace pour nettoyer et d\u00e9sencombrer ta maison, un jour \u00e0 la fois. Obtiens un guide et un calendrier d\u00e9taill\u00e9 pour faire ton m\u00e9nage quotidiennement, et retrouve un espace propre avant l\u2019arriv\u00e9e des beaux jours!","rel":"","context":"With 5 comments","block_context":{"text":"With 5 comments","link":"https:\/\/lestrictminimum.com\/en\/product\/defi-de-menage-du-printemps-desencombrement\/#comments"},"img":{"alt_text":"","src":"https:\/\/i0.wp.com\/lestrictminimum.com\/wp-content\/uploads\/2024\/02\/original-66F7AD67-E05B-4486-8530-B2B9BB625D96.png?fit=1080%2C1080&ssl=1&resize=350%2C200","width":350,"height":200,"srcset":"https:\/\/i0.wp.com\/lestrictminimum.com\/wp-content\/uploads\/2024\/02\/original-66F7AD67-E05B-4486-8530-B2B9BB625D96.png?fit=1080%2C1080&ssl=1&resize=350%2C200 1x, https:\/\/i0.wp.com\/lestrictminimum.com\/wp-content\/uploads\/2024\/02\/original-66F7AD67-E05B-4486-8530-B2B9BB625D96.png?fit=1080%2C1080&ssl=1&resize=525%2C300 1.5x, https:\/\/i0.wp.com\/lestrictminimum.com\/wp-content\/uploads\/2024\/02\/original-66F7AD67-E05B-4486-8530-B2B9BB625D96.png?fit=1080%2C1080&ssl=1&resize=700%2C400 2x, https:\/\/i0.wp.com\/lestrictminimum.com\/wp-content\/uploads\/2024\/02\/original-66F7AD67-E05B-4486-8530-B2B9BB625D96.png?fit=1080%2C1080&ssl=1&resize=1050%2C600 3x"},"classes":[]},{"id":843,"url":"https:\/\/lestrictminimum.com\/en\/product\/guide-dorganisation-pour-voyage\/","url_meta":{"origin":829,"position":2},"title":"Guide d&#8217;organisation pour voyage","author":"lestrictminimum","date":"24 September 2024","format":false,"excerpt":"Explorez le monde en toute s\u00e9r\u00e9nit\u00e9 avec notre guide con\u00e7u pour tous les voyageurs! Simplifiez la planification de votre aventure gr\u00e2ce \u00e0 des outils pratiques, des listes de contr\u00f4le et des conseils pour \u00e9tablir un budget r\u00e9aliste. Dites adieu au stress et profitez pleinement de chaque moment de votre voyage!\u2026","rel":"","context":"Similar post","block_context":{"text":"Similar post","link":""},"img":{"alt_text":"","src":"https:\/\/i0.wp.com\/lestrictminimum.com\/wp-content\/uploads\/2024\/09\/il_fullxfull.6065889297_rwag.jpg?fit=1080%2C1080&ssl=1&resize=350%2C200","width":350,"height":200,"srcset":"https:\/\/i0.wp.com\/lestrictminimum.com\/wp-content\/uploads\/2024\/09\/il_fullxfull.6065889297_rwag.jpg?fit=1080%2C1080&ssl=1&resize=350%2C200 1x, https:\/\/i0.wp.com\/lestrictminimum.com\/wp-content\/uploads\/2024\/09\/il_fullxfull.6065889297_rwag.jpg?fit=1080%2C1080&ssl=1&resize=525%2C300 1.5x, https:\/\/i0.wp.com\/lestrictminimum.com\/wp-content\/uploads\/2024\/09\/il_fullxfull.6065889297_rwag.jpg?fit=1080%2C1080&ssl=1&resize=700%2C400 2x, https:\/\/i0.wp.com\/lestrictminimum.com\/wp-content\/uploads\/2024\/09\/il_fullxfull.6065889297_rwag.jpg?fit=1080%2C1080&ssl=1&resize=1050%2C600 3x"},"classes":[]},{"id":916,"url":"https:\/\/lestrictminimum.com\/en\/product\/formation-de-desencombrement\/","url_meta":{"origin":829,"position":3},"title":"Formation de d\u00e9sencombrement","author":"lestrictminimum","date":"16 October 2024","format":false,"excerpt":"Ma formation de d\u00e9sencombrement inclut 12 vid\u00e9os exclusifs et un guide de plus de 70 pages avec de l'accompagnement en suppl\u00e9ment pour vous permettre de transformer l'enti\u00e8ret\u00e9 de votre espace de vie, pi\u00e8ce par pi\u00e8ce, en un lieu serein et \u00e9pur\u00e9. Avec des outils concrets et un accompagnement personnalis\u00e9, vous\u2026","rel":"","context":"Similar post","block_context":{"text":"Similar post","link":""},"img":{"alt_text":"","src":"https:\/\/i0.wp.com\/lestrictminimum.com\/wp-content\/uploads\/2024\/10\/COUVERTURE-BOUTIQUE-FORMATION.jpg?fit=1080%2C1080&ssl=1&resize=350%2C200","width":350,"height":200,"srcset":"https:\/\/i0.wp.com\/lestrictminimum.com\/wp-content\/uploads\/2024\/10\/COUVERTURE-BOUTIQUE-FORMATION.jpg?fit=1080%2C1080&ssl=1&resize=350%2C200 1x, https:\/\/i0.wp.com\/lestrictminimum.com\/wp-content\/uploads\/2024\/10\/COUVERTURE-BOUTIQUE-FORMATION.jpg?fit=1080%2C1080&ssl=1&resize=525%2C300 1.5x, https:\/\/i0.wp.com\/lestrictminimum.com\/wp-content\/uploads\/2024\/10\/COUVERTURE-BOUTIQUE-FORMATION.jpg?fit=1080%2C1080&ssl=1&resize=700%2C400 2x, https:\/\/i0.wp.com\/lestrictminimum.com\/wp-content\/uploads\/2024\/10\/COUVERTURE-BOUTIQUE-FORMATION.jpg?fit=1080%2C1080&ssl=1&resize=1050%2C600 3x"},"classes":[]},{"id":1059,"url":"https:\/\/lestrictminimum.com\/en\/product\/formation-de-desencombrement-module-d\/","url_meta":{"origin":829,"position":4},"title":"Formation de d\u00e9sencombrement &#8211; Module D","author":"lestrictminimum","date":"28 April 2025","format":false,"excerpt":"Ma formation de d\u00e9sencombrement inclut 12 vid\u00e9os exclusifs et un guide de plus de 70 pages avec de l\u2019accompagnement en suppl\u00e9ment pour vous permettre de transformer l\u2019enti\u00e8ret\u00e9 de votre espace de vie, pi\u00e8ce par pi\u00e8ce, en un lieu serein et \u00e9pur\u00e9. Avec des outils concrets et un accompagnement personnalis\u00e9, vous\u2026","rel":"","context":"Similar post","block_context":{"text":"Similar post","link":""},"img":{"alt_text":"","src":"https:\/\/i0.wp.com\/lestrictminimum.com\/wp-content\/uploads\/2025\/04\/MODULE-D-FORMATION.jpg?fit=1080%2C1080&ssl=1&resize=350%2C200","width":350,"height":200,"srcset":"https:\/\/i0.wp.com\/lestrictminimum.com\/wp-content\/uploads\/2025\/04\/MODULE-D-FORMATION.jpg?fit=1080%2C1080&ssl=1&resize=350%2C200 1x, https:\/\/i0.wp.com\/lestrictminimum.com\/wp-content\/uploads\/2025\/04\/MODULE-D-FORMATION.jpg?fit=1080%2C1080&ssl=1&resize=525%2C300 1.5x, https:\/\/i0.wp.com\/lestrictminimum.com\/wp-content\/uploads\/2025\/04\/MODULE-D-FORMATION.jpg?fit=1080%2C1080&ssl=1&resize=700%2C400 2x, https:\/\/i0.wp.com\/lestrictminimum.com\/wp-content\/uploads\/2025\/04\/MODULE-D-FORMATION.jpg?fit=1080%2C1080&ssl=1&resize=1050%2C600 3x"},"classes":[]},{"id":1055,"url":"https:\/\/lestrictminimum.com\/en\/product\/formation-de-desencombrement-module-c\/","url_meta":{"origin":829,"position":5},"title":"Formation de d\u00e9sencombrement &#8211; Module C","author":"lestrictminimum","date":"28 April 2025","format":false,"excerpt":"Ma formation de d\u00e9sencombrement inclut 12 vid\u00e9os exclusifs et un guide de plus de 70 pages avec de l\u2019accompagnement en suppl\u00e9ment pour vous permettre de transformer l\u2019enti\u00e8ret\u00e9 de votre espace de vie, pi\u00e8ce par pi\u00e8ce, en un lieu serein et \u00e9pur\u00e9. Avec des outils concrets et un accompagnement personnalis\u00e9, vous\u2026","rel":"","context":"Similar post","block_context":{"text":"Similar post","link":""},"img":{"alt_text":"","src":"https:\/\/i0.wp.com\/lestrictminimum.com\/wp-content\/uploads\/2025\/04\/MODULE-C-FORMATION.jpg?fit=1080%2C1080&ssl=1&resize=350%2C200","width":350,"height":200,"srcset":"https:\/\/i0.wp.com\/lestrictminimum.com\/wp-content\/uploads\/2025\/04\/MODULE-C-FORMATION.jpg?fit=1080%2C1080&ssl=1&resize=350%2C200 1x, https:\/\/i0.wp.com\/lestrictminimum.com\/wp-content\/uploads\/2025\/04\/MODULE-C-FORMATION.jpg?fit=1080%2C1080&ssl=1&resize=525%2C300 1.5x, https:\/\/i0.wp.com\/lestrictminimum.com\/wp-content\/uploads\/2025\/04\/MODULE-C-FORMATION.jpg?fit=1080%2C1080&ssl=1&resize=700%2C400 2x, https:\/\/i0.wp.com\/lestrictminimum.com\/wp-content\/uploads\/2025\/04\/MODULE-C-FORMATION.jpg?fit=1080%2C1080&ssl=1&resize=1050%2C600 3x"},"classes":[]}],"jetpack_sharing_enabled":true,"_links":{"self":[{"href":"https:\/\/lestrictminimum.com\/en\/wp-json\/wp\/v2\/product\/829","targetHints":{"allow":["GET"]}}],"collection":[{"href":"https:\/\/lestrictminimum.com\/en\/wp-json\/wp\/v2\/product"}],"about":[{"href":"https:\/\/lestrictminimum.com\/en\/wp-json\/wp\/v2\/types\/product"}],"replies":[{"embeddable":true,"href":"https:\/\/lestrictminimum.com\/en\/wp-json\/wp\/v2\/comments?post=829"}],"wp:featuredmedia":[{"embeddable":true,"href":"https:\/\/lestrictminimum.com\/en\/wp-json\/wp\/v2\/media\/838"}],"wp:attachment":[{"href":"https:\/\/lestrictminimum.com\/en\/wp-json\/wp\/v2\/media?parent=829"}],"wp:term":[{"taxonomy":"product_brand","embeddable":true,"href":"https:\/\/lestrictminimum.com\/en\/wp-json\/wp\/v2\/product_brand?post=829"},{"taxonomy":"product_cat","embeddable":true,"href":"https:\/\/lestrictminimum.com\/en\/wp-json\/wp\/v2\/product_cat?post=829"},{"taxonomy":"product_tag","embeddable":true,"href":"https:\/\/lestrictminimum.com\/en\/wp-json\/wp\/v2\/product_tag?post=829"}],"curies":[{"name":"wp","href":"https:\/\/api.w.org\/{rel}","templated":true}]}}