{"id":849,"date":"2024-09-24T20:12:06","date_gmt":"2024-09-25T01:12:06","guid":{"rendered":"https:\/\/lestrictminimum.com\/?post_type=product&#038;p=849"},"modified":"2025-09-24T06:36:33","modified_gmt":"2025-09-24T11:36:33","slug":"18-affiches-educatives","status":"publish","type":"product","link":"https:\/\/lestrictminimum.com\/en\/product\/18-affiches-educatives\/","title":{"rendered":"18 Affiches \u00c9ducatives"},"content":{"rendered":"<p>Ensemble de 18 affiches \u00e9ducative pour les jeunes enfants. Possibilit\u00e9 d\u2019imprimer avec des fonds color\u00e9s ou blancs selon ta pr\u00e9f\u00e9rence d\u2019impression.<\/p>\n<p>Voici les th\u00e8mes des affiches:<br \/>\n\u2022 Les chiffres<br \/>\n\u2022 L\u2019alphabet<br \/>\n\u2022 La m\u00e9t\u00e9o<br \/>\n\u2022 Les directions<br \/>\n\u2022 L\u2019espace<br \/>\n\u2022 Les p\u00e9riodes de la journ\u00e9e<br \/>\n\u2022 Les formes<br \/>\n\u2022 Le temps<br \/>\n\u2022 La carte du monde<br \/>\n\u2022 Les sports<br \/>\n\u2022 Les moyens de transport<br \/>\n\u2022 Les parties du corps<br \/>\n\u2022 Les animaux<br \/>\n\u2022 Les mois de l\u2019ann\u00e9e<br \/>\n\u2022 Les couleurs<br \/>\n\u2022 Les \u00e9motions<br \/>\n\u2022 Les jours de la semaine<br \/>\n\u2022 Les saisons<\/p>","protected":false},"excerpt":{"rendered":"<p>D\u00e9couvrez un ensemble de 18 affiches \u00e9ducatives color\u00e9es, parfaites pour les jeunes enfants! Couvrez des th\u00e8mes essentiels tels que les chiffres, l&#8217;alphabet, la m\u00e9t\u00e9o, les animaux et bien plus encore. Imprimez-les avec des fonds color\u00e9s ou blancs selon vos pr\u00e9f\u00e9rences. Apprenez en s&#8217;amusant! \ud83c\udf08\ud83d\udcda<\/p>","protected":false},"featured_media":852,"comment_status":"closed","ping_status":"closed","template":"","meta":{"nf_dc_page":"","_monsterinsights_skip_tracking":false,"_monsterinsights_sitenote_active":false,"_monsterinsights_sitenote_note":"","_monsterinsights_sitenote_category":0,"jetpack_post_was_ever_published":false},"product_brand":[],"product_cat":[34],"product_tag":[],"class_list":{"0":"post-849","1":"product","2":"type-product","3":"status-publish","4":"has-post-thumbnail","6":"product_cat-autres","8":"first","9":"instock","10":"downloadable","11":"virtual","12":"taxable","13":"purchasable","14":"product-type-simple"},"yoast_head":"<!-- This site is optimized with the Yoast SEO plugin v27.4 - https:\/\/yoast.com\/product\/yoast-seo-wordpress\/ -->\n<title>18 Affiches \u00c9ducatives - Lestrictminimum<\/title>\n<meta name=\"robots\" content=\"index, follow, max-snippet:-1, max-image-preview:large, max-video-preview:-1\" \/>\n<link rel=\"canonical\" href=\"https:\/\/lestrictminimum.com\/en\/product\/18-affiches-educatives\/\" \/>\n<meta property=\"og:locale\" content=\"en_US\" \/>\n<meta property=\"og:type\" content=\"article\" \/>\n<meta property=\"og:title\" content=\"18 Affiches \u00c9ducatives - Lestrictminimum\" \/>\n<meta property=\"og:description\" content=\"D\u00e9couvrez un ensemble de 18 affiches \u00e9ducatives color\u00e9es, parfaites pour les jeunes enfants! Couvrez des th\u00e8mes essentiels tels que les chiffres, l&#039;alphabet, la m\u00e9t\u00e9o, les animaux et bien plus encore. Imprimez-les avec des fonds color\u00e9s ou blancs selon vos pr\u00e9f\u00e9rences. Apprenez en s&#039;amusant! \ud83c\udf08\ud83d\udcda\" \/>\n<meta property=\"og:url\" content=\"https:\/\/lestrictminimum.com\/en\/product\/18-affiches-educatives\/\" \/>\n<meta property=\"og:site_name\" content=\"Lestrictminimum\" \/>\n<meta property=\"article:publisher\" content=\"https:\/\/www.facebook.com\/lestrictminimun\" \/>\n<meta property=\"article:modified_time\" content=\"2025-09-24T11:36:33+00:00\" \/>\n<meta property=\"og:image\" content=\"https:\/\/lestrictminimum.com\/wp-content\/uploads\/2024\/09\/il_fullxfull.5594001121_383h.webp\" \/>\n\t<meta property=\"og:image:width\" content=\"2245\" \/>\n\t<meta property=\"og:image:height\" content=\"1588\" \/>\n\t<meta property=\"og:image:type\" content=\"image\/webp\" \/>\n<meta name=\"twitter:card\" content=\"summary_large_image\" \/>\n<meta name=\"twitter:label1\" content=\"Est. reading time\" \/>\n\t<meta name=\"twitter:data1\" content=\"1 minute\" \/>\n<script type=\"application\/ld+json\" class=\"yoast-schema-graph\">{\"@context\":\"https:\\\/\\\/schema.org\",\"@graph\":[{\"@type\":\"WebPage\",\"@id\":\"https:\\\/\\\/lestrictminimum.com\\\/product\\\/18-affiches-educatives\\\/\",\"url\":\"https:\\\/\\\/lestrictminimum.com\\\/product\\\/18-affiches-educatives\\\/\",\"name\":\"18 Affiches \u00c9ducatives - Lestrictminimum\",\"isPartOf\":{\"@id\":\"http:\\\/\\\/box5125.temp.domains\\\/~lestrict\\\/#website\"},\"primaryImageOfPage\":{\"@id\":\"https:\\\/\\\/lestrictminimum.com\\\/product\\\/18-affiches-educatives\\\/#primaryimage\"},\"image\":{\"@id\":\"https:\\\/\\\/lestrictminimum.com\\\/product\\\/18-affiches-educatives\\\/#primaryimage\"},\"thumbnailUrl\":\"https:\\\/\\\/i0.wp.com\\\/lestrictminimum.com\\\/wp-content\\\/uploads\\\/2024\\\/09\\\/il_fullxfull.5594001121_383h.webp?fit=2245%2C1588&ssl=1\",\"datePublished\":\"2024-09-25T01:12:06+00:00\",\"dateModified\":\"2025-09-24T11:36:33+00:00\",\"breadcrumb\":{\"@id\":\"https:\\\/\\\/lestrictminimum.com\\\/product\\\/18-affiches-educatives\\\/#breadcrumb\"},\"inLanguage\":\"en-US\",\"potentialAction\":[{\"@type\":\"ReadAction\",\"target\":[\"https:\\\/\\\/lestrictminimum.com\\\/product\\\/18-affiches-educatives\\\/\"]}]},{\"@type\":\"ImageObject\",\"inLanguage\":\"en-US\",\"@id\":\"https:\\\/\\\/lestrictminimum.com\\\/product\\\/18-affiches-educatives\\\/#primaryimage\",\"url\":\"https:\\\/\\\/i0.wp.com\\\/lestrictminimum.com\\\/wp-content\\\/uploads\\\/2024\\\/09\\\/il_fullxfull.5594001121_383h.webp?fit=2245%2C1588&ssl=1\",\"contentUrl\":\"https:\\\/\\\/i0.wp.com\\\/lestrictminimum.com\\\/wp-content\\\/uploads\\\/2024\\\/09\\\/il_fullxfull.5594001121_383h.webp?fit=2245%2C1588&ssl=1\",\"width\":2245,\"height\":1588},{\"@type\":\"BreadcrumbList\",\"@id\":\"https:\\\/\\\/lestrictminimum.com\\\/product\\\/18-affiches-educatives\\\/#breadcrumb\",\"itemListElement\":[{\"@type\":\"ListItem\",\"position\":1,\"name\":\"Accueil\",\"item\":\"https:\\\/\\\/lestrictminimum.com\\\/\"},{\"@type\":\"ListItem\",\"position\":2,\"name\":\"18 Affiches \u00c9ducatives\"}]},{\"@type\":\"WebSite\",\"@id\":\"http:\\\/\\\/box5125.temp.domains\\\/~lestrict\\\/#website\",\"url\":\"http:\\\/\\\/box5125.temp.domains\\\/~lestrict\\\/\",\"name\":\"Lestrictminimum\",\"description\":\"Je suis Joannie de Le Strict Minimum, un site pour simplifier la vie : minimalisme, d\u00e9sencombrement et conseils pour une vie \u00e9pur\u00e9e.\",\"publisher\":{\"@id\":\"http:\\\/\\\/box5125.temp.domains\\\/~lestrict\\\/#organization\"},\"potentialAction\":[{\"@type\":\"SearchAction\",\"target\":{\"@type\":\"EntryPoint\",\"urlTemplate\":\"http:\\\/\\\/box5125.temp.domains\\\/~lestrict\\\/?s={search_term_string}\"},\"query-input\":{\"@type\":\"PropertyValueSpecification\",\"valueRequired\":true,\"valueName\":\"search_term_string\"}}],\"inLanguage\":\"en-US\"},{\"@type\":\"Organization\",\"@id\":\"http:\\\/\\\/box5125.temp.domains\\\/~lestrict\\\/#organization\",\"name\":\"Le strict minimum\",\"url\":\"http:\\\/\\\/box5125.temp.domains\\\/~lestrict\\\/\",\"logo\":{\"@type\":\"ImageObject\",\"inLanguage\":\"en-US\",\"@id\":\"http:\\\/\\\/box5125.temp.domains\\\/~lestrict\\\/#\\\/schema\\\/logo\\\/image\\\/\",\"url\":\"https:\\\/\\\/i0.wp.com\\\/lestrictminimum.com\\\/wp-content\\\/uploads\\\/2024\\\/09\\\/cropped-cropped-Screenshot-2024-09-24-23.38.53-1.png?fit=639%2C268&ssl=1\",\"contentUrl\":\"https:\\\/\\\/i0.wp.com\\\/lestrictminimum.com\\\/wp-content\\\/uploads\\\/2024\\\/09\\\/cropped-cropped-Screenshot-2024-09-24-23.38.53-1.png?fit=639%2C268&ssl=1\",\"width\":639,\"height\":268,\"caption\":\"Le strict minimum\"},\"image\":{\"@id\":\"http:\\\/\\\/box5125.temp.domains\\\/~lestrict\\\/#\\\/schema\\\/logo\\\/image\\\/\"},\"sameAs\":[\"https:\\\/\\\/www.facebook.com\\\/lestrictminimun\",\"https:\\\/\\\/www.tiktok.com\\\/@lestrictminimum\"]}]}<\/script>\n<!-- \/ Yoast SEO plugin. -->","yoast_head_json":{"title":"18 Affiches \u00c9ducatives - Lestrictminimum","robots":{"index":"index","follow":"follow","max-snippet":"max-snippet:-1","max-image-preview":"max-image-preview:large","max-video-preview":"max-video-preview:-1"},"canonical":"https:\/\/lestrictminimum.com\/en\/product\/18-affiches-educatives\/","og_locale":"en_US","og_type":"article","og_title":"18 Affiches \u00c9ducatives - Lestrictminimum","og_description":"D\u00e9couvrez un ensemble de 18 affiches \u00e9ducatives color\u00e9es, parfaites pour les jeunes enfants! Couvrez des th\u00e8mes essentiels tels que les chiffres, l'alphabet, la m\u00e9t\u00e9o, les animaux et bien plus encore. Imprimez-les avec des fonds color\u00e9s ou blancs selon vos pr\u00e9f\u00e9rences. Apprenez en s'amusant! \ud83c\udf08\ud83d\udcda","og_url":"https:\/\/lestrictminimum.com\/en\/product\/18-affiches-educatives\/","og_site_name":"Lestrictminimum","article_publisher":"https:\/\/www.facebook.com\/lestrictminimun","article_modified_time":"2025-09-24T11:36:33+00:00","og_image":[{"width":2245,"height":1588,"url":"https:\/\/lestrictminimum.com\/wp-content\/uploads\/2024\/09\/il_fullxfull.5594001121_383h.webp","type":"image\/webp"}],"twitter_card":"summary_large_image","twitter_misc":{"Est. reading time":"1 minute"},"schema":{"@context":"https:\/\/schema.org","@graph":[{"@type":"WebPage","@id":"https:\/\/lestrictminimum.com\/product\/18-affiches-educatives\/","url":"https:\/\/lestrictminimum.com\/product\/18-affiches-educatives\/","name":"18 Affiches \u00c9ducatives - Lestrictminimum","isPartOf":{"@id":"http:\/\/box5125.temp.domains\/~lestrict\/#website"},"primaryImageOfPage":{"@id":"https:\/\/lestrictminimum.com\/product\/18-affiches-educatives\/#primaryimage"},"image":{"@id":"https:\/\/lestrictminimum.com\/product\/18-affiches-educatives\/#primaryimage"},"thumbnailUrl":"https:\/\/i0.wp.com\/lestrictminimum.com\/wp-content\/uploads\/2024\/09\/il_fullxfull.5594001121_383h.webp?fit=2245%2C1588&ssl=1","datePublished":"2024-09-25T01:12:06+00:00","dateModified":"2025-09-24T11:36:33+00:00","breadcrumb":{"@id":"https:\/\/lestrictminimum.com\/product\/18-affiches-educatives\/#breadcrumb"},"inLanguage":"en-US","potentialAction":[{"@type":"ReadAction","target":["https:\/\/lestrictminimum.com\/product\/18-affiches-educatives\/"]}]},{"@type":"ImageObject","inLanguage":"en-US","@id":"https:\/\/lestrictminimum.com\/product\/18-affiches-educatives\/#primaryimage","url":"https:\/\/i0.wp.com\/lestrictminimum.com\/wp-content\/uploads\/2024\/09\/il_fullxfull.5594001121_383h.webp?fit=2245%2C1588&ssl=1","contentUrl":"https:\/\/i0.wp.com\/lestrictminimum.com\/wp-content\/uploads\/2024\/09\/il_fullxfull.5594001121_383h.webp?fit=2245%2C1588&ssl=1","width":2245,"height":1588},{"@type":"BreadcrumbList","@id":"https:\/\/lestrictminimum.com\/product\/18-affiches-educatives\/#breadcrumb","itemListElement":[{"@type":"ListItem","position":1,"name":"Accueil","item":"https:\/\/lestrictminimum.com\/"},{"@type":"ListItem","position":2,"name":"18 Affiches \u00c9ducatives"}]},{"@type":"WebSite","@id":"http:\/\/box5125.temp.domains\/~lestrict\/#website","url":"http:\/\/box5125.temp.domains\/~lestrict\/","name":"Lestrictminimum","description":"Je suis Joannie de Le Strict Minimum, un site pour simplifier la vie : minimalisme, d\u00e9sencombrement et conseils pour une vie \u00e9pur\u00e9e.","publisher":{"@id":"http:\/\/box5125.temp.domains\/~lestrict\/#organization"},"potentialAction":[{"@type":"SearchAction","target":{"@type":"EntryPoint","urlTemplate":"http:\/\/box5125.temp.domains\/~lestrict\/?s={search_term_string}"},"query-input":{"@type":"PropertyValueSpecification","valueRequired":true,"valueName":"search_term_string"}}],"inLanguage":"en-US"},{"@type":"Organization","@id":"http:\/\/box5125.temp.domains\/~lestrict\/#organization","name":"Le strict minimum","url":"http:\/\/box5125.temp.domains\/~lestrict\/","logo":{"@type":"ImageObject","inLanguage":"en-US","@id":"http:\/\/box5125.temp.domains\/~lestrict\/#\/schema\/logo\/image\/","url":"https:\/\/i0.wp.com\/lestrictminimum.com\/wp-content\/uploads\/2024\/09\/cropped-cropped-Screenshot-2024-09-24-23.38.53-1.png?fit=639%2C268&ssl=1","contentUrl":"https:\/\/i0.wp.com\/lestrictminimum.com\/wp-content\/uploads\/2024\/09\/cropped-cropped-Screenshot-2024-09-24-23.38.53-1.png?fit=639%2C268&ssl=1","width":639,"height":268,"caption":"Le strict minimum"},"image":{"@id":"http:\/\/box5125.temp.domains\/~lestrict\/#\/schema\/logo\/image\/"},"sameAs":["https:\/\/www.facebook.com\/lestrictminimun","https:\/\/www.tiktok.com\/@lestrictminimum"]}]}},"jetpack-related-posts":[{"id":1059,"url":"https:\/\/lestrictminimum.com\/en\/product\/formation-de-desencombrement-module-d\/","url_meta":{"origin":849,"position":0},"title":"Formation de d\u00e9sencombrement &#8211; Module D","author":"lestrictminimum","date":"28 April 2025","format":false,"excerpt":"Ma formation de d\u00e9sencombrement inclut 12 vid\u00e9os exclusifs et un guide de plus de 70 pages avec de l\u2019accompagnement en suppl\u00e9ment pour vous permettre de transformer l\u2019enti\u00e8ret\u00e9 de votre espace de vie, pi\u00e8ce par pi\u00e8ce, en un lieu serein et \u00e9pur\u00e9. Avec des outils concrets et un accompagnement personnalis\u00e9, vous\u2026","rel":"","context":"Similar post","block_context":{"text":"Similar post","link":""},"img":{"alt_text":"","src":"https:\/\/i0.wp.com\/lestrictminimum.com\/wp-content\/uploads\/2025\/04\/MODULE-D-FORMATION.jpg?fit=1080%2C1080&ssl=1&resize=350%2C200","width":350,"height":200,"srcset":"https:\/\/i0.wp.com\/lestrictminimum.com\/wp-content\/uploads\/2025\/04\/MODULE-D-FORMATION.jpg?fit=1080%2C1080&ssl=1&resize=350%2C200 1x, https:\/\/i0.wp.com\/lestrictminimum.com\/wp-content\/uploads\/2025\/04\/MODULE-D-FORMATION.jpg?fit=1080%2C1080&ssl=1&resize=525%2C300 1.5x, https:\/\/i0.wp.com\/lestrictminimum.com\/wp-content\/uploads\/2025\/04\/MODULE-D-FORMATION.jpg?fit=1080%2C1080&ssl=1&resize=700%2C400 2x, https:\/\/i0.wp.com\/lestrictminimum.com\/wp-content\/uploads\/2025\/04\/MODULE-D-FORMATION.jpg?fit=1080%2C1080&ssl=1&resize=1050%2C600 3x"},"classes":[]},{"id":1055,"url":"https:\/\/lestrictminimum.com\/en\/product\/formation-de-desencombrement-module-c\/","url_meta":{"origin":849,"position":1},"title":"Formation de d\u00e9sencombrement &#8211; Module C","author":"lestrictminimum","date":"28 April 2025","format":false,"excerpt":"Ma formation de d\u00e9sencombrement inclut 12 vid\u00e9os exclusifs et un guide de plus de 70 pages avec de l\u2019accompagnement en suppl\u00e9ment pour vous permettre de transformer l\u2019enti\u00e8ret\u00e9 de votre espace de vie, pi\u00e8ce par pi\u00e8ce, en un lieu serein et \u00e9pur\u00e9. Avec des outils concrets et un accompagnement personnalis\u00e9, vous\u2026","rel":"","context":"Similar post","block_context":{"text":"Similar post","link":""},"img":{"alt_text":"","src":"https:\/\/i0.wp.com\/lestrictminimum.com\/wp-content\/uploads\/2025\/04\/MODULE-C-FORMATION.jpg?fit=1080%2C1080&ssl=1&resize=350%2C200","width":350,"height":200,"srcset":"https:\/\/i0.wp.com\/lestrictminimum.com\/wp-content\/uploads\/2025\/04\/MODULE-C-FORMATION.jpg?fit=1080%2C1080&ssl=1&resize=350%2C200 1x, https:\/\/i0.wp.com\/lestrictminimum.com\/wp-content\/uploads\/2025\/04\/MODULE-C-FORMATION.jpg?fit=1080%2C1080&ssl=1&resize=525%2C300 1.5x, https:\/\/i0.wp.com\/lestrictminimum.com\/wp-content\/uploads\/2025\/04\/MODULE-C-FORMATION.jpg?fit=1080%2C1080&ssl=1&resize=700%2C400 2x, https:\/\/i0.wp.com\/lestrictminimum.com\/wp-content\/uploads\/2025\/04\/MODULE-C-FORMATION.jpg?fit=1080%2C1080&ssl=1&resize=1050%2C600 3x"},"classes":[]},{"id":1049,"url":"https:\/\/lestrictminimum.com\/en\/product\/formation-de-desencombrement-a\/","url_meta":{"origin":849,"position":2},"title":"Formation de d\u00e9sencombrement &#8211; Module A","author":"lestrictminimum","date":"28 April 2025","format":false,"excerpt":"Ma formation de d\u00e9sencombrement inclut 12 vid\u00e9os exclusifs et un guide de plus de 70 pages avec de l\u2019accompagnement en suppl\u00e9ment pour vous permettre de transformer l\u2019enti\u00e8ret\u00e9 de votre espace de vie, pi\u00e8ce par pi\u00e8ce, en un lieu serein et \u00e9pur\u00e9. Avec des outils concrets et un accompagnement personnalis\u00e9, vous\u2026","rel":"","context":"Similar post","block_context":{"text":"Similar post","link":""},"img":{"alt_text":"","src":"https:\/\/i0.wp.com\/lestrictminimum.com\/wp-content\/uploads\/2025\/04\/MODULE-A-FORMATION.jpg?fit=1080%2C1080&ssl=1&resize=350%2C200","width":350,"height":200,"srcset":"https:\/\/i0.wp.com\/lestrictminimum.com\/wp-content\/uploads\/2025\/04\/MODULE-A-FORMATION.jpg?fit=1080%2C1080&ssl=1&resize=350%2C200 1x, https:\/\/i0.wp.com\/lestrictminimum.com\/wp-content\/uploads\/2025\/04\/MODULE-A-FORMATION.jpg?fit=1080%2C1080&ssl=1&resize=525%2C300 1.5x, https:\/\/i0.wp.com\/lestrictminimum.com\/wp-content\/uploads\/2025\/04\/MODULE-A-FORMATION.jpg?fit=1080%2C1080&ssl=1&resize=700%2C400 2x, https:\/\/i0.wp.com\/lestrictminimum.com\/wp-content\/uploads\/2025\/04\/MODULE-A-FORMATION.jpg?fit=1080%2C1080&ssl=1&resize=1050%2C600 3x"},"classes":[]},{"id":1052,"url":"https:\/\/lestrictminimum.com\/en\/product\/formation-de-desencombrement-module-b\/","url_meta":{"origin":849,"position":3},"title":"Formation de d\u00e9sencombrement &#8211; Module B","author":"lestrictminimum","date":"28 April 2025","format":false,"excerpt":"Ma formation de d\u00e9sencombrement inclut 12 vid\u00e9os exclusifs et un guide de plus de 70 pages avec de l\u2019accompagnement en suppl\u00e9ment pour vous permettre de transformer l\u2019enti\u00e8ret\u00e9 de votre espace de vie, pi\u00e8ce par pi\u00e8ce, en un lieu serein et \u00e9pur\u00e9. Avec des outils concrets et un accompagnement personnalis\u00e9, vous\u2026","rel":"","context":"Similar post","block_context":{"text":"Similar post","link":""},"img":{"alt_text":"","src":"https:\/\/i0.wp.com\/lestrictminimum.com\/wp-content\/uploads\/2025\/04\/MODULE-B-FORMATION.jpg?fit=1080%2C1080&ssl=1&resize=350%2C200","width":350,"height":200,"srcset":"https:\/\/i0.wp.com\/lestrictminimum.com\/wp-content\/uploads\/2025\/04\/MODULE-B-FORMATION.jpg?fit=1080%2C1080&ssl=1&resize=350%2C200 1x, https:\/\/i0.wp.com\/lestrictminimum.com\/wp-content\/uploads\/2025\/04\/MODULE-B-FORMATION.jpg?fit=1080%2C1080&ssl=1&resize=525%2C300 1.5x, https:\/\/i0.wp.com\/lestrictminimum.com\/wp-content\/uploads\/2025\/04\/MODULE-B-FORMATION.jpg?fit=1080%2C1080&ssl=1&resize=700%2C400 2x, https:\/\/i0.wp.com\/lestrictminimum.com\/wp-content\/uploads\/2025\/04\/MODULE-B-FORMATION.jpg?fit=1080%2C1080&ssl=1&resize=1050%2C600 3x"},"classes":[]},{"id":628,"url":"https:\/\/lestrictminimum.com\/en\/product\/defi-de-menage-du-printemps-desencombrement\/","url_meta":{"origin":849,"position":4},"title":"D\u00e9fi de m\u00e9nage du printemps","author":"lestrictminimum","date":"29 February 2024","format":false,"excerpt":"D\u00e9fi M\u00e9nage du Printemps \u2013 31 jours Profite d'un programme simple et efficace pour nettoyer et d\u00e9sencombrer ta maison, un jour \u00e0 la fois. Obtiens un guide et un calendrier d\u00e9taill\u00e9 pour faire ton m\u00e9nage quotidiennement, et retrouve un espace propre avant l\u2019arriv\u00e9e des beaux jours!","rel":"","context":"With 5 comments","block_context":{"text":"With 5 comments","link":"https:\/\/lestrictminimum.com\/en\/product\/defi-de-menage-du-printemps-desencombrement\/#comments"},"img":{"alt_text":"","src":"https:\/\/i0.wp.com\/lestrictminimum.com\/wp-content\/uploads\/2024\/02\/original-66F7AD67-E05B-4486-8530-B2B9BB625D96.png?fit=1080%2C1080&ssl=1&resize=350%2C200","width":350,"height":200,"srcset":"https:\/\/i0.wp.com\/lestrictminimum.com\/wp-content\/uploads\/2024\/02\/original-66F7AD67-E05B-4486-8530-B2B9BB625D96.png?fit=1080%2C1080&ssl=1&resize=350%2C200 1x, https:\/\/i0.wp.com\/lestrictminimum.com\/wp-content\/uploads\/2024\/02\/original-66F7AD67-E05B-4486-8530-B2B9BB625D96.png?fit=1080%2C1080&ssl=1&resize=525%2C300 1.5x, https:\/\/i0.wp.com\/lestrictminimum.com\/wp-content\/uploads\/2024\/02\/original-66F7AD67-E05B-4486-8530-B2B9BB625D96.png?fit=1080%2C1080&ssl=1&resize=700%2C400 2x, https:\/\/i0.wp.com\/lestrictminimum.com\/wp-content\/uploads\/2024\/02\/original-66F7AD67-E05B-4486-8530-B2B9BB625D96.png?fit=1080%2C1080&ssl=1&resize=1050%2C600 3x"},"classes":[]}],"jetpack_sharing_enabled":true,"_links":{"self":[{"href":"https:\/\/lestrictminimum.com\/en\/wp-json\/wp\/v2\/product\/849","targetHints":{"allow":["GET"]}}],"collection":[{"href":"https:\/\/lestrictminimum.com\/en\/wp-json\/wp\/v2\/product"}],"about":[{"href":"https:\/\/lestrictminimum.com\/en\/wp-json\/wp\/v2\/types\/product"}],"replies":[{"embeddable":true,"href":"https:\/\/lestrictminimum.com\/en\/wp-json\/wp\/v2\/comments?post=849"}],"wp:featuredmedia":[{"embeddable":true,"href":"https:\/\/lestrictminimum.com\/en\/wp-json\/wp\/v2\/media\/852"}],"wp:attachment":[{"href":"https:\/\/lestrictminimum.com\/en\/wp-json\/wp\/v2\/media?parent=849"}],"wp:term":[{"taxonomy":"product_brand","embeddable":true,"href":"https:\/\/lestrictminimum.com\/en\/wp-json\/wp\/v2\/product_brand?post=849"},{"taxonomy":"product_cat","embeddable":true,"href":"https:\/\/lestrictminimum.com\/en\/wp-json\/wp\/v2\/product_cat?post=849"},{"taxonomy":"product_tag","embeddable":true,"href":"https:\/\/lestrictminimum.com\/en\/wp-json\/wp\/v2\/product_tag?post=849"}],"curies":[{"name":"wp","href":"https:\/\/api.w.org\/{rel}","templated":true}]}}