{"id":916,"date":"2024-10-16T20:35:26","date_gmt":"2024-10-17T01:35:26","guid":{"rendered":"https:\/\/lestrictminimum.com\/?post_type=product&#038;p=916"},"modified":"2025-09-24T06:36:32","modified_gmt":"2025-09-24T11:36:32","slug":"formation-de-desencombrement","status":"publish","type":"product","link":"https:\/\/lestrictminimum.com\/en\/product\/formation-de-desencombrement\/","title":{"rendered":"Formation de d\u00e9sencombrement"},"content":{"rendered":"<div class=\"flex-shrink-0 flex flex-col relative items-end\">\n<div class=\"pt-0\">\n<div class=\"gizmo-bot-avatar flex h-8 w-8 items-center justify-center overflow-hidden rounded-full\">\n<div class=\"relative p-1 rounded-sm flex items-center justify-center bg-token-main-surface-primary text-token-text-primary h-8 w-8\">\n<p style=\"text-align: center;\">\ud83c\udf1f <strong>D\u00e9couvrez ma formation compl\u00e8te de d\u00e9sencombrement !<\/strong> \ud83c\udf1f<\/p>\n<p style=\"text-align: center;\">Transformez votre espace de vie en un lieu de s\u00e9r\u00e9nit\u00e9 et de simplicit\u00e9 gr\u00e2ce \u00e0 ce programme structur\u00e9 et personnalis\u00e9. Voici ce que vous trouverez dans cette formation :<\/p>\n<div style=\"width: 640px;\" class=\"wp-video\"><video class=\"wp-video-shortcode\" id=\"video-916-1\" width=\"640\" height=\"360\" poster=\"https:\/\/lestrictminimum.com\/wp-content\/uploads\/2024\/10\/maxresdefault-2.jpg\" preload=\"metadata\" controls=\"controls\"><source type=\"video\/mp4\" src=\"https:\/\/lestrictminimum.com\/wp-content\/uploads\/2024\/10\/Formation-de-DESENCOMBREMENT-Le-Strict-Minimum-pour-un-espace-de-vie-epure-et-MINIMALISTE.mp4?_=1\" \/><a href=\"https:\/\/lestrictminimum.com\/wp-content\/uploads\/2024\/10\/Formation-de-DESENCOMBREMENT-Le-Strict-Minimum-pour-un-espace-de-vie-epure-et-MINIMALISTE.mp4\">https:\/\/lestrictminimum.com\/wp-content\/uploads\/2024\/10\/Formation-de-DESENCOMBREMENT-Le-Strict-Minimum-pour-un-espace-de-vie-epure-et-MINIMALISTE.mp4<\/a><\/video><\/div>\n<p style=\"text-align: center;\">\ud83d\udcf9 <strong>12 Vid\u00e9os Exclusifs<\/strong><br \/>\nDes guides \u00e9tape par \u00e9tape pour vous aider \u00e0 d\u00e9sencombrer chaque pi\u00e8ce de votre maison.<\/p>\n<p style=\"text-align: center;\">\ud83d\udcda <strong>Document Imprimable de 70 Pages<\/strong><br \/>\nUn tr\u00e9sor d\u2019outils pratiques pour vous accompagner tout au long de votre parcours de d\u00e9sencombrement.<\/p>\n<p style=\"text-align: center;\">\ud83c\udfaf <strong>Objectifs Personnalis\u00e9s<\/strong><br \/>\n\u00c9tablissez des objectifs qui vous correspondent pour un processus de d\u00e9sencombrement en douceur.<\/p>\n<p style=\"text-align: center;\">\ud83c\udf3f <strong>Vivez sans stress ni surcharge !<\/strong><br \/>\nAtteignez enfin la tranquillit\u00e9 dans votre espace de vie.<\/p>\n<p style=\"text-align: center;\">\ud83d\udcdd <strong>Suppl\u00e9ments Optionnels<\/strong><br \/>\nAjoutez des s\u00e9ances d&#8217;accompagnement priv\u00e9 pour un soutien encore plus personnalis\u00e9.<\/p>\n<p>IMPORTANT: Il n&#8217;y a pas de groupe de motivation Facebook, cette partie de la formation a \u00e9t\u00e9 retir\u00e9 pour vous permettre d&#8217;acheter la formation \u00e0 un plus petit prix.<\/p>\n<blockquote class=\"wp-embedded-content\" data-secret=\"PWjAzwo08j\"><p><a href=\"https:\/\/lestrictminimum.com\/en\/product\/accompagnement-prive\/\">Accompagnement priv\u00e9<\/a><\/p><\/blockquote>\n<p><iframe class=\"wp-embedded-content\" sandbox=\"allow-scripts\" security=\"restricted\" style=\"position: absolute; visibility: hidden;\" title=\"&laquo; Accompagnement priv\u00e9 &raquo; &#8212; Lestrictminimum\" src=\"https:\/\/lestrictminimum.com\/product\/accompagnement-prive\/embed\/#?secret=madphYy29C#?secret=PWjAzwo08j\" data-secret=\"PWjAzwo08j\" width=\"600\" height=\"338\" frameborder=\"0\" marginwidth=\"0\" marginheight=\"0\" scrolling=\"no\"><\/iframe><\/p>\n<\/div>\n<div style=\"text-align: center;\"><\/div>\n<\/div>\n<\/div>\n<\/div>","protected":false},"excerpt":{"rendered":"<div class=\"flex-shrink-0 flex flex-col relative items-end\">\n<div class=\"pt-0\">\n<div class=\"gizmo-bot-avatar flex h-8 w-8 items-center justify-center overflow-hidden rounded-full\">\n<div class=\"relative p-1 rounded-sm flex items-center justify-center bg-token-main-surface-primary text-token-text-primary h-8 w-8\" style=\"text-align: center;\">Ma formation de d\u00e9sencombrement inclut 12 vid\u00e9os exclusifs et un guide de plus de 70 pages avec de l&#8217;accompagnement en suppl\u00e9ment pour vous permettre de transformer l&#8217;enti\u00e8ret\u00e9 de votre espace de vie, pi\u00e8ce par pi\u00e8ce, en un lieu serein et \u00e9pur\u00e9. Avec des outils concrets et un accompagnement personnalis\u00e9, vous parviendrez enfin \u00e0 cr\u00e9er un environnement apaisant, all\u00e9g\u00e9 de tout ce qui n&#8217;est pas essentiel.<\/div>\n<\/div>\n<\/div>\n<\/div>","protected":false},"featured_media":942,"comment_status":"closed","ping_status":"closed","template":"","meta":{"nf_dc_page":"","_monsterinsights_skip_tracking":false,"_monsterinsights_sitenote_active":false,"_monsterinsights_sitenote_note":"","_monsterinsights_sitenote_category":0,"jetpack_post_was_ever_published":false},"product_brand":[],"product_cat":[33],"product_tag":[],"class_list":{"0":"post-916","1":"product","2":"type-product","3":"status-publish","4":"has-post-thumbnail","6":"product_cat-minimalisme","8":"first","9":"instock","10":"downloadable","11":"virtual","12":"taxable","13":"purchasable","14":"product-type-simple"},"yoast_head":"<!-- This site is optimized with the Yoast SEO plugin v27.4 - https:\/\/yoast.com\/product\/yoast-seo-wordpress\/ -->\n<title>Formation de d\u00e9sencombrement - Lestrictminimum<\/title>\n<meta name=\"description\" content=\"Transformez votre espace en un lieu serein gr\u00e2ce \u00e0 12 vid\u00e9os, un guide d\u00e9taill\u00e9 et un accompagnement personnalis\u00e9, pour all\u00e9ger votre int\u00e9rieur et cr\u00e9er un environnement apaisant.\" \/>\n<meta name=\"robots\" content=\"index, follow, max-snippet:-1, max-image-preview:large, max-video-preview:-1\" \/>\n<link rel=\"canonical\" href=\"https:\/\/lestrictminimum.com\/en\/product\/formation-de-desencombrement\/\" \/>\n<meta property=\"og:locale\" content=\"en_US\" \/>\n<meta property=\"og:type\" content=\"article\" \/>\n<meta property=\"og:title\" content=\"Formation de d\u00e9sencombrement - Lestrictminimum\" \/>\n<meta property=\"og:description\" content=\"Transformez votre espace en un lieu serein gr\u00e2ce \u00e0 12 vid\u00e9os, un guide d\u00e9taill\u00e9 et un accompagnement personnalis\u00e9, pour all\u00e9ger votre int\u00e9rieur et cr\u00e9er un environnement apaisant.\" \/>\n<meta property=\"og:url\" content=\"https:\/\/lestrictminimum.com\/en\/product\/formation-de-desencombrement\/\" \/>\n<meta property=\"og:site_name\" content=\"Lestrictminimum\" \/>\n<meta property=\"article:publisher\" content=\"https:\/\/www.facebook.com\/lestrictminimun\" \/>\n<meta property=\"article:modified_time\" content=\"2025-09-24T11:36:32+00:00\" \/>\n<meta property=\"og:image\" content=\"https:\/\/lestrictminimum.com\/wp-content\/uploads\/2024\/10\/COUVERTURE-BOUTIQUE-FORMATION.jpg\" \/>\n\t<meta property=\"og:image:width\" content=\"1080\" \/>\n\t<meta property=\"og:image:height\" content=\"1080\" \/>\n\t<meta property=\"og:image:type\" content=\"image\/jpeg\" \/>\n<meta name=\"twitter:card\" content=\"summary_large_image\" \/>\n<meta name=\"twitter:label1\" content=\"Est. reading time\" \/>\n\t<meta name=\"twitter:data1\" content=\"1 minute\" \/>\n<script type=\"application\/ld+json\" class=\"yoast-schema-graph\">{\"@context\":\"https:\\\/\\\/schema.org\",\"@graph\":[{\"@type\":\"WebPage\",\"@id\":\"https:\\\/\\\/lestrictminimum.com\\\/product\\\/formation-de-desencombrement\\\/\",\"url\":\"https:\\\/\\\/lestrictminimum.com\\\/product\\\/formation-de-desencombrement\\\/\",\"name\":\"Formation de d\u00e9sencombrement - Lestrictminimum\",\"isPartOf\":{\"@id\":\"http:\\\/\\\/box5125.temp.domains\\\/~lestrict\\\/#website\"},\"primaryImageOfPage\":{\"@id\":\"https:\\\/\\\/lestrictminimum.com\\\/product\\\/formation-de-desencombrement\\\/#primaryimage\"},\"image\":{\"@id\":\"https:\\\/\\\/lestrictminimum.com\\\/product\\\/formation-de-desencombrement\\\/#primaryimage\"},\"thumbnailUrl\":\"https:\\\/\\\/i0.wp.com\\\/lestrictminimum.com\\\/wp-content\\\/uploads\\\/2024\\\/10\\\/COUVERTURE-BOUTIQUE-FORMATION.jpg?fit=1080%2C1080&ssl=1\",\"datePublished\":\"2024-10-17T01:35:26+00:00\",\"dateModified\":\"2025-09-24T11:36:32+00:00\",\"description\":\"Transformez votre espace en un lieu serein gr\u00e2ce \u00e0 12 vid\u00e9os, un guide d\u00e9taill\u00e9 et un accompagnement personnalis\u00e9, pour all\u00e9ger votre int\u00e9rieur et cr\u00e9er un environnement apaisant.\",\"breadcrumb\":{\"@id\":\"https:\\\/\\\/lestrictminimum.com\\\/product\\\/formation-de-desencombrement\\\/#breadcrumb\"},\"inLanguage\":\"en-US\",\"potentialAction\":[{\"@type\":\"ReadAction\",\"target\":[\"https:\\\/\\\/lestrictminimum.com\\\/product\\\/formation-de-desencombrement\\\/\"]}]},{\"@type\":\"ImageObject\",\"inLanguage\":\"en-US\",\"@id\":\"https:\\\/\\\/lestrictminimum.com\\\/product\\\/formation-de-desencombrement\\\/#primaryimage\",\"url\":\"https:\\\/\\\/i0.wp.com\\\/lestrictminimum.com\\\/wp-content\\\/uploads\\\/2024\\\/10\\\/COUVERTURE-BOUTIQUE-FORMATION.jpg?fit=1080%2C1080&ssl=1\",\"contentUrl\":\"https:\\\/\\\/i0.wp.com\\\/lestrictminimum.com\\\/wp-content\\\/uploads\\\/2024\\\/10\\\/COUVERTURE-BOUTIQUE-FORMATION.jpg?fit=1080%2C1080&ssl=1\",\"width\":1080,\"height\":1080},{\"@type\":\"BreadcrumbList\",\"@id\":\"https:\\\/\\\/lestrictminimum.com\\\/product\\\/formation-de-desencombrement\\\/#breadcrumb\",\"itemListElement\":[{\"@type\":\"ListItem\",\"position\":1,\"name\":\"Accueil\",\"item\":\"https:\\\/\\\/lestrictminimum.com\\\/\"},{\"@type\":\"ListItem\",\"position\":2,\"name\":\"Formation de d\u00e9sencombrement\"}]},{\"@type\":\"WebSite\",\"@id\":\"http:\\\/\\\/box5125.temp.domains\\\/~lestrict\\\/#website\",\"url\":\"http:\\\/\\\/box5125.temp.domains\\\/~lestrict\\\/\",\"name\":\"Lestrictminimum\",\"description\":\"Je suis Joannie de Le Strict Minimum, un site pour simplifier la vie : minimalisme, d\u00e9sencombrement et conseils pour une vie \u00e9pur\u00e9e.\",\"publisher\":{\"@id\":\"http:\\\/\\\/box5125.temp.domains\\\/~lestrict\\\/#organization\"},\"potentialAction\":[{\"@type\":\"SearchAction\",\"target\":{\"@type\":\"EntryPoint\",\"urlTemplate\":\"http:\\\/\\\/box5125.temp.domains\\\/~lestrict\\\/?s={search_term_string}\"},\"query-input\":{\"@type\":\"PropertyValueSpecification\",\"valueRequired\":true,\"valueName\":\"search_term_string\"}}],\"inLanguage\":\"en-US\"},{\"@type\":\"Organization\",\"@id\":\"http:\\\/\\\/box5125.temp.domains\\\/~lestrict\\\/#organization\",\"name\":\"Le strict minimum\",\"url\":\"http:\\\/\\\/box5125.temp.domains\\\/~lestrict\\\/\",\"logo\":{\"@type\":\"ImageObject\",\"inLanguage\":\"en-US\",\"@id\":\"http:\\\/\\\/box5125.temp.domains\\\/~lestrict\\\/#\\\/schema\\\/logo\\\/image\\\/\",\"url\":\"https:\\\/\\\/i0.wp.com\\\/lestrictminimum.com\\\/wp-content\\\/uploads\\\/2024\\\/09\\\/cropped-cropped-Screenshot-2024-09-24-23.38.53-1.png?fit=639%2C268&ssl=1\",\"contentUrl\":\"https:\\\/\\\/i0.wp.com\\\/lestrictminimum.com\\\/wp-content\\\/uploads\\\/2024\\\/09\\\/cropped-cropped-Screenshot-2024-09-24-23.38.53-1.png?fit=639%2C268&ssl=1\",\"width\":639,\"height\":268,\"caption\":\"Le strict minimum\"},\"image\":{\"@id\":\"http:\\\/\\\/box5125.temp.domains\\\/~lestrict\\\/#\\\/schema\\\/logo\\\/image\\\/\"},\"sameAs\":[\"https:\\\/\\\/www.facebook.com\\\/lestrictminimun\",\"https:\\\/\\\/www.tiktok.com\\\/@lestrictminimum\"]}]}<\/script>\n<!-- \/ Yoast SEO plugin. -->","yoast_head_json":{"title":"Formation de d\u00e9sencombrement - Lestrictminimum","description":"Transformez votre espace en un lieu serein gr\u00e2ce \u00e0 12 vid\u00e9os, un guide d\u00e9taill\u00e9 et un accompagnement personnalis\u00e9, pour all\u00e9ger votre int\u00e9rieur et cr\u00e9er un environnement apaisant.","robots":{"index":"index","follow":"follow","max-snippet":"max-snippet:-1","max-image-preview":"max-image-preview:large","max-video-preview":"max-video-preview:-1"},"canonical":"https:\/\/lestrictminimum.com\/en\/product\/formation-de-desencombrement\/","og_locale":"en_US","og_type":"article","og_title":"Formation de d\u00e9sencombrement - Lestrictminimum","og_description":"Transformez votre espace en un lieu serein gr\u00e2ce \u00e0 12 vid\u00e9os, un guide d\u00e9taill\u00e9 et un accompagnement personnalis\u00e9, pour all\u00e9ger votre int\u00e9rieur et cr\u00e9er un environnement apaisant.","og_url":"https:\/\/lestrictminimum.com\/en\/product\/formation-de-desencombrement\/","og_site_name":"Lestrictminimum","article_publisher":"https:\/\/www.facebook.com\/lestrictminimun","article_modified_time":"2025-09-24T11:36:32+00:00","og_image":[{"width":1080,"height":1080,"url":"https:\/\/lestrictminimum.com\/wp-content\/uploads\/2024\/10\/COUVERTURE-BOUTIQUE-FORMATION.jpg","type":"image\/jpeg"}],"twitter_card":"summary_large_image","twitter_misc":{"Est. reading time":"1 minute"},"schema":{"@context":"https:\/\/schema.org","@graph":[{"@type":"WebPage","@id":"https:\/\/lestrictminimum.com\/product\/formation-de-desencombrement\/","url":"https:\/\/lestrictminimum.com\/product\/formation-de-desencombrement\/","name":"Formation de d\u00e9sencombrement - Lestrictminimum","isPartOf":{"@id":"http:\/\/box5125.temp.domains\/~lestrict\/#website"},"primaryImageOfPage":{"@id":"https:\/\/lestrictminimum.com\/product\/formation-de-desencombrement\/#primaryimage"},"image":{"@id":"https:\/\/lestrictminimum.com\/product\/formation-de-desencombrement\/#primaryimage"},"thumbnailUrl":"https:\/\/i0.wp.com\/lestrictminimum.com\/wp-content\/uploads\/2024\/10\/COUVERTURE-BOUTIQUE-FORMATION.jpg?fit=1080%2C1080&ssl=1","datePublished":"2024-10-17T01:35:26+00:00","dateModified":"2025-09-24T11:36:32+00:00","description":"Transformez votre espace en un lieu serein gr\u00e2ce \u00e0 12 vid\u00e9os, un guide d\u00e9taill\u00e9 et un accompagnement personnalis\u00e9, pour all\u00e9ger votre int\u00e9rieur et cr\u00e9er un environnement apaisant.","breadcrumb":{"@id":"https:\/\/lestrictminimum.com\/product\/formation-de-desencombrement\/#breadcrumb"},"inLanguage":"en-US","potentialAction":[{"@type":"ReadAction","target":["https:\/\/lestrictminimum.com\/product\/formation-de-desencombrement\/"]}]},{"@type":"ImageObject","inLanguage":"en-US","@id":"https:\/\/lestrictminimum.com\/product\/formation-de-desencombrement\/#primaryimage","url":"https:\/\/i0.wp.com\/lestrictminimum.com\/wp-content\/uploads\/2024\/10\/COUVERTURE-BOUTIQUE-FORMATION.jpg?fit=1080%2C1080&ssl=1","contentUrl":"https:\/\/i0.wp.com\/lestrictminimum.com\/wp-content\/uploads\/2024\/10\/COUVERTURE-BOUTIQUE-FORMATION.jpg?fit=1080%2C1080&ssl=1","width":1080,"height":1080},{"@type":"BreadcrumbList","@id":"https:\/\/lestrictminimum.com\/product\/formation-de-desencombrement\/#breadcrumb","itemListElement":[{"@type":"ListItem","position":1,"name":"Accueil","item":"https:\/\/lestrictminimum.com\/"},{"@type":"ListItem","position":2,"name":"Formation de d\u00e9sencombrement"}]},{"@type":"WebSite","@id":"http:\/\/box5125.temp.domains\/~lestrict\/#website","url":"http:\/\/box5125.temp.domains\/~lestrict\/","name":"Lestrictminimum","description":"Je suis Joannie de Le Strict Minimum, un site pour simplifier la vie : minimalisme, d\u00e9sencombrement et conseils pour une vie \u00e9pur\u00e9e.","publisher":{"@id":"http:\/\/box5125.temp.domains\/~lestrict\/#organization"},"potentialAction":[{"@type":"SearchAction","target":{"@type":"EntryPoint","urlTemplate":"http:\/\/box5125.temp.domains\/~lestrict\/?s={search_term_string}"},"query-input":{"@type":"PropertyValueSpecification","valueRequired":true,"valueName":"search_term_string"}}],"inLanguage":"en-US"},{"@type":"Organization","@id":"http:\/\/box5125.temp.domains\/~lestrict\/#organization","name":"Le strict minimum","url":"http:\/\/box5125.temp.domains\/~lestrict\/","logo":{"@type":"ImageObject","inLanguage":"en-US","@id":"http:\/\/box5125.temp.domains\/~lestrict\/#\/schema\/logo\/image\/","url":"https:\/\/i0.wp.com\/lestrictminimum.com\/wp-content\/uploads\/2024\/09\/cropped-cropped-Screenshot-2024-09-24-23.38.53-1.png?fit=639%2C268&ssl=1","contentUrl":"https:\/\/i0.wp.com\/lestrictminimum.com\/wp-content\/uploads\/2024\/09\/cropped-cropped-Screenshot-2024-09-24-23.38.53-1.png?fit=639%2C268&ssl=1","width":639,"height":268,"caption":"Le strict minimum"},"image":{"@id":"http:\/\/box5125.temp.domains\/~lestrict\/#\/schema\/logo\/image\/"},"sameAs":["https:\/\/www.facebook.com\/lestrictminimun","https:\/\/www.tiktok.com\/@lestrictminimum"]}]}},"jetpack-related-posts":[{"id":1059,"url":"https:\/\/lestrictminimum.com\/en\/product\/formation-de-desencombrement-module-d\/","url_meta":{"origin":916,"position":0},"title":"Formation de d\u00e9sencombrement &#8211; Module D","author":"lestrictminimum","date":"28 April 2025","format":false,"excerpt":"Ma formation de d\u00e9sencombrement inclut 12 vid\u00e9os exclusifs et un guide de plus de 70 pages avec de l\u2019accompagnement en suppl\u00e9ment pour vous permettre de transformer l\u2019enti\u00e8ret\u00e9 de votre espace de vie, pi\u00e8ce par pi\u00e8ce, en un lieu serein et \u00e9pur\u00e9. Avec des outils concrets et un accompagnement personnalis\u00e9, vous\u2026","rel":"","context":"Similar post","block_context":{"text":"Similar post","link":""},"img":{"alt_text":"","src":"https:\/\/i0.wp.com\/lestrictminimum.com\/wp-content\/uploads\/2025\/04\/MODULE-D-FORMATION.jpg?fit=1080%2C1080&ssl=1&resize=350%2C200","width":350,"height":200,"srcset":"https:\/\/i0.wp.com\/lestrictminimum.com\/wp-content\/uploads\/2025\/04\/MODULE-D-FORMATION.jpg?fit=1080%2C1080&ssl=1&resize=350%2C200 1x, https:\/\/i0.wp.com\/lestrictminimum.com\/wp-content\/uploads\/2025\/04\/MODULE-D-FORMATION.jpg?fit=1080%2C1080&ssl=1&resize=525%2C300 1.5x, https:\/\/i0.wp.com\/lestrictminimum.com\/wp-content\/uploads\/2025\/04\/MODULE-D-FORMATION.jpg?fit=1080%2C1080&ssl=1&resize=700%2C400 2x, https:\/\/i0.wp.com\/lestrictminimum.com\/wp-content\/uploads\/2025\/04\/MODULE-D-FORMATION.jpg?fit=1080%2C1080&ssl=1&resize=1050%2C600 3x"},"classes":[]},{"id":1055,"url":"https:\/\/lestrictminimum.com\/en\/product\/formation-de-desencombrement-module-c\/","url_meta":{"origin":916,"position":1},"title":"Formation de d\u00e9sencombrement &#8211; Module C","author":"lestrictminimum","date":"28 April 2025","format":false,"excerpt":"Ma formation de d\u00e9sencombrement inclut 12 vid\u00e9os exclusifs et un guide de plus de 70 pages avec de l\u2019accompagnement en suppl\u00e9ment pour vous permettre de transformer l\u2019enti\u00e8ret\u00e9 de votre espace de vie, pi\u00e8ce par pi\u00e8ce, en un lieu serein et \u00e9pur\u00e9. Avec des outils concrets et un accompagnement personnalis\u00e9, vous\u2026","rel":"","context":"Similar post","block_context":{"text":"Similar post","link":""},"img":{"alt_text":"","src":"https:\/\/i0.wp.com\/lestrictminimum.com\/wp-content\/uploads\/2025\/04\/MODULE-C-FORMATION.jpg?fit=1080%2C1080&ssl=1&resize=350%2C200","width":350,"height":200,"srcset":"https:\/\/i0.wp.com\/lestrictminimum.com\/wp-content\/uploads\/2025\/04\/MODULE-C-FORMATION.jpg?fit=1080%2C1080&ssl=1&resize=350%2C200 1x, https:\/\/i0.wp.com\/lestrictminimum.com\/wp-content\/uploads\/2025\/04\/MODULE-C-FORMATION.jpg?fit=1080%2C1080&ssl=1&resize=525%2C300 1.5x, https:\/\/i0.wp.com\/lestrictminimum.com\/wp-content\/uploads\/2025\/04\/MODULE-C-FORMATION.jpg?fit=1080%2C1080&ssl=1&resize=700%2C400 2x, https:\/\/i0.wp.com\/lestrictminimum.com\/wp-content\/uploads\/2025\/04\/MODULE-C-FORMATION.jpg?fit=1080%2C1080&ssl=1&resize=1050%2C600 3x"},"classes":[]},{"id":1052,"url":"https:\/\/lestrictminimum.com\/en\/product\/formation-de-desencombrement-module-b\/","url_meta":{"origin":916,"position":2},"title":"Formation de d\u00e9sencombrement &#8211; Module B","author":"lestrictminimum","date":"28 April 2025","format":false,"excerpt":"Ma formation de d\u00e9sencombrement inclut 12 vid\u00e9os exclusifs et un guide de plus de 70 pages avec de l\u2019accompagnement en suppl\u00e9ment pour vous permettre de transformer l\u2019enti\u00e8ret\u00e9 de votre espace de vie, pi\u00e8ce par pi\u00e8ce, en un lieu serein et \u00e9pur\u00e9. Avec des outils concrets et un accompagnement personnalis\u00e9, vous\u2026","rel":"","context":"Similar post","block_context":{"text":"Similar post","link":""},"img":{"alt_text":"","src":"https:\/\/i0.wp.com\/lestrictminimum.com\/wp-content\/uploads\/2025\/04\/MODULE-B-FORMATION.jpg?fit=1080%2C1080&ssl=1&resize=350%2C200","width":350,"height":200,"srcset":"https:\/\/i0.wp.com\/lestrictminimum.com\/wp-content\/uploads\/2025\/04\/MODULE-B-FORMATION.jpg?fit=1080%2C1080&ssl=1&resize=350%2C200 1x, https:\/\/i0.wp.com\/lestrictminimum.com\/wp-content\/uploads\/2025\/04\/MODULE-B-FORMATION.jpg?fit=1080%2C1080&ssl=1&resize=525%2C300 1.5x, https:\/\/i0.wp.com\/lestrictminimum.com\/wp-content\/uploads\/2025\/04\/MODULE-B-FORMATION.jpg?fit=1080%2C1080&ssl=1&resize=700%2C400 2x, https:\/\/i0.wp.com\/lestrictminimum.com\/wp-content\/uploads\/2025\/04\/MODULE-B-FORMATION.jpg?fit=1080%2C1080&ssl=1&resize=1050%2C600 3x"},"classes":[]},{"id":1049,"url":"https:\/\/lestrictminimum.com\/en\/product\/formation-de-desencombrement-a\/","url_meta":{"origin":916,"position":3},"title":"Formation de d\u00e9sencombrement &#8211; Module A","author":"lestrictminimum","date":"28 April 2025","format":false,"excerpt":"Ma formation de d\u00e9sencombrement inclut 12 vid\u00e9os exclusifs et un guide de plus de 70 pages avec de l\u2019accompagnement en suppl\u00e9ment pour vous permettre de transformer l\u2019enti\u00e8ret\u00e9 de votre espace de vie, pi\u00e8ce par pi\u00e8ce, en un lieu serein et \u00e9pur\u00e9. Avec des outils concrets et un accompagnement personnalis\u00e9, vous\u2026","rel":"","context":"Similar post","block_context":{"text":"Similar post","link":""},"img":{"alt_text":"","src":"https:\/\/i0.wp.com\/lestrictminimum.com\/wp-content\/uploads\/2025\/04\/MODULE-A-FORMATION.jpg?fit=1080%2C1080&ssl=1&resize=350%2C200","width":350,"height":200,"srcset":"https:\/\/i0.wp.com\/lestrictminimum.com\/wp-content\/uploads\/2025\/04\/MODULE-A-FORMATION.jpg?fit=1080%2C1080&ssl=1&resize=350%2C200 1x, https:\/\/i0.wp.com\/lestrictminimum.com\/wp-content\/uploads\/2025\/04\/MODULE-A-FORMATION.jpg?fit=1080%2C1080&ssl=1&resize=525%2C300 1.5x, https:\/\/i0.wp.com\/lestrictminimum.com\/wp-content\/uploads\/2025\/04\/MODULE-A-FORMATION.jpg?fit=1080%2C1080&ssl=1&resize=700%2C400 2x, https:\/\/i0.wp.com\/lestrictminimum.com\/wp-content\/uploads\/2025\/04\/MODULE-A-FORMATION.jpg?fit=1080%2C1080&ssl=1&resize=1050%2C600 3x"},"classes":[]},{"id":839,"url":"https:\/\/lestrictminimum.com\/en\/product\/garde-robe-simplifie-decompte-des-morceaux-et-reflexion-de-tes-desirs\/","url_meta":{"origin":916,"position":4},"title":"Garde-Robe simplifi\u00e9 &#8211; D\u00e9compte des morceaux","author":"lestrictminimum","date":"24 September 2024","format":false,"excerpt":"L'outil essentiel pour cr\u00e9er la garde-robe de r\u00eave que tu souhaites! \u00c9value tes besoins, \u00e9limine le surplus encombrant et optimise tes v\u00eatements. Pr\u00e9pare-toi pour un d\u00e9sencombrement r\u00e9ussi!","rel":"","context":"Similar post","block_context":{"text":"Similar post","link":""},"img":{"alt_text":"","src":"https:\/\/i0.wp.com\/lestrictminimum.com\/wp-content\/uploads\/2024\/09\/il_fullxfull.5866213822_nfjo.webp?fit=1080%2C1080&ssl=1&resize=350%2C200","width":350,"height":200,"srcset":"https:\/\/i0.wp.com\/lestrictminimum.com\/wp-content\/uploads\/2024\/09\/il_fullxfull.5866213822_nfjo.webp?fit=1080%2C1080&ssl=1&resize=350%2C200 1x, https:\/\/i0.wp.com\/lestrictminimum.com\/wp-content\/uploads\/2024\/09\/il_fullxfull.5866213822_nfjo.webp?fit=1080%2C1080&ssl=1&resize=525%2C300 1.5x, https:\/\/i0.wp.com\/lestrictminimum.com\/wp-content\/uploads\/2024\/09\/il_fullxfull.5866213822_nfjo.webp?fit=1080%2C1080&ssl=1&resize=700%2C400 2x, https:\/\/i0.wp.com\/lestrictminimum.com\/wp-content\/uploads\/2024\/09\/il_fullxfull.5866213822_nfjo.webp?fit=1080%2C1080&ssl=1&resize=1050%2C600 3x"},"classes":[]},{"id":628,"url":"https:\/\/lestrictminimum.com\/en\/product\/defi-de-menage-du-printemps-desencombrement\/","url_meta":{"origin":916,"position":5},"title":"D\u00e9fi de m\u00e9nage du printemps","author":"lestrictminimum","date":"29 February 2024","format":false,"excerpt":"D\u00e9fi M\u00e9nage du Printemps \u2013 31 jours Profite d'un programme simple et efficace pour nettoyer et d\u00e9sencombrer ta maison, un jour \u00e0 la fois. Obtiens un guide et un calendrier d\u00e9taill\u00e9 pour faire ton m\u00e9nage quotidiennement, et retrouve un espace propre avant l\u2019arriv\u00e9e des beaux jours!","rel":"","context":"With 5 comments","block_context":{"text":"With 5 comments","link":"https:\/\/lestrictminimum.com\/en\/product\/defi-de-menage-du-printemps-desencombrement\/#comments"},"img":{"alt_text":"","src":"https:\/\/i0.wp.com\/lestrictminimum.com\/wp-content\/uploads\/2024\/02\/original-66F7AD67-E05B-4486-8530-B2B9BB625D96.png?fit=1080%2C1080&ssl=1&resize=350%2C200","width":350,"height":200,"srcset":"https:\/\/i0.wp.com\/lestrictminimum.com\/wp-content\/uploads\/2024\/02\/original-66F7AD67-E05B-4486-8530-B2B9BB625D96.png?fit=1080%2C1080&ssl=1&resize=350%2C200 1x, https:\/\/i0.wp.com\/lestrictminimum.com\/wp-content\/uploads\/2024\/02\/original-66F7AD67-E05B-4486-8530-B2B9BB625D96.png?fit=1080%2C1080&ssl=1&resize=525%2C300 1.5x, https:\/\/i0.wp.com\/lestrictminimum.com\/wp-content\/uploads\/2024\/02\/original-66F7AD67-E05B-4486-8530-B2B9BB625D96.png?fit=1080%2C1080&ssl=1&resize=700%2C400 2x, https:\/\/i0.wp.com\/lestrictminimum.com\/wp-content\/uploads\/2024\/02\/original-66F7AD67-E05B-4486-8530-B2B9BB625D96.png?fit=1080%2C1080&ssl=1&resize=1050%2C600 3x"},"classes":[]}],"jetpack_sharing_enabled":true,"_links":{"self":[{"href":"https:\/\/lestrictminimum.com\/en\/wp-json\/wp\/v2\/product\/916","targetHints":{"allow":["GET"]}}],"collection":[{"href":"https:\/\/lestrictminimum.com\/en\/wp-json\/wp\/v2\/product"}],"about":[{"href":"https:\/\/lestrictminimum.com\/en\/wp-json\/wp\/v2\/types\/product"}],"replies":[{"embeddable":true,"href":"https:\/\/lestrictminimum.com\/en\/wp-json\/wp\/v2\/comments?post=916"}],"wp:featuredmedia":[{"embeddable":true,"href":"https:\/\/lestrictminimum.com\/en\/wp-json\/wp\/v2\/media\/942"}],"wp:attachment":[{"href":"https:\/\/lestrictminimum.com\/en\/wp-json\/wp\/v2\/media?parent=916"}],"wp:term":[{"taxonomy":"product_brand","embeddable":true,"href":"https:\/\/lestrictminimum.com\/en\/wp-json\/wp\/v2\/product_brand?post=916"},{"taxonomy":"product_cat","embeddable":true,"href":"https:\/\/lestrictminimum.com\/en\/wp-json\/wp\/v2\/product_cat?post=916"},{"taxonomy":"product_tag","embeddable":true,"href":"https:\/\/lestrictminimum.com\/en\/wp-json\/wp\/v2\/product_tag?post=916"}],"curies":[{"name":"wp","href":"https:\/\/api.w.org\/{rel}","templated":true}]}}